{"id":7539,"date":"2025-03-08T17:11:45","date_gmt":"2025-03-08T17:11:45","guid":{"rendered":"https:\/\/bigfunhobby.com\/butikk\/14003-mississippi\/"},"modified":"2026-03-03T12:26:14","modified_gmt":"2026-03-03T10:26:14","slug":"14003-mississippi","status":"publish","type":"product","link":"https:\/\/bigfunhobby.com\/da\/butikk\/14003-mississippi\/","title":{"rendered":"14003 - Mississippi"},"content":{"rendered":"<p>Dyk ned i modelleringens verden med vores tr\u00e6skibsmodel, Mississippi 14003. Dette s\u00e6t giver dig mulighed for at genopleve en tid, hvor disse majest\u00e6tiske fart\u00f8jer sejlede p\u00e5 verdenshavene. Med omhyggelig opm\u00e6rksomhed p\u00e5 detaljer er reproduktionen af modellen tro mod originalen.<\/p>\n<p>Disse legendariske flodb\u00e5de sejlede p\u00e5 Mississippi i hele det 19. \u00e5rhundrede og fulgte en rute, der gik gennem de mest ikoniske byer ved floden, fra deres oprindelse i Lake Itasca, Minnesota, til flodens udmunding i New Orleans. De store, dampdrevne skovlhjul var det mest karakteristiske tr\u00e6k ved disse charmerende tr\u00e6b\u00e5de.<\/p>\n<p>Vores s\u00e6t indeholder alle de elementer, du skal bruge for at sikre realismen i din tr\u00e6skibsmodel, helt ned til den mindste t\u00e6nkelige maritime detalje. Uanset om du er en erfaren modelbygger eller lige er begyndt at udforske denne fascinerende hobby, er Mississippi 14003 en fantastisk model, der vil give dig mange timers kreativ fritid.<\/p>\n<ul>\n<li>Produktkategori: Tre-disk modeller<\/li>\n<li>Produktnavn: Mississippi 14003<\/li>\n<li>Materiale: Tr\u00e6<\/li>\n<\/ul>\n<p>Dyk ned i Mississippi-flodens historie og kultur med vores detaljerede skibsmodels\u00e6t i tr\u00e6. Det er et perfekt valg for alle modelbygningsentusiaster.<\/p>\n<p>Vent ikke l\u00e6ngere, begynd din rejse som modelbygger med tr\u00e6skibsmodellen Mississippi 14003. K\u00f8b her og oplev selv gl\u00e6den ved at modellere!<\/p>","protected":false},"excerpt":{"rendered":"<p>Mississippi 14003 er et detaljeret og realistisk skibsmodels\u00e6t i tr\u00e6, der er perfekt til b\u00e5de begyndere og erfarne modelbygningsentusiaster.<\/p>","protected":false},"featured_media":7538,"comment_status":"open","ping_status":"closed","template":"","meta":[],"product_brand":[95],"product_cat":[67],"product_tag":[],"class_list":{"0":"post-7539","1":"product","2":"type-product","3":"status-publish","4":"has-post-thumbnail","6":"product_brand-occre","7":"product_cat-bater-occre","9":"first","10":"instock","11":"taxable","12":"shipping-taxable","13":"purchasable","14":"product-type-simple"},"_links":{"self":[{"href":"https:\/\/bigfunhobby.com\/da\/wp-json\/wp\/v2\/product\/7539","targetHints":{"allow":["GET"]}}],"collection":[{"href":"https:\/\/bigfunhobby.com\/da\/wp-json\/wp\/v2\/product"}],"about":[{"href":"https:\/\/bigfunhobby.com\/da\/wp-json\/wp\/v2\/types\/product"}],"replies":[{"embeddable":true,"href":"https:\/\/bigfunhobby.com\/da\/wp-json\/wp\/v2\/comments?post=7539"}],"wp:featuredmedia":[{"embeddable":true,"href":"https:\/\/bigfunhobby.com\/da\/wp-json\/wp\/v2\/media\/7538"}],"wp:attachment":[{"href":"https:\/\/bigfunhobby.com\/da\/wp-json\/wp\/v2\/media?parent=7539"}],"wp:term":[{"taxonomy":"product_brand","embeddable":true,"href":"https:\/\/bigfunhobby.com\/da\/wp-json\/wp\/v2\/product_brand?post=7539"},{"taxonomy":"product_cat","embeddable":true,"href":"https:\/\/bigfunhobby.com\/da\/wp-json\/wp\/v2\/product_cat?post=7539"},{"taxonomy":"product_tag","embeddable":true,"href":"https:\/\/bigfunhobby.com\/da\/wp-json\/wp\/v2\/product_tag?post=7539"}],"curies":[{"name":"wp","href":"https:\/\/api.w.org\/{rel}","templated":true}]}}