{"id":7543,"date":"2025-03-08T17:11:46","date_gmt":"2025-03-08T17:11:46","guid":{"rendered":"https:\/\/bigfunhobby.com\/butikk\/santisima-trinidad-1-90\/"},"modified":"2026-03-03T12:26:14","modified_gmt":"2026-03-03T10:26:14","slug":"santisima-trinidad-1-90","status":"publish","type":"product","link":"https:\/\/bigfunhobby.com\/da\/butikk\/santisima-trinidad-1-90\/","title":{"rendered":"Santisima Trinidad 1\/90"},"content":{"rendered":"<p>Dykk inn i modellbyggingens verden med v\u00e5r detaljerte reproduksjon av Santisima Trinidad. Dette byggesettet gir deg muligheten til \u00e5 bygge en tro kopi av det historiske krigsskipet, som er kjent som et av de st\u00f8rste krigsskipene fra det 18. \u00e5rhundret. Med en skala p\u00e5 1\/90, vil denne treskipsmodellen v\u00e6re et imponerende tilskudd til enhver samling.<\/p>\n<p><strong>Historien om Santisima Trinidad skipet<\/strong><\/p>\n<p>Santisima Trinidad ble bygget i Havana og sj\u00f8satt 2. mars 1769. Med sine 130 kanoner, var hun det st\u00f8rste krigsskipet i det 18. \u00e5rhundret. Etter \u00e5 ha deltatt i alle sj\u00f8krigene p\u00e5 slutten av 1700-tallet og tidlig 1800-tallet, deltok hun i slaget ved Trafalgar under kommando av viseadmiral Cisneros. Her utf\u00f8rte hun sin siste tjeneste da hun mistet mastene til den engelske fl\u00e5ten.<\/p>\n<p><strong>Spesifikasjoner for Santisima Trinidad byggesett<\/strong><\/p>\n<ul>\n<li>Skala: 1\/90<\/li>\n<li>Bredde: 415 mm<\/li>\n<li>H\u00f8yde: 876 mm<\/li>\n<li>Lengde: 1060 mm<\/li>\n<li>Vanskelighetsgrad: H\u00f8y<\/li>\n<li>Dobbel kledning: Nei<\/li>\n<\/ul>\n<p>V\u00e5re byggesett leveres med alle n\u00f8dvendige elementer for \u00e5 gj\u00f8re din skalamodell s\u00e5 realistisk som mulig, ned til de mest spesifikke maritime detaljene du kan tenke deg. Dette byggesettet er ideelt for erfarne modellbyggere som setter pris p\u00e5 detaljer og autentisitet.<\/p>\n<p>Vi h\u00e5per du vil finne glede i byggingen av denne fantastiske treskipsmodellen. La din kreativitet blomstre og opplev mange timer med kreativt h\u00e5ndverk. Bestill ditt Santisima Trinidad byggesett i dag, og start eventyret med modellbygging!<\/p>","protected":false},"excerpt":{"rendered":"<p>Opplev gleden av modellbygging med v\u00e5rt byggesett av Santisima Trinidad, et av det 18. \u00e5rhundrets st\u00f8rste krigsskip. Byggesettet leveres i skala 1\/90 og passer for erfarne modellbyggere.<\/p>","protected":false},"featured_media":7542,"comment_status":"open","ping_status":"closed","template":"","meta":[],"product_brand":[95],"product_cat":[67],"product_tag":[],"class_list":{"0":"post-7543","1":"product","2":"type-product","3":"status-publish","4":"has-post-thumbnail","6":"product_brand-occre","7":"product_cat-bater-occre","9":"first","10":"instock","11":"taxable","12":"shipping-taxable","13":"purchasable","14":"product-type-simple"},"_links":{"self":[{"href":"https:\/\/bigfunhobby.com\/da\/wp-json\/wp\/v2\/product\/7543","targetHints":{"allow":["GET"]}}],"collection":[{"href":"https:\/\/bigfunhobby.com\/da\/wp-json\/wp\/v2\/product"}],"about":[{"href":"https:\/\/bigfunhobby.com\/da\/wp-json\/wp\/v2\/types\/product"}],"replies":[{"embeddable":true,"href":"https:\/\/bigfunhobby.com\/da\/wp-json\/wp\/v2\/comments?post=7543"}],"wp:featuredmedia":[{"embeddable":true,"href":"https:\/\/bigfunhobby.com\/da\/wp-json\/wp\/v2\/media\/7542"}],"wp:attachment":[{"href":"https:\/\/bigfunhobby.com\/da\/wp-json\/wp\/v2\/media?parent=7543"}],"wp:term":[{"taxonomy":"product_brand","embeddable":true,"href":"https:\/\/bigfunhobby.com\/da\/wp-json\/wp\/v2\/product_brand?post=7543"},{"taxonomy":"product_cat","embeddable":true,"href":"https:\/\/bigfunhobby.com\/da\/wp-json\/wp\/v2\/product_cat?post=7543"},{"taxonomy":"product_tag","embeddable":true,"href":"https:\/\/bigfunhobby.com\/da\/wp-json\/wp\/v2\/product_tag?post=7543"}],"curies":[{"name":"wp","href":"https:\/\/api.w.org\/{rel}","templated":true}]}}