{"id":7545,"date":"2025-03-08T17:11:47","date_gmt":"2025-03-08T17:11:47","guid":{"rendered":"https:\/\/bigfunhobby.com\/butikk\/61001-ulises-tug-boat\/"},"modified":"2026-03-03T12:26:14","modified_gmt":"2026-03-03T10:26:14","slug":"61001-ulises-slaebebad","status":"publish","type":"product","link":"https:\/\/bigfunhobby.com\/da\/butikk\/61001-ulises-tug-boat\/","title":{"rendered":"61001 - Ulises sl\u00e6beb\u00e5d"},"content":{"rendered":"<p>Tag p\u00e5 en historisk rejse tilbage til 60'erne med Ulises Tug Boat-s\u00e6ttet. Med dette skalamodels\u00e6t kan du bygge en tro kopi af en havg\u00e5ende sl\u00e6beb\u00e5d, et skib, der spillede en vigtig rolle i datidens intense skibstrafik.<\/p>\n<p><strong>Specifikationer:<\/strong><\/p>\n<ul>\n<li>Skala: 1\/30<\/li>\n<li>L\u00e6ngde: 830 mm<\/li>\n<li>Bredde: 180 mm<\/li>\n<li>H\u00f8jde: 400 mm<\/li>\n<\/ul>\n<p>I 1960'erne, da skibsfarten var p\u00e5 sit h\u00f8jeste, var sl\u00e6beb\u00e5de som Ulises uundv\u00e6rlige for at hj\u00e6lpe skibe, der var kommet i vanskeligheder. Skibene p\u00e5 dette tidspunkt var hovedsageligt lavet af metal, men med indslag af tr\u00e6 i bes\u00e6tningsomr\u00e5derne for at \u00f8ge komforten. Det resulterede i arbejdsskibe med en unik sk\u00f8nhed.<\/p>\n<p>Med Ulises Tug Boat-s\u00e6ttet kan du nu genskabe denne sk\u00f8nhed ned til mindste detalje. Bem\u00e6rk, at RC-systemet ikke er inkluderet i s\u00e6ttet og skal k\u00f8bes separat.<\/p>\n<p>Uanset om du er en erfaren modelbygger eller en nybegynder, vil du finde gl\u00e6de ved at samle denne plastikmodel. G\u00e5 p\u00e5 opdagelse i vores udvalg af bygges\u00e6t og skalamodeller, og lad dig rive med af denne kreative fritidsaktivitet.<\/p>\n<p>Se vores udvalg, og bestil dit Ulises Tug Boat-s\u00e6t i dag, s\u00e5 du kan komme i gang med din modelbygning.<\/p>","protected":false},"excerpt":{"rendered":"<p>Dyk ned i modelskibenes verden med Ulises Tug Boat i skala 1\/30. S\u00e6ttet forestiller en sl\u00e6beb\u00e5d fra 1960'erne og giver b\u00e5de begyndere og erfarne entusiaster en detaljeret og sp\u00e6ndende byggeoplevelse.<\/p>","protected":false},"featured_media":7544,"comment_status":"open","ping_status":"closed","template":"","meta":[],"product_brand":[95],"product_cat":[67],"product_tag":[],"class_list":{"0":"post-7545","1":"product","2":"type-product","3":"status-publish","4":"has-post-thumbnail","6":"product_brand-occre","7":"product_cat-bater-occre","9":"first","10":"outofstock","11":"taxable","12":"shipping-taxable","13":"purchasable","14":"product-type-simple"},"_links":{"self":[{"href":"https:\/\/bigfunhobby.com\/da\/wp-json\/wp\/v2\/product\/7545","targetHints":{"allow":["GET"]}}],"collection":[{"href":"https:\/\/bigfunhobby.com\/da\/wp-json\/wp\/v2\/product"}],"about":[{"href":"https:\/\/bigfunhobby.com\/da\/wp-json\/wp\/v2\/types\/product"}],"replies":[{"embeddable":true,"href":"https:\/\/bigfunhobby.com\/da\/wp-json\/wp\/v2\/comments?post=7545"}],"wp:featuredmedia":[{"embeddable":true,"href":"https:\/\/bigfunhobby.com\/da\/wp-json\/wp\/v2\/media\/7544"}],"wp:attachment":[{"href":"https:\/\/bigfunhobby.com\/da\/wp-json\/wp\/v2\/media?parent=7545"}],"wp:term":[{"taxonomy":"product_brand","embeddable":true,"href":"https:\/\/bigfunhobby.com\/da\/wp-json\/wp\/v2\/product_brand?post=7545"},{"taxonomy":"product_cat","embeddable":true,"href":"https:\/\/bigfunhobby.com\/da\/wp-json\/wp\/v2\/product_cat?post=7545"},{"taxonomy":"product_tag","embeddable":true,"href":"https:\/\/bigfunhobby.com\/da\/wp-json\/wp\/v2\/product_tag?post=7545"}],"curies":[{"name":"wp","href":"https:\/\/api.w.org\/{rel}","templated":true}]}}