{"id":7549,"date":"2025-03-08T17:11:48","date_gmt":"2025-03-08T17:11:48","guid":{"rendered":"https:\/\/bigfunhobby.com\/butikk\/175-smit-rotterdam-wooden-hull\/"},"modified":"2025-12-04T10:59:06","modified_gmt":"2025-12-04T08:59:06","slug":"175-smit-rotterdam-wooden-hull","status":"publish","type":"product","link":"https:\/\/bigfunhobby.com\/da\/butikk\/175-smit-rotterdam-wooden-hull\/","title":{"rendered":"1:75 Smit Rotterdam &#8211; wooden hull"},"content":{"rendered":"<p>Dykk ned i verdenen av modellbygging med dette detaljerte byggesettet av 1:75 Smit Rotterdam. Som en trofast reproduksjon av verdens st\u00f8rste og sterkeste slepeb\u00e5t ved sin ferdigstillelse i 1975, er dette treskipsmodell settet perfekt for b\u00e5de nybegynnere og erfarne modellbyggere.<\/p>\n<p><strong>Specifikationer:<\/strong><\/p>\n<ul>\n<li>Skala: 1\/75<\/li>\n<li>Vanskelighetsgrad: Ekspert<\/li>\n<li>Lengde: 90 cm<\/li>\n<li>Bredde: 20 cm<\/li>\n<li>H\u00f8jde: 50 cm<\/li>\n<\/ul>\n<p>Dette byggesettet kommer med laserskj\u00e6rte tredeler og andre detaljer i egnet materiale for en realistisk byggeopplevelse. Merk at lim, verkt\u00f8y og lakk\/maling ikke er inkludert og m\u00e5 kj\u00f8pes separat.<\/p>\n<p><strong>Historie:<\/strong><br \/>\nSmit Rotterdam ble bygget i 1975 for Smit International BV i Holland og var ved sin ferdigstillelse verdens st\u00f8rste og sterkeste slepeb\u00e5t. Skipet er oppbygd med bulbstevn og stevnstr\u00e5le-ror, og det innenbords utstyret omfattet det siste innen for navigasjon, styring og radiokommunikasjon.<\/p>\n<p>Ved hjelp av v\u00e5rt byggesett kan du reprodusere denne historiske b\u00e5ten i skalaen 1:75. Modellen kan ogs\u00e5 bygges til \u00e5 bli radiostyrt, men utstyr for dette er ikke inkludert.<\/p>\n<p>For \u00e5 f\u00e5 det beste resultatet anbefaler vi f\u00f8lgende farger fra Billing Boats:<\/p>\n<ul>\n<li>Fakturering nr. 1 Hvid<\/li>\n<li>Billing No 2 Duck Egg Blue<\/li>\n<li>Billing No 5 Tan<\/li>\n<li>Billing No 8 Brunswick<\/li>\n<li>Billing No 9 Bright Red<\/li>\n<li>Fakturering nr. 11 Sort<\/li>\n<li>Billing No 12 Pale Grey<\/li>\n<li>Billing No 13 Trainer Yellow<\/li>\n<li>Billing No 18 Mediterranean Blue<\/li>\n<\/ul>\n<p>Utforsk en verden av detaljer og historie med dette byggesettet av 1:75 Smit Rotterdam. Perfekt for dem som elsker modellbygging og historiske skip. Kj\u00f8p ditt byggesett i dag og start ditt neste modellbyggingsprosjekt!<\/p>","protected":false},"excerpt":{"rendered":"<p>Opplev gleden av modellbygging med 1:75 Smit Rotterdam treskipsmodell. Med detaljerte laserskj\u00e6rte tredeler, tilbyr dette byggesettet en autentisk og utfordrende byggeopplevelse for entusiastiske modellbyggere.<\/p>","protected":false},"featured_media":7548,"comment_status":"open","ping_status":"closed","template":"","meta":[],"product_brand":[96],"product_cat":[53],"product_tag":[],"class_list":{"0":"post-7549","1":"product","2":"type-product","3":"status-publish","4":"has-post-thumbnail","6":"product_brand-billing-boats","7":"product_cat-bater-billing-boats","9":"first","10":"instock","11":"taxable","12":"shipping-taxable","13":"purchasable","14":"product-type-simple"},"_links":{"self":[{"href":"https:\/\/bigfunhobby.com\/da\/wp-json\/wp\/v2\/product\/7549","targetHints":{"allow":["GET"]}}],"collection":[{"href":"https:\/\/bigfunhobby.com\/da\/wp-json\/wp\/v2\/product"}],"about":[{"href":"https:\/\/bigfunhobby.com\/da\/wp-json\/wp\/v2\/types\/product"}],"replies":[{"embeddable":true,"href":"https:\/\/bigfunhobby.com\/da\/wp-json\/wp\/v2\/comments?post=7549"}],"wp:featuredmedia":[{"embeddable":true,"href":"https:\/\/bigfunhobby.com\/da\/wp-json\/wp\/v2\/media\/7548"}],"wp:attachment":[{"href":"https:\/\/bigfunhobby.com\/da\/wp-json\/wp\/v2\/media?parent=7549"}],"wp:term":[{"taxonomy":"product_brand","embeddable":true,"href":"https:\/\/bigfunhobby.com\/da\/wp-json\/wp\/v2\/product_brand?post=7549"},{"taxonomy":"product_cat","embeddable":true,"href":"https:\/\/bigfunhobby.com\/da\/wp-json\/wp\/v2\/product_cat?post=7549"},{"taxonomy":"product_tag","embeddable":true,"href":"https:\/\/bigfunhobby.com\/da\/wp-json\/wp\/v2\/product_tag?post=7549"}],"curies":[{"name":"wp","href":"https:\/\/api.w.org\/{rel}","templated":true}]}}