{"id":7551,"date":"2025-03-08T17:11:48","date_gmt":"2025-03-08T17:11:48","guid":{"rendered":"https:\/\/bigfunhobby.com\/butikk\/1100-uss-constitution-wooden-hull\/"},"modified":"2025-12-04T10:59:06","modified_gmt":"2025-12-04T08:59:06","slug":"1100-uss-constitution-traeskrog","status":"publish","type":"product","link":"https:\/\/bigfunhobby.com\/da\/butikk\/1100-uss-constitution-wooden-hull\/","title":{"rendered":"1:100 USS Constitution - tr\u00e6skrog"},"content":{"rendered":"<p>Vi pr\u00e6senterer s\u00e6ttet af det ikoniske USS Constitution, en minuti\u00f8st detaljeret tr\u00e6skibsmodel i skala 1:100. Dette er en unik mulighed for at dykke ned i modelverdenen og udforske den maritime historie.<\/p>\n<p>USS Constitution er en tremastet tung fregat med tre skrog i den amerikanske fl\u00e5de. Hun blev opkaldt af pr\u00e6sident George Washington efter USA's forfatning og er verdens \u00e6ldste flydende fl\u00e5defart\u00f8j. Hun blev s\u00f8sat i 1797 p\u00e5 Constitution Day og var en af de oprindelige seks fregatter, der blev godkendt til at blive bygget i henhold til Naval Act fra 1794.<\/p>\n<p><strong>Specifikationer:<\/strong><\/p>\n<ul>\n<li>M\u00e5lestok: 1:100<\/li>\n<li>Type: Tredelt model<\/li>\n<li>Historisk betydning: Verdens \u00e6ldste flydende fl\u00e5defart\u00f8j i drift<\/li>\n<\/ul>\n<p>S\u00e6ttet giver dig en autentisk oplevelse af det h\u00e5ndv\u00e6rk og den kunst, der ligger i at bygge et tr\u00e6skib. Materialerne er af h\u00f8j kvalitet, og detaljerne er n\u00f8je gennemt\u00e6nkt for at give en realistisk skalamodel af USS Constitution.<\/p>\n<p>Uanset om du er en erfaren modelbygger, eller det er dit f\u00f8rste s\u00e6t, giver USS Constitution dig en unik mulighed for at udforske modelbygningens fascinerende verden. Perfekt som gave til dig selv eller en, du holder af.<\/p>\n<p>S\u00e5 hvad venter du p\u00e5? Tr\u00e6d ind i modelbygningens verden med dette eksklusive USS Constitution-s\u00e6t. Bestil det nu!<\/p>","protected":false},"excerpt":{"rendered":"<p>Bygges\u00e6t af USS Constitution, en historisk tr\u00e6skibsmodel i skala 1:100 med tr\u00e6skrog. Perfekt til entusiaster af modelbygning og maritim historie.<\/p>","protected":false},"featured_media":7550,"comment_status":"open","ping_status":"closed","template":"","meta":[],"product_brand":[96],"product_cat":[53],"product_tag":[],"class_list":{"0":"post-7551","1":"product","2":"type-product","3":"status-publish","4":"has-post-thumbnail","6":"product_brand-billing-boats","7":"product_cat-bater-billing-boats","9":"first","10":"instock","11":"taxable","12":"shipping-taxable","13":"purchasable","14":"product-type-simple"},"_links":{"self":[{"href":"https:\/\/bigfunhobby.com\/da\/wp-json\/wp\/v2\/product\/7551","targetHints":{"allow":["GET"]}}],"collection":[{"href":"https:\/\/bigfunhobby.com\/da\/wp-json\/wp\/v2\/product"}],"about":[{"href":"https:\/\/bigfunhobby.com\/da\/wp-json\/wp\/v2\/types\/product"}],"replies":[{"embeddable":true,"href":"https:\/\/bigfunhobby.com\/da\/wp-json\/wp\/v2\/comments?post=7551"}],"wp:featuredmedia":[{"embeddable":true,"href":"https:\/\/bigfunhobby.com\/da\/wp-json\/wp\/v2\/media\/7550"}],"wp:attachment":[{"href":"https:\/\/bigfunhobby.com\/da\/wp-json\/wp\/v2\/media?parent=7551"}],"wp:term":[{"taxonomy":"product_brand","embeddable":true,"href":"https:\/\/bigfunhobby.com\/da\/wp-json\/wp\/v2\/product_brand?post=7551"},{"taxonomy":"product_cat","embeddable":true,"href":"https:\/\/bigfunhobby.com\/da\/wp-json\/wp\/v2\/product_cat?post=7551"},{"taxonomy":"product_tag","embeddable":true,"href":"https:\/\/bigfunhobby.com\/da\/wp-json\/wp\/v2\/product_tag?post=7551"}],"curies":[{"name":"wp","href":"https:\/\/api.w.org\/{rel}","templated":true}]}}