{"id":7553,"date":"2025-03-08T17:11:49","date_gmt":"2025-03-08T17:11:49","guid":{"rendered":"https:\/\/bigfunhobby.com\/butikk\/1100-fregatten-jylland-limited-edition-wooden-hull\/"},"modified":"2025-12-04T10:59:06","modified_gmt":"2025-12-04T08:59:06","slug":"1100-fregatten-jylland-limited-edition-wooden-hull","status":"publish","type":"product","link":"https:\/\/bigfunhobby.com\/da\/butikk\/1100-fregatten-jylland-limited-edition-wooden-hull\/","title":{"rendered":"1:100 FREGATTEN JYLLAND LIMITED EDITION - TR\u00c6SKROG"},"content":{"rendered":"<p>Dykk ned i historien med v\u00e5rt treskipsmodell av den danske fregatten Jylland. Dette byggesettet gir deg muligheten til \u00e5 bygge en skalamodell av det historiske krigsskipet som ble sj\u00f8satt i januar 1860. Skipet var det siste danske krigsskipet bygget i eik og det f\u00f8rste dampdrevne i den danske marine, en imponerende blanding av gammel og ny teknologi.<\/p>\n<p>Spesifikasjoner for byggesettet inkluderer:<\/p>\n<ul>\n<li>Skala: 1\/100<\/li>\n<li>Vanskelighetsgrad: Ekspert<\/li>\n<li>Lengde: 101 cm<\/li>\n<li>Bredde: 13 cm<\/li>\n<li>H\u00f8yde: 63 cm<\/li>\n<\/ul>\n<p>Dette byggesettet i tre har laserskj\u00e6rte tredeler og \u00f8vrige detaljer i egnet materiale. Lim, verkt\u00f8y og lakk\/maling er n\u00f8dvendig for \u00e5 fullf\u00f8re modellen, men er ikke inkludert i settet.<\/p>\n<p>Fregatten Jylland har en rik historie. Den kjempet i Slaget ved Helgoland mot en fl\u00e5te av \u00f8sterrikske og pr\u00f8yssiske skip i 1864. Kong Christian IX brukte skipet p\u00e5 ulike bes\u00f8k til Island og Russland. Etter flere \u00e5r med restaureringsarbeid, ble Fregatten Jylland \u00e5pnet for publikum, og er definitivt verdt et bes\u00f8k for de med interesse for skip og livet til sj\u00f8s.<\/p>\n<p>For \u00e5 oppn\u00e5 en autentisk finish anbefales f\u00f8lgende farger:<\/p>\n<ul>\n<li>Fakturering nr. 1 Hvid<\/li>\n<li>Fakturering nr. 3 Emerald<\/li>\n<li>Billing No 9 Bright Red<\/li>\n<li>Fakturering nr. 11 Sort<\/li>\n<li>Billing No 13 Trainer Yellow<\/li>\n<li>Billing No 15 Silver<\/li>\n<li>Billing No 17 Clear Gloss<\/li>\n<li>Billing No 23 Copper<\/li>\n<\/ul>\n<p>Enten du er en erfaren modellbygger eller en entusiastisk nybegynner, er dette treskipsbyggesettet en fantastisk mulighet til \u00e5 fordype deg i en givende hobby. Ikke vent, bestill ditt byggesett n\u00e5 og start reisen mot en detaljert og historisk korrekt skalamodell av Fregatten Jylland.<\/p>","protected":false},"excerpt":{"rendered":"<p>Ta steget inn i modellbyggingsverdenen med dette detaljerte treskipsbyggesettet, 1:100 Fregatten Jylland Limited Edition med trehull. Opplev gleden ved \u00e5 bygge en historisk skalamodell som passer for b\u00e5de nybegynnere og erfarne entusiaster.<\/p>","protected":false},"featured_media":7552,"comment_status":"open","ping_status":"closed","template":"","meta":[],"product_brand":[96],"product_cat":[53],"product_tag":[],"class_list":{"0":"post-7553","1":"product","2":"type-product","3":"status-publish","4":"has-post-thumbnail","6":"product_brand-billing-boats","7":"product_cat-bater-billing-boats","9":"first","10":"instock","11":"taxable","12":"shipping-taxable","13":"purchasable","14":"product-type-simple"},"_links":{"self":[{"href":"https:\/\/bigfunhobby.com\/da\/wp-json\/wp\/v2\/product\/7553","targetHints":{"allow":["GET"]}}],"collection":[{"href":"https:\/\/bigfunhobby.com\/da\/wp-json\/wp\/v2\/product"}],"about":[{"href":"https:\/\/bigfunhobby.com\/da\/wp-json\/wp\/v2\/types\/product"}],"replies":[{"embeddable":true,"href":"https:\/\/bigfunhobby.com\/da\/wp-json\/wp\/v2\/comments?post=7553"}],"wp:featuredmedia":[{"embeddable":true,"href":"https:\/\/bigfunhobby.com\/da\/wp-json\/wp\/v2\/media\/7552"}],"wp:attachment":[{"href":"https:\/\/bigfunhobby.com\/da\/wp-json\/wp\/v2\/media?parent=7553"}],"wp:term":[{"taxonomy":"product_brand","embeddable":true,"href":"https:\/\/bigfunhobby.com\/da\/wp-json\/wp\/v2\/product_brand?post=7553"},{"taxonomy":"product_cat","embeddable":true,"href":"https:\/\/bigfunhobby.com\/da\/wp-json\/wp\/v2\/product_cat?post=7553"},{"taxonomy":"product_tag","embeddable":true,"href":"https:\/\/bigfunhobby.com\/da\/wp-json\/wp\/v2\/product_tag?post=7553"}],"curies":[{"name":"wp","href":"https:\/\/api.w.org\/{rel}","templated":true}]}}