{"id":7563,"date":"2025-03-08T17:11:51","date_gmt":"2025-03-08T17:11:51","guid":{"rendered":"https:\/\/bigfunhobby.com\/butikk\/flexisander-dual-grit-x3-90x19x6mm\/"},"modified":"2025-12-04T10:59:06","modified_gmt":"2025-12-04T08:59:06","slug":"flexisander-dual-grit-x3-90x19x6mm","status":"publish","type":"product","link":"https:\/\/bigfunhobby.com\/da\/butikk\/flexisander-dual-grit-x3-90x19x6mm\/","title":{"rendered":"FLEXISLIBER MED DOBBELT KORN X3 (90X19X6MM)"},"content":{"rendered":"<p>Flexisander Dual Grit x3 er et ideelt verkt\u00f8y for b\u00e5de nybegynnere og erfarne entusiaster innen modellbygging. Settet best\u00e5r av 3 vaskbare og gjenbrukbare sandpapirblokker med m\u00e5lene 90x19x6mm, og er perfekt for arbeid p\u00e5 byggesett som treskipsmodeller, plastmodeller og modelljernbaner.<\/p>\n<p>Disse fleksible sanderne kommer med forskjellige grovhetsgrader for \u00e5 dekke alle dine behov:<\/p>\n<ul>\n<li>Grov (60\/100): Effektiv for fjerning av materiale.<\/li>\n<li>Medium (240\/400): Ideell for blanding og glatting.<\/li>\n<li>Fint (600\/1000): Perfekt for etterbehandling og polering.<\/li>\n<\/ul>\n<p>Med Flexisander Dual Grit x3 kan du f\u00e5 en jevn og profesjonell finish p\u00e5 dine modellprosjekter. Enten du jobber med en skalamodell av et lokomotiv eller bygger et treskip, vil disse sanderne hjelpe deg med \u00e5 f\u00e5 jobben gjort.<\/p>\n<p>Modellbygging er en kreativ og givende hobby, og med riktig verkt\u00f8y kan du ta prosjektene dine til et nytt niv\u00e5. Invester i et sett med Flexisander Dual Grit x3 og opplev forskjellen det kan gj\u00f8re p\u00e5 dine byggesett for voksne.<\/p>\n<p>Sjekk utvalget v\u00e5rt og bestill Flexisander Dual Grit x3 i dag for \u00e5 ta din modellbyggingsopplevelse til neste niv\u00e5.<\/p>","protected":false},"excerpt":{"rendered":"<p>Flexisander Dual Grit x3 er et sett med 3 gjenbrukbare og vaskbare sandpapirblokker, perfekt for modellbygging. De tilbyr ulike grovhetsgrader for effektiv fjerning av materiale, glatting og polering.<\/p>","protected":false},"featured_media":7562,"comment_status":"open","ping_status":"closed","template":"","meta":[],"product_brand":[],"product_cat":[58],"product_tag":[],"class_list":{"0":"post-7563","1":"product","2":"type-product","3":"status-publish","4":"has-post-thumbnail","6":"product_cat-verktoy","8":"first","9":"instock","10":"taxable","11":"shipping-taxable","12":"purchasable","13":"product-type-simple"},"_links":{"self":[{"href":"https:\/\/bigfunhobby.com\/da\/wp-json\/wp\/v2\/product\/7563","targetHints":{"allow":["GET"]}}],"collection":[{"href":"https:\/\/bigfunhobby.com\/da\/wp-json\/wp\/v2\/product"}],"about":[{"href":"https:\/\/bigfunhobby.com\/da\/wp-json\/wp\/v2\/types\/product"}],"replies":[{"embeddable":true,"href":"https:\/\/bigfunhobby.com\/da\/wp-json\/wp\/v2\/comments?post=7563"}],"wp:featuredmedia":[{"embeddable":true,"href":"https:\/\/bigfunhobby.com\/da\/wp-json\/wp\/v2\/media\/7562"}],"wp:attachment":[{"href":"https:\/\/bigfunhobby.com\/da\/wp-json\/wp\/v2\/media?parent=7563"}],"wp:term":[{"taxonomy":"product_brand","embeddable":true,"href":"https:\/\/bigfunhobby.com\/da\/wp-json\/wp\/v2\/product_brand?post=7563"},{"taxonomy":"product_cat","embeddable":true,"href":"https:\/\/bigfunhobby.com\/da\/wp-json\/wp\/v2\/product_cat?post=7563"},{"taxonomy":"product_tag","embeddable":true,"href":"https:\/\/bigfunhobby.com\/da\/wp-json\/wp\/v2\/product_tag?post=7563"}],"curies":[{"name":"wp","href":"https:\/\/api.w.org\/{rel}","templated":true}]}}