{"id":7569,"date":"2025-03-08T17:11:53","date_gmt":"2025-03-08T17:11:53","guid":{"rendered":"https:\/\/bigfunhobby.com\/butikk\/rocket\/"},"modified":"2026-03-03T12:26:14","modified_gmt":"2026-03-03T10:26:14","slug":"raket","status":"publish","type":"product","link":"https:\/\/bigfunhobby.com\/da\/butikk\/rocket\/","title":{"rendered":"54000 - Raket"},"content":{"rendered":"<p>54000 - Rocket er et imponerende modeljernbanes\u00e6t, som tager dig med tilbage til 1829, hvor George Stephenson og hans Rocket vandt Rainhill Trials. Denne model er en hyldest til det f\u00f8rste nyttige og praktiske lokomotiv til transport af passagerer og gods, som indledte en ny \u00e6ra i transporthistorien.<\/p>\n<p>Dette lokomotivs\u00e6t vejer kun 4,2 ton og indeholder en kedel med flere r\u00f8r, der er n\u00e6sten 2,5 meter lang og har en diameter p\u00e5 2,5 meter. Det er i stand til at n\u00e5 hastigheder p\u00e5 op til 25 miles i timen takket v\u00e6re sine cylindre i en skr\u00e5 position og 4 fod 8 tommer drivhjul.<\/p>\n<p>Modellen er i skala 1:24 (G-45) og har f\u00f8lgende dimensioner:<\/p>\n<ul>\n<li>L\u00e6ngde: 290 mm<\/li>\n<li>Bredde: 65 mm<\/li>\n<li>H\u00f8jde: 180 mm<\/li>\n<\/ul>\n<p>Rocket-s\u00e6ttet er ideelt til b\u00e5de begyndere og erfarne modeljernbaneentusiaster. Du l\u00e6rer trin for trin, hvordan du samler en model med alle detaljer fra det originale lokomotiv.<\/p>\n<p>Vi inviterer dig til at lade dig rive med og indrette et rum til kreativ fritid, hvor du kan nyde denne vidunderlige model. At bygge en modeljernbane er en berigende hobby, som b\u00e5de voksne og b\u00f8rn kan have gl\u00e6de af.<\/p>\n<p>Start din modeljernbanesamling i dag. Bestil 54000 - Rocket nu, og tag et skridt ind i den fascinerende verden af skalamodellering.<\/p>","protected":false},"excerpt":{"rendered":"<p>Oplev jernbanens historie i miniature med modeljernbanes\u00e6ttet 54000 - Rocket. Genoplev den industrielle revolution med denne n\u00f8jagtige model af George Stephensons banebrydende lokomotiv.<\/p>","protected":false},"featured_media":7568,"comment_status":"open","ping_status":"closed","template":"","meta":[],"product_brand":[95],"product_cat":[68],"product_tag":[],"class_list":{"0":"post-7569","1":"product","2":"type-product","3":"status-publish","4":"has-post-thumbnail","6":"product_brand-occre","7":"product_cat-togtrikk-occre","9":"first","10":"instock","11":"taxable","12":"shipping-taxable","13":"purchasable","14":"product-type-simple"},"_links":{"self":[{"href":"https:\/\/bigfunhobby.com\/da\/wp-json\/wp\/v2\/product\/7569","targetHints":{"allow":["GET"]}}],"collection":[{"href":"https:\/\/bigfunhobby.com\/da\/wp-json\/wp\/v2\/product"}],"about":[{"href":"https:\/\/bigfunhobby.com\/da\/wp-json\/wp\/v2\/types\/product"}],"replies":[{"embeddable":true,"href":"https:\/\/bigfunhobby.com\/da\/wp-json\/wp\/v2\/comments?post=7569"}],"wp:featuredmedia":[{"embeddable":true,"href":"https:\/\/bigfunhobby.com\/da\/wp-json\/wp\/v2\/media\/7568"}],"wp:attachment":[{"href":"https:\/\/bigfunhobby.com\/da\/wp-json\/wp\/v2\/media?parent=7569"}],"wp:term":[{"taxonomy":"product_brand","embeddable":true,"href":"https:\/\/bigfunhobby.com\/da\/wp-json\/wp\/v2\/product_brand?post=7569"},{"taxonomy":"product_cat","embeddable":true,"href":"https:\/\/bigfunhobby.com\/da\/wp-json\/wp\/v2\/product_cat?post=7569"},{"taxonomy":"product_tag","embeddable":true,"href":"https:\/\/bigfunhobby.com\/da\/wp-json\/wp\/v2\/product_tag?post=7569"}],"curies":[{"name":"wp","href":"https:\/\/api.w.org\/{rel}","templated":true}]}}