{"id":7571,"date":"2025-03-08T17:11:54","date_gmt":"2025-03-08T17:11:54","guid":{"rendered":"https:\/\/bigfunhobby.com\/butikk\/prinz-eugen-1200\/"},"modified":"2026-03-03T12:26:14","modified_gmt":"2026-03-03T10:26:14","slug":"prins-eugen-1200","status":"publish","type":"product","link":"https:\/\/bigfunhobby.com\/da\/butikk\/prinz-eugen-1200\/","title":{"rendered":"Prins Eugene 1:200"},"content":{"rendered":"<p>Prinz Eugen 1:200 er et imponerende skibsmodels\u00e6t i tr\u00e6, som giver en autentisk byggeoplevelse for b\u00e5de begyndere og erfarne modelbyggere. Det er det ideelle s\u00e6t til voksne, der \u00f8nsker en udfordrende og givende hobby.<\/p>\n<ul>\n<li>Model af h\u00f8j kvalitet med detaljerede st\u00f8bte dele<\/li>\n<li>Fremstillet af FSC- eller PEFC-certificeret tr\u00e6<\/li>\n<li>H\u00f8jpr\u00e6cisionssk\u00e6ring giver perfekt pasform<\/li>\n<li>Foto\u00e6tsede dele i messing for ekstra detaljer<\/li>\n<li>Trin-for-trin videovejledninger og HD-billeder for nem installation<\/li>\n<li>Instruktioner p\u00e5 5 sprog, herunder norsk<\/li>\n<li>En detaljeret stykliste med m\u00e5l og materialer<\/li>\n<li>IP-kort til nem identifikation af dele<\/li>\n<li>M\u00e5lestokstegninger til en pr\u00e6cis byggeproces<\/li>\n<li>Livstidsgaranti for ekstra sikkerhed<\/li>\n<\/ul>\n<p>Prinz Eugen er kendt fra Anden Verdenskrig og giver et unikt indblik i s\u00f8fartens historie. Dette s\u00e6t giver dig mulighed for at genopleve denne historie i dit eget hjem.<\/p>\n<p>Uanset om du er en erfaren modelbygger eller lige er begyndt, vil dette skibsmodels\u00e6t af tr\u00e6 give dig timevis af byggesjov. Vent ikke, opdag gl\u00e6den ved at bygge modeller i dag. <strong>Bestil dit Prinz Eugen 1:200-s\u00e6t nu.<\/strong><\/p>","protected":false},"excerpt":{"rendered":"<p>Prinz Eugen 1:200 er et tr\u00e6s\u00e6t af h\u00f8j kvalitet til modelskibsentusiaster, komplet med detaljerede st\u00f8bte dele og trinvise monteringsvideoer.<\/p>","protected":false},"featured_media":7570,"comment_status":"open","ping_status":"closed","template":"","meta":[],"product_brand":[95],"product_cat":[67],"product_tag":[],"class_list":{"0":"post-7571","1":"product","2":"type-product","3":"status-publish","4":"has-post-thumbnail","6":"product_brand-occre","7":"product_cat-bater-occre","9":"first","10":"instock","11":"taxable","12":"shipping-taxable","13":"purchasable","14":"product-type-simple"},"_links":{"self":[{"href":"https:\/\/bigfunhobby.com\/da\/wp-json\/wp\/v2\/product\/7571","targetHints":{"allow":["GET"]}}],"collection":[{"href":"https:\/\/bigfunhobby.com\/da\/wp-json\/wp\/v2\/product"}],"about":[{"href":"https:\/\/bigfunhobby.com\/da\/wp-json\/wp\/v2\/types\/product"}],"replies":[{"embeddable":true,"href":"https:\/\/bigfunhobby.com\/da\/wp-json\/wp\/v2\/comments?post=7571"}],"wp:featuredmedia":[{"embeddable":true,"href":"https:\/\/bigfunhobby.com\/da\/wp-json\/wp\/v2\/media\/7570"}],"wp:attachment":[{"href":"https:\/\/bigfunhobby.com\/da\/wp-json\/wp\/v2\/media?parent=7571"}],"wp:term":[{"taxonomy":"product_brand","embeddable":true,"href":"https:\/\/bigfunhobby.com\/da\/wp-json\/wp\/v2\/product_brand?post=7571"},{"taxonomy":"product_cat","embeddable":true,"href":"https:\/\/bigfunhobby.com\/da\/wp-json\/wp\/v2\/product_cat?post=7571"},{"taxonomy":"product_tag","embeddable":true,"href":"https:\/\/bigfunhobby.com\/da\/wp-json\/wp\/v2\/product_tag?post=7571"}],"curies":[{"name":"wp","href":"https:\/\/api.w.org\/{rel}","templated":true}]}}