{"id":7575,"date":"2025-03-08T17:11:55","date_gmt":"2025-03-08T17:11:55","guid":{"rendered":"https:\/\/bigfunhobby.com\/butikk\/167-will-everard-wooden-hull\/"},"modified":"2025-12-04T10:59:08","modified_gmt":"2025-12-04T08:59:08","slug":"167-will-everard-wooden-hull","status":"publish","type":"product","link":"https:\/\/bigfunhobby.com\/da\/butikk\/167-will-everard-wooden-hull\/","title":{"rendered":"1:67 WILL EVERARD -WOODEN HULL"},"content":{"rendered":"<p>Bygg din egen treskipsmodell av det kjente skipet &#8216;Will Everard&#8217;. Dette byggesettet i tre gir deg muligheten til \u00e5 lage en detaljert modell i skala 1:67 av den historiske barken, som er et ypperlig prosjekt for b\u00e5de nybegynnere og erfarne innen modellbygging.<\/p>\n<p>Spesifikasjonene for dette treskipsmodellsettet inkluderer en trofast gjengivelse av barkens struktur og detaljer. Fra skipets karakteristiske skrog til de intrikate detaljene p\u00e5 dekket, gir dette byggesettet deg en autentisk opplevelse av \u00e5 bygge et seilskip fra bunnen av.<\/p>\n<p>&#8216;Will Everard&#8217; er et 80 tonns skip bygget for familien F.T. Everard &amp; Sons i \u00e5rene 1925 &#8211; 1926 i Great Yarmouth. Skipet eies i dag av P &amp; O Containers Limited. I 1982 overtok Sue Harrison, den gang 24 \u00e5r og Nordeuropas yngste kaptein, kommandoen over &#8216;Will&#8217;.<\/p>\n<p>Byggesettet er laget av h\u00f8ykvalitets tre, og gir deg en realistisk og h\u00e5ndgripelig opplevelse av modellbygging. Med dette settet kan du fordype deg i skipets historie mens du n\u00f8ye setter sammen hver detalj.<\/p>\n<p>S\u00e5 enten du er en erfaren modellbygger p\u00e5 jakt etter ditt neste prosjekt, eller en nybegynner som er ivrig etter \u00e5 dykke inn i denne fascinerende hobbyen, er &#8216;Will Everard&#8217; treskipsmodell det perfekte valget. Ta steget inn i den spennende verdenen av modellbygging, og opplev gleden ved \u00e5 skape noe med dine egne hender.<\/p>\n<p>Utforsk v\u00e5rt utvalg og bestill ditt &#8216;Will Everard&#8217; byggesett i dag!<\/p>","protected":false},"excerpt":{"rendered":"<p>Byggesett i tre av modellbarken &#8216;Will Everard&#8217; i skala 1:67. Et detaljert og historisk interessant prosjekt for b\u00e5de nybegynnere og entusiaster.<\/p>","protected":false},"featured_media":7574,"comment_status":"open","ping_status":"closed","template":"","meta":[],"product_brand":[96],"product_cat":[53],"product_tag":[],"class_list":{"0":"post-7575","1":"product","2":"type-product","3":"status-publish","4":"has-post-thumbnail","6":"product_brand-billing-boats","7":"product_cat-bater-billing-boats","9":"first","10":"instock","11":"taxable","12":"shipping-taxable","13":"purchasable","14":"product-type-simple"},"_links":{"self":[{"href":"https:\/\/bigfunhobby.com\/da\/wp-json\/wp\/v2\/product\/7575","targetHints":{"allow":["GET"]}}],"collection":[{"href":"https:\/\/bigfunhobby.com\/da\/wp-json\/wp\/v2\/product"}],"about":[{"href":"https:\/\/bigfunhobby.com\/da\/wp-json\/wp\/v2\/types\/product"}],"replies":[{"embeddable":true,"href":"https:\/\/bigfunhobby.com\/da\/wp-json\/wp\/v2\/comments?post=7575"}],"wp:featuredmedia":[{"embeddable":true,"href":"https:\/\/bigfunhobby.com\/da\/wp-json\/wp\/v2\/media\/7574"}],"wp:attachment":[{"href":"https:\/\/bigfunhobby.com\/da\/wp-json\/wp\/v2\/media?parent=7575"}],"wp:term":[{"taxonomy":"product_brand","embeddable":true,"href":"https:\/\/bigfunhobby.com\/da\/wp-json\/wp\/v2\/product_brand?post=7575"},{"taxonomy":"product_cat","embeddable":true,"href":"https:\/\/bigfunhobby.com\/da\/wp-json\/wp\/v2\/product_cat?post=7575"},{"taxonomy":"product_tag","embeddable":true,"href":"https:\/\/bigfunhobby.com\/da\/wp-json\/wp\/v2\/product_tag?post=7575"}],"curies":[{"name":"wp","href":"https:\/\/api.w.org\/{rel}","templated":true}]}}