{"id":7577,"date":"2025-03-08T17:11:55","date_gmt":"2025-03-08T17:11:55","guid":{"rendered":"https:\/\/bigfunhobby.com\/butikk\/11200-queen-mary-2\/"},"modified":"2025-12-04T10:59:08","modified_gmt":"2025-12-04T08:59:08","slug":"11200-queen-mary-2","status":"publish","type":"product","link":"https:\/\/bigfunhobby.com\/da\/butikk\/11200-queen-mary-2\/","title":{"rendered":"1:1200 DRONNING MARY 2"},"content":{"rendered":"<p>Ved \u00e5 bygge dette plastbyggesettet 1:1200 QUEEN MARY 2, kan du skape din egen miniatyrversjon av det majestetiske og historiske passasjerskipet. Dette er et spennende prosjekt for alle som er interessert i modellbygging, enten du er nybegynner eller en erfaren entusiast.<\/p>\n<ul>\n<li>Detaljert skrog med mange strukturer<\/li>\n<li>4 motorkapsler med drivskruer<\/li>\n<li>Strukturelle detaljer p\u00e5 hoveddekk<\/li>\n<li>Detaljerte sv\u00f8mmebassenger med et valgfritt merkat<\/li>\n<li>Detaljerte dekkoverbygninger<\/li>\n<li>Detaljert tragt<\/li>\n<li>Radomer<\/li>\n<li>8 livb\u00e5ter, 14 redningsb\u00e5ter og 2 sm\u00e5 speedb\u00e5ter<\/li>\n<li>Fordekk med 2 lastkraner<\/li>\n<li>Repr\u00e6sentasjon av tennisbaner<\/li>\n<\/ul>\n<p>Queen Mary 2 er kjent som det mest storsl\u00e5tte passasjerskipet i verden, med en bruttotonnasje p\u00e5 150.000, en lengde p\u00e5 345 meter, og en h\u00f8yde p\u00e5 72 meter &#8211; h\u00f8yere enn Frihetsgudinnen. Skipet er designet for \u00e5 kunne romme opptil 2.620 passasjerer og en besetning p\u00e5 1.253, over 14 luksuri\u00f8st utstyrte passasjerdekk.<\/p>\n<p>Med dette byggesettet kan du hylle tradisjonen av nordatlantiske reiser og fortsette en \u00e6ra med havreiser. Utforsk verden av modellbygging med dette fantastiske skalamodellsettet og legg til et stykke historie til din samling.<\/p>\n<p>Klar for \u00e5 ta utfordringen? Begynn p\u00e5 ditt neste modellbyggingsprosjekt med 1:1200 QUEEN MARY 2 byggesettet. Bestill n\u00e5 og sett i gang med byggingen!<\/p>","protected":false},"excerpt":{"rendered":"<p>Byggesettet 1:1200 QUEEN MARY 2 er en detaljert skalamodell av det ber\u00f8mte passasjerskipet, perfekt for b\u00e5de nybegynnere og erfarne modellbyggere.<\/p>","protected":false},"featured_media":7576,"comment_status":"open","ping_status":"closed","template":"","meta":[],"product_brand":[104],"product_cat":[56],"product_tag":[],"class_list":{"0":"post-7577","1":"product","2":"type-product","3":"status-publish","4":"has-post-thumbnail","6":"product_brand-revell","7":"product_cat-bater","9":"first","10":"outofstock","11":"taxable","12":"shipping-taxable","13":"purchasable","14":"product-type-simple"},"_links":{"self":[{"href":"https:\/\/bigfunhobby.com\/da\/wp-json\/wp\/v2\/product\/7577","targetHints":{"allow":["GET"]}}],"collection":[{"href":"https:\/\/bigfunhobby.com\/da\/wp-json\/wp\/v2\/product"}],"about":[{"href":"https:\/\/bigfunhobby.com\/da\/wp-json\/wp\/v2\/types\/product"}],"replies":[{"embeddable":true,"href":"https:\/\/bigfunhobby.com\/da\/wp-json\/wp\/v2\/comments?post=7577"}],"wp:featuredmedia":[{"embeddable":true,"href":"https:\/\/bigfunhobby.com\/da\/wp-json\/wp\/v2\/media\/7576"}],"wp:attachment":[{"href":"https:\/\/bigfunhobby.com\/da\/wp-json\/wp\/v2\/media?parent=7577"}],"wp:term":[{"taxonomy":"product_brand","embeddable":true,"href":"https:\/\/bigfunhobby.com\/da\/wp-json\/wp\/v2\/product_brand?post=7577"},{"taxonomy":"product_cat","embeddable":true,"href":"https:\/\/bigfunhobby.com\/da\/wp-json\/wp\/v2\/product_cat?post=7577"},{"taxonomy":"product_tag","embeddable":true,"href":"https:\/\/bigfunhobby.com\/da\/wp-json\/wp\/v2\/product_tag?post=7577"}],"curies":[{"name":"wp","href":"https:\/\/api.w.org\/{rel}","templated":true}]}}