{"id":7581,"date":"2025-03-08T17:11:57","date_gmt":"2025-03-08T17:11:57","guid":{"rendered":"https:\/\/bigfunhobby.com\/butikk\/175-viking-skip-i-tre-fra-artesania\/"},"modified":"2025-12-04T10:59:08","modified_gmt":"2025-12-04T08:59:08","slug":"175-viking-skip-i-tre-fra-artesania","status":"publish","type":"product","link":"https:\/\/bigfunhobby.com\/da\/butikk\/175-viking-skip-i-tre-fra-artesania\/","title":{"rendered":"1:75 Vikingeskib i tr\u00e6 fra Artesania"},"content":{"rendered":"<p>Dyk ned i historien og utforsk vikingenes eventyrlige verden med dette unike byggesettet fra Artesania. Med en skala p\u00e5 1:75, gir denne treskipsmodellen deg muligheten til \u00e5 bygge et autentisk vikingskip fra det 10. \u00e5rhundre.<\/p>\n<h3>Specifikationer:<\/h3>\n<ul>\n<li>Skala: 1\/75<\/li>\n<li>Sv\u00e6rhedsgrad: Begynder<\/li>\n<li>Lengde: 29,3 cm<\/li>\n<li>Bredde: 36 cm (med \u00e5rene)<\/li>\n<li>H\u00f8yde: 27,5 cm<\/li>\n<li>Lim, verkt\u00f8y og lakk\/maling medf\u00f8lger ikke<\/li>\n<\/ul>\n<p>Modellen kommer med laserskj\u00e6rte tredeler og andre detaljer i egnet materiale. Medf\u00f8lgende DVD gir detaljerte steg-for-steg byggeinstruksjoner, noe som gj\u00f8r byggesettet tilgjengelig og forst\u00e5elig for alle, uansett erfaring med modellbygging. Instruksjonene er ogs\u00e5 tilgjengelige for nedlastning i pdf format. <\/p>\n<h3>Historie:<\/h3>\n<p>Vikingskipene er kjent for sin skulpturelle skj\u00f8nnhet og sine modige mannskap. De var de f\u00f8rste europeerne som n\u00e5dde Amerika, flere hundre \u00e5r f\u00f8r Christopher Columbus! Dette byggesettet tar deg tilbake til denne spennende tiden og lar deg skape ditt eget stykke historie.<\/p>\n<p>Artesanias treskipsmodell av vikingskipet er designet for \u00e5 v\u00e6re b\u00e5de l\u00e6rerikt og underholdende, og er like mye et kunstverk som et byggesett. Det er tid for \u00e5 dykke ned i modellbyggingens verden &#8211; kj\u00f8p ditt treskipsmodell av et vikingskip i dag og start eventyret!<\/p>","protected":false},"excerpt":{"rendered":"<p>Utforsk den fascinerende verdenen av modellbygging med dette 1:75 treskipsmodellen av et vikingskip fra Artesania. Med laserskj\u00e6rte tredeler og detaljerte byggeinstruksjoner, er dette byggesettet perfekt for b\u00e5de nybegynnere og erfarne modellbyggere.<\/p>","protected":false},"featured_media":7580,"comment_status":"open","ping_status":"closed","template":"","meta":[],"product_brand":[97],"product_cat":[54],"product_tag":[],"class_list":{"0":"post-7581","1":"product","2":"type-product","3":"status-publish","4":"has-post-thumbnail","6":"product_brand-artesania","7":"product_cat-bater-artesania","9":"first","10":"outofstock","11":"taxable","12":"shipping-taxable","13":"purchasable","14":"product-type-simple"},"_links":{"self":[{"href":"https:\/\/bigfunhobby.com\/da\/wp-json\/wp\/v2\/product\/7581","targetHints":{"allow":["GET"]}}],"collection":[{"href":"https:\/\/bigfunhobby.com\/da\/wp-json\/wp\/v2\/product"}],"about":[{"href":"https:\/\/bigfunhobby.com\/da\/wp-json\/wp\/v2\/types\/product"}],"replies":[{"embeddable":true,"href":"https:\/\/bigfunhobby.com\/da\/wp-json\/wp\/v2\/comments?post=7581"}],"wp:featuredmedia":[{"embeddable":true,"href":"https:\/\/bigfunhobby.com\/da\/wp-json\/wp\/v2\/media\/7580"}],"wp:attachment":[{"href":"https:\/\/bigfunhobby.com\/da\/wp-json\/wp\/v2\/media?parent=7581"}],"wp:term":[{"taxonomy":"product_brand","embeddable":true,"href":"https:\/\/bigfunhobby.com\/da\/wp-json\/wp\/v2\/product_brand?post=7581"},{"taxonomy":"product_cat","embeddable":true,"href":"https:\/\/bigfunhobby.com\/da\/wp-json\/wp\/v2\/product_cat?post=7581"},{"taxonomy":"product_tag","embeddable":true,"href":"https:\/\/bigfunhobby.com\/da\/wp-json\/wp\/v2\/product_tag?post=7581"}],"curies":[{"name":"wp","href":"https:\/\/api.w.org\/{rel}","templated":true}]}}