{"id":7583,"date":"2025-03-08T17:11:58","date_gmt":"2025-03-08T17:11:58","guid":{"rendered":"https:\/\/bigfunhobby.com\/butikk\/artesania-easy-kit-1-250-training-ship-j-s-elcano-esmeralda\/"},"modified":"2025-12-04T10:59:08","modified_gmt":"2025-12-04T08:59:08","slug":"artesania-easy-kit-1-250-training-ship-j-s-elcano-esmeralda","status":"publish","type":"product","link":"https:\/\/bigfunhobby.com\/da\/butikk\/artesania-easy-kit-1-250-training-ship-j-s-elcano-esmeralda\/","title":{"rendered":"ARTESANIA EASY KIT 1\/250 SKOLESKIBET J.S. ELCANO\/ESMERALDA"},"content":{"rendered":"<p>Utforsk den maritime verdenen med v\u00e5rt byggesett av det spanske skoleskipet Juan Sebastian Elcano. Modellen, som ogs\u00e5 kan bygges som det nesten identiske chilenske skoleskipet Esmeralda, er i skala 1\/250 og er perfekt for b\u00e5de nybegynnere og erfarne entusiaster i modellbygging.<\/p>\n<p><strong>Specifikationer:<\/strong><\/p>\n<ul>\n<li>Skala: 1\/250<\/li>\n<li>Sv\u00e6rhedsgrad: Begynder<\/li>\n<li>Lengde: 45,5 cm<\/li>\n<li>Bredde: 11 cm<\/li>\n<li>H\u00f8yde: 25,5 cm<\/li>\n<li>Lim, verkt\u00f8y og lakk\/maling medf\u00f8lger ikke<\/li>\n<li>Medf\u00f8lger en DVD med detaljerte byggeinstruksjoner p\u00e5 video<\/li>\n<\/ul>\n<p>Dette treskipsmodell-settet kommer med et plastskrog, lasersk\u00e5rne deler, andre deler i egnet materiale og en DVD med detaljerte byggeinstruksjoner p\u00e5 video. Byggesettet er laget for \u00e5 gi en autentisk modellbyggingserfaring.<\/p>\n<p>Skoleskipet Juan Sebastian Elcano ble lansert i 1927 i Cadiz og tjener som et oppl\u00e6ringsskip i den spanske marinen. I dag fortsetter det \u00e5 seile rundt om i verden. Ved \u00e5 bygge dette treskipet, kan du f\u00e5 en f\u00f8lelse av maritim historie rett i stuen din.<\/p>\n<p>Inkludert i dette byggesettet er ogs\u00e5 figuren, flagget og navneskiltet for \u00e5 bygge det store seilskipet Esmeralda, som er et skoleskip nesten identisk med Elcano, men fra den chilenske marinen.<\/p>\n<p>Uansett om du er ny i modellbygging eller er en erfaren entusiast, er dette treskipsmodell-settet et flott tillegg til din samling. Ikke vent lenger, dykk ned i den fascinerende verdenen av modellbygging. Bestill ditt byggesett n\u00e5.<\/p>","protected":false},"excerpt":{"rendered":"<p>En innstegsmodell av det spanske skoleskipet Juan Sebastian Elcano i skala 1\/250. Passer perfekt for de som er nye til modellbygging, men ogs\u00e5 for de erfarne modellbyggerne som \u00f8nsker et enkelt prosjekt.<\/p>","protected":false},"featured_media":7582,"comment_status":"open","ping_status":"closed","template":"","meta":[],"product_brand":[97],"product_cat":[54],"product_tag":[],"class_list":{"0":"post-7583","1":"product","2":"type-product","3":"status-publish","4":"has-post-thumbnail","6":"product_brand-artesania","7":"product_cat-bater-artesania","9":"first","10":"outofstock","11":"taxable","12":"shipping-taxable","13":"purchasable","14":"product-type-simple"},"_links":{"self":[{"href":"https:\/\/bigfunhobby.com\/da\/wp-json\/wp\/v2\/product\/7583","targetHints":{"allow":["GET"]}}],"collection":[{"href":"https:\/\/bigfunhobby.com\/da\/wp-json\/wp\/v2\/product"}],"about":[{"href":"https:\/\/bigfunhobby.com\/da\/wp-json\/wp\/v2\/types\/product"}],"replies":[{"embeddable":true,"href":"https:\/\/bigfunhobby.com\/da\/wp-json\/wp\/v2\/comments?post=7583"}],"wp:featuredmedia":[{"embeddable":true,"href":"https:\/\/bigfunhobby.com\/da\/wp-json\/wp\/v2\/media\/7582"}],"wp:attachment":[{"href":"https:\/\/bigfunhobby.com\/da\/wp-json\/wp\/v2\/media?parent=7583"}],"wp:term":[{"taxonomy":"product_brand","embeddable":true,"href":"https:\/\/bigfunhobby.com\/da\/wp-json\/wp\/v2\/product_brand?post=7583"},{"taxonomy":"product_cat","embeddable":true,"href":"https:\/\/bigfunhobby.com\/da\/wp-json\/wp\/v2\/product_cat?post=7583"},{"taxonomy":"product_tag","embeddable":true,"href":"https:\/\/bigfunhobby.com\/da\/wp-json\/wp\/v2\/product_tag?post=7583"}],"curies":[{"name":"wp","href":"https:\/\/api.w.org\/{rel}","templated":true}]}}