{"id":7585,"date":"2025-03-08T17:11:59","date_gmt":"2025-03-08T17:11:59","guid":{"rendered":"https:\/\/bigfunhobby.com\/butikk\/160-american-schooner-harvey-wooden-model-ship-kit\/"},"modified":"2026-03-10T09:25:01","modified_gmt":"2026-03-10T07:25:01","slug":"160-american-schooner-harvey-traemodelskibssaet","status":"publish","type":"product","link":"https:\/\/bigfunhobby.com\/da\/butikk\/160-american-schooner-harvey-wooden-model-ship-kit\/","title":{"rendered":"1:60. Amerikansk skonnert Harvey modelskibss\u00e6t i tr\u00e6"},"content":{"rendered":"<p>Dette modelbygges\u00e6t i tr\u00e6 af den ikoniske amerikanske skonnert Harvey giver dig mulighed for at skabe en n\u00f8jagtig model i skala 1:60. Uanset om du er en erfaren modelbygger eller en nybegynder, vil dette s\u00e6t give dig timevis af udfordrende og givende arbejde.<\/p>\n<p>S\u00e6ttet indeholder dele af h\u00f8j kvalitet som f.eks. pr\u00e6cisionssk\u00e5ret krydsfiner af lindetr\u00e6, messing og st\u00f8bte fotoforst\u00e6rkede dele, der er klar til at blive samlet. Der medf\u00f8lger ogs\u00e5 bomuldssejl, bomuldstr\u00e5de og en udstillingsbase i tr\u00e6 med navneskilt. En LED-belysningspakke f\u00e5s separat til dem, der \u00f8nsker at tilf\u00f8je ekstra detaljer til modellen.<\/p>\n<ul>\n<li>L\u00e6ngde p\u00e5 f\u00e6rdig model: 680 mm<\/li>\n<li>H\u00f8jde p\u00e5 f\u00e6rdig model: 490 mm<\/li>\n<li>Bredde p\u00e5 den f\u00e6rdige model: 250 mm<\/li>\n<\/ul>\n<p>Der medf\u00f8lger en dvd med helt nye instruktioner for at lette byggeprocessen med trinvise fotoguides, der tydeligt viser hver del af processen.<\/p>\n<h2>Historien om amerikanske skonnerter<\/h2>\n<p>Skonnerter er en type sejlb\u00e5de, der er kendetegnet ved deres rigning. De var popul\u00e6re til mange form\u00e5l, f.eks. transport af gods eller fiskeri, og blev ogs\u00e5 brugt meget af privatpersoner. Harvey er en ny udgave af denne klassiske amerikanske skonnert fra det 19. \u00e5rhundrede. Det er en p\u00e5mindelse om de gamle kystskonnerter fra 1860'erne i USA.<\/p>\n<p>G\u00e5 ikke glip af denne bem\u00e6rkelsesv\u00e6rdige tr\u00e6skibsmodel, som vil v\u00e6re en fantastisk tilf\u00f8jelse til enhver samling af maritime modeller. Bestil dit Harvey Wooden Model Ship Kit i dag, og begynd din sp\u00e6ndende rejse ind i modelbygningens verden!<\/p>\n<p>&#8216;<\/p>","protected":false},"excerpt":{"rendered":"<p>Modelbygges\u00e6t i tr\u00e6 af den ber\u00f8mte amerikanske skonnert Harvey i skala 1:60. Indeholder detaljerede instruktioner og kvalitetsmaterialer til et realistisk modelbyggeri.<\/p>","protected":false},"featured_media":7584,"comment_status":"open","ping_status":"closed","template":"","meta":[],"product_brand":[97],"product_cat":[54],"product_tag":[],"class_list":{"0":"post-7585","1":"product","2":"type-product","3":"status-publish","4":"has-post-thumbnail","6":"product_brand-artesania","7":"product_cat-bater-artesania","9":"first","10":"outofstock","11":"taxable","12":"shipping-taxable","13":"purchasable","14":"product-type-simple"},"_links":{"self":[{"href":"https:\/\/bigfunhobby.com\/da\/wp-json\/wp\/v2\/product\/7585","targetHints":{"allow":["GET"]}}],"collection":[{"href":"https:\/\/bigfunhobby.com\/da\/wp-json\/wp\/v2\/product"}],"about":[{"href":"https:\/\/bigfunhobby.com\/da\/wp-json\/wp\/v2\/types\/product"}],"replies":[{"embeddable":true,"href":"https:\/\/bigfunhobby.com\/da\/wp-json\/wp\/v2\/comments?post=7585"}],"wp:featuredmedia":[{"embeddable":true,"href":"https:\/\/bigfunhobby.com\/da\/wp-json\/wp\/v2\/media\/7584"}],"wp:attachment":[{"href":"https:\/\/bigfunhobby.com\/da\/wp-json\/wp\/v2\/media?parent=7585"}],"wp:term":[{"taxonomy":"product_brand","embeddable":true,"href":"https:\/\/bigfunhobby.com\/da\/wp-json\/wp\/v2\/product_brand?post=7585"},{"taxonomy":"product_cat","embeddable":true,"href":"https:\/\/bigfunhobby.com\/da\/wp-json\/wp\/v2\/product_cat?post=7585"},{"taxonomy":"product_tag","embeddable":true,"href":"https:\/\/bigfunhobby.com\/da\/wp-json\/wp\/v2\/product_tag?post=7585"}],"curies":[{"name":"wp","href":"https:\/\/api.w.org\/{rel}","templated":true}]}}