{"id":7589,"date":"2025-03-08T17:12:01","date_gmt":"2025-03-08T17:12:01","guid":{"rendered":"https:\/\/bigfunhobby.com\/butikk\/artesania-skrogstotte-for-batmodeller\/"},"modified":"2025-12-04T10:59:08","modified_gmt":"2025-12-04T08:59:08","slug":"artesania-skrogstotte-til-flagermusmodeller","status":"publish","type":"product","link":"https:\/\/bigfunhobby.com\/da\/butikk\/artesania-skrogstotte-for-batmodeller\/","title":{"rendered":"ARTESANIA SKROGST\u00d8TTE TIL B\u00c5DMODELLER"},"content":{"rendered":"<p>ARTESANIA-skrogst\u00f8tten til b\u00e5dmodeller er et vigtigt v\u00e6rkt\u00f8j i enhver modelbyggers v\u00e6rkt\u00f8jskasse. Uanset om du er nybegynder eller en erfaren entusiast, vil denne skrogst\u00f8tte give dig mulighed for at arbejde p\u00e5 dine modeller p\u00e5 en stabil og sikker m\u00e5de.<\/p>\n<p>Denne skrogst\u00f8tte kan nemt s\u00e6ttes fast p\u00e5 dit arbejdsbord og holder din model fast, mens du bygger og maler videre. Den har 30 mm klemmer for at sikre, at din model sidder sikkert. Den m\u00e5ske mest praktiske funktion ved denne skrogst\u00f8tte er det indbyggede drejepunkt. Det giver dig mulighed for at vippe din model til den \u00f8nskede arbejdsvinkel, hvilket giver dig st\u00f8rre fleksibilitet og komfort, mens du arbejder.<\/p>\n<ul>\n<li>Skrogst\u00f8tte til b\u00e5dmodeller<\/li>\n<li>Kan fastg\u00f8res til arbejdsborde<\/li>\n<li>Klemmer p\u00e5 30 mm<\/li>\n<li>Drejepunkt til justering af arbejdsvinklen<\/li>\n<\/ul>\n<p>Skrogst\u00f8tten er lavet af robust materiale, der kan modst\u00e5 v\u00e6gten af forskellige modeller. Den er nem at samle, s\u00e5 du kan komme i gang med din modelbygning p\u00e5 ingen tid.<\/p>\n<p>B\u00e5dmodellering har en lang historie og har altid v\u00e6ret en popul\u00e6r hobby for b\u00e5de unge og gamle. Med denne skrogst\u00f8tte kan du tage din hobby til et helt nyt niveau.<\/p>\n<p>Vent ikke l\u00e6ngere, men oplev selv, hvordan ARTESANIA skrogst\u00f8tte til b\u00e5dmodeller kan forbedre din modeloplevelse. Afgiv din bestilling nu!<\/p>","protected":false},"excerpt":{"rendered":"<p>ARTESANIA skrogst\u00f8tte til modelb\u00e5de er et vigtigt redskab til at holde din modelb\u00e5d stabil, mens du bygger og maler. Den har et drejepunkt, der giver dig mulighed for at justere arbejdsvinklen efter behov.<\/p>","protected":false},"featured_media":7588,"comment_status":"open","ping_status":"closed","template":"","meta":[],"product_brand":[97],"product_cat":[58],"product_tag":[],"class_list":{"0":"post-7589","1":"product","2":"type-product","3":"status-publish","4":"has-post-thumbnail","6":"product_brand-artesania","7":"product_cat-verktoy","9":"first","10":"outofstock","11":"taxable","12":"shipping-taxable","13":"purchasable","14":"product-type-simple"},"_links":{"self":[{"href":"https:\/\/bigfunhobby.com\/da\/wp-json\/wp\/v2\/product\/7589","targetHints":{"allow":["GET"]}}],"collection":[{"href":"https:\/\/bigfunhobby.com\/da\/wp-json\/wp\/v2\/product"}],"about":[{"href":"https:\/\/bigfunhobby.com\/da\/wp-json\/wp\/v2\/types\/product"}],"replies":[{"embeddable":true,"href":"https:\/\/bigfunhobby.com\/da\/wp-json\/wp\/v2\/comments?post=7589"}],"wp:featuredmedia":[{"embeddable":true,"href":"https:\/\/bigfunhobby.com\/da\/wp-json\/wp\/v2\/media\/7588"}],"wp:attachment":[{"href":"https:\/\/bigfunhobby.com\/da\/wp-json\/wp\/v2\/media?parent=7589"}],"wp:term":[{"taxonomy":"product_brand","embeddable":true,"href":"https:\/\/bigfunhobby.com\/da\/wp-json\/wp\/v2\/product_brand?post=7589"},{"taxonomy":"product_cat","embeddable":true,"href":"https:\/\/bigfunhobby.com\/da\/wp-json\/wp\/v2\/product_cat?post=7589"},{"taxonomy":"product_tag","embeddable":true,"href":"https:\/\/bigfunhobby.com\/da\/wp-json\/wp\/v2\/product_tag?post=7589"}],"curies":[{"name":"wp","href":"https:\/\/api.w.org\/{rel}","templated":true}]}}