{"id":7591,"date":"2025-03-08T17:12:02","date_gmt":"2025-03-08T17:12:02","guid":{"rendered":"https:\/\/bigfunhobby.com\/butikk\/148-frigate-hms-bounty-wooden-model-ship-kit\/"},"modified":"2025-12-04T10:59:08","modified_gmt":"2025-12-04T08:59:08","slug":"148-frigate-hms-bounty-wooden-model-ship-kit","status":"publish","type":"product","link":"https:\/\/bigfunhobby.com\/da\/butikk\/148-frigate-hms-bounty-wooden-model-ship-kit\/","title":{"rendered":"1:48 Fregatten HMS Bounty, modelskibss\u00e6t i tr\u00e6"},"content":{"rendered":"<p>Fordyp deg i maritim historie med denne autentiske treskipsmodellen av den ber\u00f8mte fregatten HMS Bounty. Byggesettet i tre i 1:48 skala lar deg skape et n\u00f8ye detaljert miniatyrskip som er kjent fra en av de mest kjente mytteriene i sj\u00f8fartshistorien. Perfekt for b\u00e5de nybegynnere og erfarne modellbyggere.<\/p>\n<h2>Historien om HMS Bounty<\/h2>\n<p> HMS Bounty seilte ut fra England i desember 1787 for \u00e5 transportere br\u00f8dtr\u00e6r til Karibia fra Tahiti. En stor storm tvang dem til \u00e5 endre kurs og ankomme Tahiti flere m\u00e5neder for sent. Etter mange vanskeligheter med \u00e5 gjeninnf\u00f8re disiplin, br\u00f8t det ut mytteri ombord 24 dager etter at de igjen hadde satt seil.<\/p>\n<h2>Specifikationer<\/h2>\n<ul>\n<li>Skala: 1\/48<\/li>\n<li>Materiale: Tr\u00e6<\/li>\n<li>Modellm\u00e5l: 980 x 355 x 763 mm<\/li>\n<li>Inkluderer forh\u00e5nds\u00f8mte seil<\/li>\n<li>Utstillingsbase ikke inkludert<\/li>\n<li>Anbefalt alder: 14 \u00e5r og oppover<\/li>\n<\/ul>\n<h2>S\u00e6ttets indhold<\/h2>\n<p>Byggesettet inneholder h\u00f8y presisjon laser-kuttede brettdeler, fine treslag som bj\u00f8rk, messing, st\u00f8pejern, veving, bomullstr\u00e5der og h\u00e5ndsydde seil klare til \u00e5 plasseres. For \u00e5 hjelpe deg med \u00e5 bygge modellen, f\u00f8lger det med en komplett fullfarge steg-for-steg instruksjon p\u00e5 DVD-format (Windows og Mac) sammen med tegninger av det ferdige skipet. Det er ogs\u00e5 mulig \u00e5 la en av skrogets sider v\u00e6re \u00e5pen for \u00e5 vise skipets innside i detalj.<\/p>\n<h2>Kj\u00f8p HMS Bounty treskipsmodell n\u00e5<\/h2>\n<p>Enten du er en erfaren modellbygger eller bare begynner med modellbygging, er dette byggesettet for voksne en flott m\u00e5te \u00e5 utvikle dine ferdigheter p\u00e5. Bestill HMS Bounty treskipsmodell n\u00e5 og begynn din reise inn i sj\u00f8fartshistorien.<\/p>","protected":false},"excerpt":{"rendered":"<p>Bygg en autentisk treskipsmodell av den historiske fregatten HMS Bounty i 1:48 skala. Oppdag et engasjerende byggesett for voksne perfekt for modellbygging entusiaster.<\/p>","protected":false},"featured_media":7590,"comment_status":"open","ping_status":"closed","template":"","meta":[],"product_brand":[97],"product_cat":[54],"product_tag":[],"class_list":{"0":"post-7591","1":"product","2":"type-product","3":"status-publish","4":"has-post-thumbnail","6":"product_brand-artesania","7":"product_cat-bater-artesania","9":"first","10":"instock","11":"taxable","12":"shipping-taxable","13":"purchasable","14":"product-type-simple"},"_links":{"self":[{"href":"https:\/\/bigfunhobby.com\/da\/wp-json\/wp\/v2\/product\/7591","targetHints":{"allow":["GET"]}}],"collection":[{"href":"https:\/\/bigfunhobby.com\/da\/wp-json\/wp\/v2\/product"}],"about":[{"href":"https:\/\/bigfunhobby.com\/da\/wp-json\/wp\/v2\/types\/product"}],"replies":[{"embeddable":true,"href":"https:\/\/bigfunhobby.com\/da\/wp-json\/wp\/v2\/comments?post=7591"}],"wp:featuredmedia":[{"embeddable":true,"href":"https:\/\/bigfunhobby.com\/da\/wp-json\/wp\/v2\/media\/7590"}],"wp:attachment":[{"href":"https:\/\/bigfunhobby.com\/da\/wp-json\/wp\/v2\/media?parent=7591"}],"wp:term":[{"taxonomy":"product_brand","embeddable":true,"href":"https:\/\/bigfunhobby.com\/da\/wp-json\/wp\/v2\/product_brand?post=7591"},{"taxonomy":"product_cat","embeddable":true,"href":"https:\/\/bigfunhobby.com\/da\/wp-json\/wp\/v2\/product_cat?post=7591"},{"taxonomy":"product_tag","embeddable":true,"href":"https:\/\/bigfunhobby.com\/da\/wp-json\/wp\/v2\/product_tag?post=7591"}],"curies":[{"name":"wp","href":"https:\/\/api.w.org\/{rel}","templated":true}]}}