{"id":7593,"date":"2025-03-08T17:12:03","date_gmt":"2025-03-08T17:12:03","guid":{"rendered":"https:\/\/bigfunhobby.com\/butikk\/1-85-us-frigate-uss-constellation-1798-wooden-model-ship-kit\/"},"modified":"2025-12-04T10:59:08","modified_gmt":"2025-12-04T08:59:08","slug":"1-85-amerikansk-fregat-uss-constellation-1798-modelskibssaet-i-trae","status":"publish","type":"product","link":"https:\/\/bigfunhobby.com\/da\/butikk\/1-85-us-frigate-uss-constellation-1798-wooden-model-ship-kit\/","title":{"rendered":"1\/85 US FRIGATE USS CONSTELLATION 1798, modelskibss\u00e6t i tr\u00e6"},"content":{"rendered":"<h2>Skibsmodels\u00e6t i tr\u00e6 - USS Constellation 1798<\/h2>\n<p>Med dette s\u00e6t kan du genskabe den ber\u00f8mte fregat USS Constellation fra den amerikanske fl\u00e5de i skala 1:85. Et ideelt valg for entusiaster af modelbygning og maritim historie.<\/p>\n<h2>Historien om USS Constellation<\/h2>\n<p>USS Constellation blev bygget i 1797 i Baltimore og har en rig historie med forskellige missioner, herunder at forhindre Hawaii i at blive annekteret af den britiske fl\u00e5de i 1843 og at transportere mad til Irland under den store kartoffelsult i 1845-49. Det var ogs\u00e5 det f\u00f8rste amerikanske krigsskib, der bes\u00f8gte Kina i 1842, og senere blev det en skoleb\u00e5d i 1871. I dag er der et museumsskib i den by, der gav det liv.<\/p>\n<h2>S\u00e6ttets indhold<\/h2>\n<p>Bygges\u00e6ttet indeholder en lasersk\u00e5ret plade med h\u00f8j pr\u00e6cision, tr\u00e6, messing, st\u00f8bejern og bomuldssejl, der er klar til at blive placeret. Til samling kan du f\u00f8lge vores komplette trin-for-trin-vejledning p\u00e5 fem sprog med flere billeder, som ogs\u00e5 indeholder tegninger af den f\u00e6rdige model, begge i dvd-format til computer (Windows og Mac). Bem\u00e6rk, at s\u00e6ttet ikke indeholder trykte instruktioner.<\/p>\n<h2>Specifikationer<\/h2>\n<ul>\n<li>M\u00e5lestok: 1:85<\/li>\n<li>L\u00e6ngde: 1035 mm<\/li>\n<li>Bredde: 330 mm<\/li>\n<li>H\u00f8jde: 710 mm<\/li>\n<\/ul>\n<p>N\u00e5r den er samlet, er denne fantastiske model et sandt kunstv\u00e6rk, som vil pynte overalt, hvor du placerer dette modelskib af h\u00f8j kvalitet.<\/p>\n<h2>Bestil dit USS Constellation-s\u00e6t nu<\/h2>\n<p>Dyk ned i historien, og oplev gl\u00e6den ved at modellere med dette detaljerede modelbygges\u00e6t af tr\u00e6skibe. Perfekt til b\u00e5de begyndere og erfarne entusiaster. Bestil dit USS Constellation-s\u00e6t nu, og start din rejse gennem s\u00f8fartshistorien.<\/p>","protected":false},"excerpt":{"rendered":"<p>L\u00e6r det historiske USS Constellation fra 1798 at kende med dette modelbygges\u00e6t af tr\u00e6skibe. Oplev en verden af modellering med detaljerede materialer af h\u00f8j kvalitet.<\/p>","protected":false},"featured_media":7592,"comment_status":"open","ping_status":"closed","template":"","meta":[],"product_brand":[97],"product_cat":[54],"product_tag":[],"class_list":{"0":"post-7593","1":"product","2":"type-product","3":"status-publish","4":"has-post-thumbnail","6":"product_brand-artesania","7":"product_cat-bater-artesania","9":"first","10":"instock","11":"taxable","12":"shipping-taxable","13":"purchasable","14":"product-type-simple"},"_links":{"self":[{"href":"https:\/\/bigfunhobby.com\/da\/wp-json\/wp\/v2\/product\/7593","targetHints":{"allow":["GET"]}}],"collection":[{"href":"https:\/\/bigfunhobby.com\/da\/wp-json\/wp\/v2\/product"}],"about":[{"href":"https:\/\/bigfunhobby.com\/da\/wp-json\/wp\/v2\/types\/product"}],"replies":[{"embeddable":true,"href":"https:\/\/bigfunhobby.com\/da\/wp-json\/wp\/v2\/comments?post=7593"}],"wp:featuredmedia":[{"embeddable":true,"href":"https:\/\/bigfunhobby.com\/da\/wp-json\/wp\/v2\/media\/7592"}],"wp:attachment":[{"href":"https:\/\/bigfunhobby.com\/da\/wp-json\/wp\/v2\/media?parent=7593"}],"wp:term":[{"taxonomy":"product_brand","embeddable":true,"href":"https:\/\/bigfunhobby.com\/da\/wp-json\/wp\/v2\/product_brand?post=7593"},{"taxonomy":"product_cat","embeddable":true,"href":"https:\/\/bigfunhobby.com\/da\/wp-json\/wp\/v2\/product_cat?post=7593"},{"taxonomy":"product_tag","embeddable":true,"href":"https:\/\/bigfunhobby.com\/da\/wp-json\/wp\/v2\/product_tag?post=7593"}],"curies":[{"name":"wp","href":"https:\/\/api.w.org\/{rel}","templated":true}]}}