{"id":7595,"date":"2025-03-08T17:12:04","date_gmt":"2025-03-08T17:12:04","guid":{"rendered":"https:\/\/bigfunhobby.com\/butikk\/190-vessel-in-line-san-juan-nepomuceno-wooden-model-ship-kit\/"},"modified":"2025-12-04T10:59:08","modified_gmt":"2025-12-04T08:59:08","slug":"190-skib-i-linje-san-juan-nepomuceno-traemodelskibssaet","status":"publish","type":"product","link":"https:\/\/bigfunhobby.com\/da\/butikk\/190-vessel-in-line-san-juan-nepomuceno-wooden-model-ship-kit\/","title":{"rendered":"1:90 Skib i linje San Juan Nepomuceno, modelskibss\u00e6t i tr\u00e6"},"content":{"rendered":"<h2>Oplev tr\u00e6skibsmodellen San Juan Nepomuceno<\/h2>\n<p>Med vores bygges\u00e6t til voksne kan du lave din egen skalamodel af det historiske krigsskib San Juan Nepomuceno. Med 74 kanoner og en vigtig rolle i den spanske fl\u00e5de i det 18. \u00e5rhundrede er denne model et fascinerende indblik i s\u00f8fartshistorien.<\/p>\n<h2>Historien om San Juan Nepomuceno<\/h2>\n<p>San Juan Nepomuceno blev bygget p\u00e5 Guarnizo-v\u00e6rftet i Cantabrien i 1765 og udf\u00f8rte forskellige missioner indtil 1803, hvor det blev sat under kommando af Cosme Dami\u00e1n Churruca. To \u00e5r senere deltog skibet i slaget ved Trafalgar, hvor det blev kendt for sin heroiske indsats. P\u00e5 trods af at det var alvorligt beskadiget og omringet af op til 6 engelske skibe, beordrede Churruca sine officerer til at forts\u00e6tte kampen. Skibet blev til sidst taget til fange af Royal Navy og bugseret til Gibraltar.<\/p>\n<h2>Hvad s\u00e6ttet indeholder<\/h2>\n<p>Bygges\u00e6ttet indeholder lasersk\u00e5rne pladedele med h\u00f8j pr\u00e6cision, fint tr\u00e6, messing, st\u00f8bejern og stof. For at samle modellen kan du f\u00f8lge vores trinvise instruktioner p\u00e5 DVD-format til computer (Windows og Mac). S\u00e6ttet indeholder ikke trykte instruktioner.<\/p>\n<h2>Specifikationer<\/h2>\n<p>N\u00e5r modellen er f\u00e6rdig, m\u00e5ler den 960 mm i l\u00e6ngden, 400 mm i bredden og 750 mm i h\u00f8jden. Det g\u00f8r San Juan Nepomuceno-tr\u00e6skibsmodellen til et imponerende syn og et must for alle, der interesserer sig for modelbygning og s\u00f8fartshistorie.<\/p>\n<p>G\u00e5 ikke glip af chancen for at udforske historien og udfordre dine evner som modelbygger. Bestil dit San Juan Nepomuceno-s\u00e6t i dag, og start eventyret!<\/p>","protected":false},"excerpt":{"rendered":"<p>Tag et dybt dyk ned i historien med tr\u00e6skibsmodellen San Juan Nepomuceno. Udforsk s\u00f8fartens historie med dette detaljerede tr\u00e6s\u00e6t, som er en perfekt udfordring for alle modelbygningsentusiaster.<\/p>","protected":false},"featured_media":7594,"comment_status":"open","ping_status":"closed","template":"","meta":[],"product_brand":[97],"product_cat":[54],"product_tag":[],"class_list":{"0":"post-7595","1":"product","2":"type-product","3":"status-publish","4":"has-post-thumbnail","6":"product_brand-artesania","7":"product_cat-bater-artesania","9":"first","10":"outofstock","11":"taxable","12":"shipping-taxable","13":"purchasable","14":"product-type-simple"},"_links":{"self":[{"href":"https:\/\/bigfunhobby.com\/da\/wp-json\/wp\/v2\/product\/7595","targetHints":{"allow":["GET"]}}],"collection":[{"href":"https:\/\/bigfunhobby.com\/da\/wp-json\/wp\/v2\/product"}],"about":[{"href":"https:\/\/bigfunhobby.com\/da\/wp-json\/wp\/v2\/types\/product"}],"replies":[{"embeddable":true,"href":"https:\/\/bigfunhobby.com\/da\/wp-json\/wp\/v2\/comments?post=7595"}],"wp:featuredmedia":[{"embeddable":true,"href":"https:\/\/bigfunhobby.com\/da\/wp-json\/wp\/v2\/media\/7594"}],"wp:attachment":[{"href":"https:\/\/bigfunhobby.com\/da\/wp-json\/wp\/v2\/media?parent=7595"}],"wp:term":[{"taxonomy":"product_brand","embeddable":true,"href":"https:\/\/bigfunhobby.com\/da\/wp-json\/wp\/v2\/product_brand?post=7595"},{"taxonomy":"product_cat","embeddable":true,"href":"https:\/\/bigfunhobby.com\/da\/wp-json\/wp\/v2\/product_cat?post=7595"},{"taxonomy":"product_tag","embeddable":true,"href":"https:\/\/bigfunhobby.com\/da\/wp-json\/wp\/v2\/product_tag?post=7595"}],"curies":[{"name":"wp","href":"https:\/\/api.w.org\/{rel}","templated":true}]}}