{"id":7599,"date":"2025-03-08T17:12:06","date_gmt":"2025-03-08T17:12:06","guid":{"rendered":"https:\/\/bigfunhobby.com\/butikk\/1-72-le-soleil-royal-louis-xivs-flagship-with-figurines-and-working-lights\/"},"modified":"2025-12-04T10:59:08","modified_gmt":"2025-12-04T08:59:08","slug":"1-72-le-soleil-royal-louis-xivs-flagship-with-figurines-and-working-lights","status":"publish","type":"product","link":"https:\/\/bigfunhobby.com\/da\/butikk\/1-72-le-soleil-royal-louis-xivs-flagship-with-figurines-and-working-lights\/","title":{"rendered":"1\/72 LE SOLEIL ROYAL LOUIS XIV'S FLAGSKIB MED FIGURER OG ARBEJDSLYS"},"content":{"rendered":"<p>Denne treskipmodellen er en detaljert replika av &#8216;Soleil Royal&#8217;, det majestetiske franske krigsskipet fra Louis XIVs tid. Modellen er i 1\/72 skala og kommer som et byggesett i tre, perfekt for b\u00e5de nybegynnere og erfarne modellbyggere.<\/p>\n<h2>Historien bak &#8216;Soleil Royal&#8217;<\/h2>\n<p>&#8216;Soleil Royal&#8217; var en fransk linjeskip med 104 kanoner, og var flaggskipet til admiral Tourville. Skipet ble bygget i Brest mellom 1668 og 1670, og etter en periode i dvale ble skipet igjen satt i tjeneste i 1688, da med 112 kanoner og 1200 menn om bord. Skipets dekorasjoner var blant de vakreste og mest detaljerte av alle barokkskip, og solsymbolet (&#8216;Soleil&#8217;) ble valgt av Louis XIV som hans personlige symbol.<\/p>\n<h2>Detaljer om byggesettet<\/h2>\n<p>Byggesettet inkluderer hundrevis av laserkuttede kryssfiner- og heltre deler, samt alle st\u00f8pte og fotoetsede deler. Det medf\u00f8lger ogs\u00e5 et komplett sett med ferdigsydde seil, klare til \u00e5 bli plassert p\u00e5 modellen. I tillegg f\u00f8lger det med tolv figurer av &#8216;Soleil Royal&#8217; mannskapet, som kan settes sammen og males for \u00e5 gi modellen enda mer realisme.<\/p>\n<h2>Specifikationer<\/h2>\n<p>N\u00e5r den er bygget, m\u00e5ler denne vakre modellen 935mm i lengde, 285mm i bredde og 875mm i h\u00f8yde. Modellen er ogs\u00e5 forberedt for montering av valgfri LED-belysning, noe som forklares i instruksjonene. Instruksjonene er p\u00e5 DVD-format for datamaskin (Windows og Mac), og inkluderer en detaljert trinn-for-trinn guide med nesten 400 sider og tusenvis av bilder. Det er ogs\u00e5 videoer som viser hvordan du l\u00f8ser noen av de mer utfordrende oppgavene.<\/p>\n<p>Er du klar til \u00e5 ta steget inn i modellbyggingens verden, eller er du en erfaren modellbygger p\u00e5 jakt etter en ny utfordring? Da er dette byggesettet perfekt for deg. Kj\u00f8p ditt &#8216;Soleil Royal&#8217; byggesett i dag og start ditt neste modellbyggingsprosjekt.<\/p>","protected":false},"excerpt":{"rendered":"<p>Bygg din egen treskipmodell av det majestetiske franske krigsskipet &#8216;Soleil Royal&#8217; fra Louis XIVs tid, i 1\/72 skala, komplett med figurer og fungerende lys.<\/p>","protected":false},"featured_media":7598,"comment_status":"open","ping_status":"closed","template":"","meta":[],"product_brand":[97],"product_cat":[54],"product_tag":[],"class_list":{"0":"post-7599","1":"product","2":"type-product","3":"status-publish","4":"has-post-thumbnail","6":"product_brand-artesania","7":"product_cat-bater-artesania","9":"first","10":"instock","11":"taxable","12":"shipping-taxable","13":"purchasable","14":"product-type-simple"},"_links":{"self":[{"href":"https:\/\/bigfunhobby.com\/da\/wp-json\/wp\/v2\/product\/7599","targetHints":{"allow":["GET"]}}],"collection":[{"href":"https:\/\/bigfunhobby.com\/da\/wp-json\/wp\/v2\/product"}],"about":[{"href":"https:\/\/bigfunhobby.com\/da\/wp-json\/wp\/v2\/types\/product"}],"replies":[{"embeddable":true,"href":"https:\/\/bigfunhobby.com\/da\/wp-json\/wp\/v2\/comments?post=7599"}],"wp:featuredmedia":[{"embeddable":true,"href":"https:\/\/bigfunhobby.com\/da\/wp-json\/wp\/v2\/media\/7598"}],"wp:attachment":[{"href":"https:\/\/bigfunhobby.com\/da\/wp-json\/wp\/v2\/media?parent=7599"}],"wp:term":[{"taxonomy":"product_brand","embeddable":true,"href":"https:\/\/bigfunhobby.com\/da\/wp-json\/wp\/v2\/product_brand?post=7599"},{"taxonomy":"product_cat","embeddable":true,"href":"https:\/\/bigfunhobby.com\/da\/wp-json\/wp\/v2\/product_cat?post=7599"},{"taxonomy":"product_tag","embeddable":true,"href":"https:\/\/bigfunhobby.com\/da\/wp-json\/wp\/v2\/product_tag?post=7599"}],"curies":[{"name":"wp","href":"https:\/\/api.w.org\/{rel}","templated":true}]}}