{"id":7601,"date":"2025-03-08T17:12:07","date_gmt":"2025-03-08T17:12:07","guid":{"rendered":"https:\/\/bigfunhobby.com\/butikk\/paints-set-for-ship-model-soleil-royal\/"},"modified":"2025-12-04T10:59:08","modified_gmt":"2025-12-04T08:59:08","slug":"malingssaet-til-skibsmodel-soleil-royal","status":"publish","type":"product","link":"https:\/\/bigfunhobby.com\/da\/butikk\/paints-set-for-ship-model-soleil-royal\/","title":{"rendered":"Farves\u00e6t til skibsmodel: Soleil Royal"},"content":{"rendered":"<p>Soleil Royal skibsmodelmalingss\u00e6t er et uundv\u00e6rligt tilbeh\u00f8r til dit modelv\u00e6rksted. Med 12 krukker med forskellige vandbaserede akrylfarver kan du bringe dit s\u00e6t til live. Hver krukke indeholder 20 ml maling, herunder farverne Off White (x2), Off Black (x2), Hull Red, Prussian Blue (x2), Buff, Cocoa Brown, Burnt Umber, Gold og Vermilion.<\/p>\n<p>Disse akrylfarver er ideelle til airbrush og giver et professionelt og j\u00e6vnt resultat p\u00e5 din tr\u00e6skibsmodel. Selvom de er perfekte til airbrush, kan de ogs\u00e5 bruges med en pensel til finere detaljer. <\/p>\n<p>Malingen kan fortyndes med alkohol eller fortynder, s\u00e5 den er mindre \u00e6tsende, mindre giftig og giver f\u00e6rre aflejringer. De t\u00f8rrer hurtigt, normalt ved ber\u00f8ring p\u00e5 ca. 20 minutter og helt p\u00e5 en time. Hvis der er brug for endnu et lag, skal du kun vente i ca. 6 timer.<\/p>\n<p>Soleil Royal skibsmodelmalingss\u00e6t er et must for alle modelbyggere, uanset erfaringsniveau. Med dette s\u00e6t bliver du i stand til at arbejde med airbrush-teknikker og opn\u00e5 de bedste resultater i finishen p\u00e5 dine modeller.<\/p>\n<p>Forbered din model til maling ved at p\u00e5f\u00f8re et grundlag, f\u00f8r du begynder med vores maling. Det sikrer, at malingen sidder bedre fast og giver et mere professionelt resultat.<\/p>\n<p>Vent ikke l\u00e6ngere, tilf\u00f8j dette malingss\u00e6t til din samling, og kom i gang med at give dine tr\u00e6bygges\u00e6t liv. K\u00f8b nu, og tag din modelbygning til det n\u00e6ste niveau!<\/p>","protected":false},"excerpt":{"rendered":"<p>Dette malingss\u00e6t til Soleil Royal-skibsmodellen indeholder 12 krukker med forskellige akrylfarver, der er ideelle til airbrush-maling. S\u00e6ttet er perfekt til b\u00e5de begyndere og erfarne modelbyggere.<\/p>","protected":false},"featured_media":7600,"comment_status":"open","ping_status":"closed","template":"","meta":[],"product_brand":[97],"product_cat":[70],"product_tag":[],"class_list":{"0":"post-7601","1":"product","2":"type-product","3":"status-publish","4":"has-post-thumbnail","6":"product_brand-artesania","7":"product_cat-artesania-maling","9":"first","10":"instock","11":"taxable","12":"shipping-taxable","13":"purchasable","14":"product-type-simple"},"_links":{"self":[{"href":"https:\/\/bigfunhobby.com\/da\/wp-json\/wp\/v2\/product\/7601","targetHints":{"allow":["GET"]}}],"collection":[{"href":"https:\/\/bigfunhobby.com\/da\/wp-json\/wp\/v2\/product"}],"about":[{"href":"https:\/\/bigfunhobby.com\/da\/wp-json\/wp\/v2\/types\/product"}],"replies":[{"embeddable":true,"href":"https:\/\/bigfunhobby.com\/da\/wp-json\/wp\/v2\/comments?post=7601"}],"wp:featuredmedia":[{"embeddable":true,"href":"https:\/\/bigfunhobby.com\/da\/wp-json\/wp\/v2\/media\/7600"}],"wp:attachment":[{"href":"https:\/\/bigfunhobby.com\/da\/wp-json\/wp\/v2\/media?parent=7601"}],"wp:term":[{"taxonomy":"product_brand","embeddable":true,"href":"https:\/\/bigfunhobby.com\/da\/wp-json\/wp\/v2\/product_brand?post=7601"},{"taxonomy":"product_cat","embeddable":true,"href":"https:\/\/bigfunhobby.com\/da\/wp-json\/wp\/v2\/product_cat?post=7601"},{"taxonomy":"product_tag","embeddable":true,"href":"https:\/\/bigfunhobby.com\/da\/wp-json\/wp\/v2\/product_tag?post=7601"}],"curies":[{"name":"wp","href":"https:\/\/api.w.org\/{rel}","templated":true}]}}