{"id":7603,"date":"2025-03-08T17:12:08","date_gmt":"2025-03-08T17:12:08","guid":{"rendered":"https:\/\/bigfunhobby.com\/butikk\/paints-set-for-ship-model-school-boat-juan-sebastian-elcano-esmeralda\/"},"modified":"2025-12-04T10:59:08","modified_gmt":"2025-12-04T08:59:08","slug":"malingssaet-til-skibsmodel-skolebad-juan-sebastian-elcano-esmeralda","status":"publish","type":"product","link":"https:\/\/bigfunhobby.com\/da\/butikk\/paints-set-for-ship-model-school-boat-juan-sebastian-elcano-esmeralda\/","title":{"rendered":"Farves\u00e6t til skibsmodel: Skoleb\u00e5d Juan Sebastian Elcano \/ Esmeralda"},"content":{"rendered":"<p>Dette malingss\u00e6t til Elcano- og Esmeralda-modelskibe er en uundv\u00e6rlig tilf\u00f8jelse til dit modelv\u00e6rksted. S\u00e6ttet best\u00e5r af seks 20 ml krukker med forskellige akrylfarver, der er perfekt tilpasset til airbrush-maling. De medf\u00f8lgende farver er Off-White, Off-Black, Hull Green, Gold, Semi-Gloss Varnish og Dye for Wood Sapele Color.<\/p>\n<h2>Specifikationer<\/h2>\n<ul>\n<li>Type: Vandbaserede akrylfarver<\/li>\n<li>M\u00e6ngde: 6 krukker med 20 ml<\/li>\n<li>Farver: Off-White, Off-Black, Hull Green, Gold, Semi-Gloss Varnish, Dye for Wood Sapele Colour<\/li>\n<li>Anvendelsesomr\u00e5de: Airbrush og pensel<\/li>\n<li>T\u00f8rretid: T\u00f8r ved ber\u00f8ring p\u00e5 ca. 20 minutter, helt t\u00f8r p\u00e5 en time<\/li>\n<\/ul>\n<h2>Perfekt til modellering<\/h2>\n<p>Disse vandbaserede akrylfarver kan fortyndes med alkohol eller fortynder, hvilket g\u00f8r dem mindre \u00e6tsende og mindre giftige, og de aflejrer sig mindre, hvilket betyder, at der ikke skal r\u00f8res s\u00e5 meget for at opn\u00e5 en j\u00e6vn tekstur. Farverne er perfekte til at male skalamodeller af b\u00e5de den spanske skoleb\u00e5d Juan Sebastian Elcano og den chilenske Esmeralda.<\/p>\n<p>T\u00f8rretiden for disse malinger er meget kort, de t\u00f8rrer normalt ved ber\u00f8ring p\u00e5 ca. 20 minutter og er helt t\u00f8rre p\u00e5 en time. Hvis du har brug for at p\u00e5f\u00f8re et ekstra lag, skal du kun vente ca. 6 timer. Det anbefales at give det en primer, f\u00f8r du p\u00e5f\u00f8rer malingen.<\/p>\n<p>Med dette s\u00e6t farver bliver du i stand til at arbejde med airbrush og deres teknikker. Airbrushing vil give dig de bedste resultater i finishen p\u00e5 dine modeller ved hj\u00e6lp af disse farver!<\/p>\n<p>Forbedr udseendet p\u00e5 dine modelskibe med dette malingss\u00e6t. Perfekt til b\u00e5de begyndere og erfarne modelbyggere. <strong>K\u00f8b dit malingss\u00e6t til Elcano og Esmeralda modelskibe her!<\/strong><\/p>","protected":false},"excerpt":{"rendered":"<p>Dette er et s\u00e6t vandbaseret maling til modelskibene Elcano og Esmeralda. Indeholder seks krukker med forskellige farver, der er perfekte til airbrush-maling og forbedrer udseendet p\u00e5 dine modelskibe.<\/p>","protected":false},"featured_media":7602,"comment_status":"open","ping_status":"closed","template":"","meta":[],"product_brand":[97],"product_cat":[70],"product_tag":[],"class_list":{"0":"post-7603","1":"product","2":"type-product","3":"status-publish","4":"has-post-thumbnail","6":"product_brand-artesania","7":"product_cat-artesania-maling","9":"first","10":"outofstock","11":"taxable","12":"shipping-taxable","13":"purchasable","14":"product-type-simple"},"_links":{"self":[{"href":"https:\/\/bigfunhobby.com\/da\/wp-json\/wp\/v2\/product\/7603","targetHints":{"allow":["GET"]}}],"collection":[{"href":"https:\/\/bigfunhobby.com\/da\/wp-json\/wp\/v2\/product"}],"about":[{"href":"https:\/\/bigfunhobby.com\/da\/wp-json\/wp\/v2\/types\/product"}],"replies":[{"embeddable":true,"href":"https:\/\/bigfunhobby.com\/da\/wp-json\/wp\/v2\/comments?post=7603"}],"wp:featuredmedia":[{"embeddable":true,"href":"https:\/\/bigfunhobby.com\/da\/wp-json\/wp\/v2\/media\/7602"}],"wp:attachment":[{"href":"https:\/\/bigfunhobby.com\/da\/wp-json\/wp\/v2\/media?parent=7603"}],"wp:term":[{"taxonomy":"product_brand","embeddable":true,"href":"https:\/\/bigfunhobby.com\/da\/wp-json\/wp\/v2\/product_brand?post=7603"},{"taxonomy":"product_cat","embeddable":true,"href":"https:\/\/bigfunhobby.com\/da\/wp-json\/wp\/v2\/product_cat?post=7603"},{"taxonomy":"product_tag","embeddable":true,"href":"https:\/\/bigfunhobby.com\/da\/wp-json\/wp\/v2\/product_tag?post=7603"}],"curies":[{"name":"wp","href":"https:\/\/api.w.org\/{rel}","templated":true}]}}