{"id":7615,"date":"2025-03-08T17:12:13","date_gmt":"2025-03-08T17:12:13","guid":{"rendered":"https:\/\/bigfunhobby.com\/butikk\/112-african-queen-plastic-hull\/"},"modified":"2025-12-04T10:59:08","modified_gmt":"2025-12-04T08:59:08","slug":"112-african-queen-plastic-hull","status":"publish","type":"product","link":"https:\/\/bigfunhobby.com\/da\/butikk\/112-african-queen-plastic-hull\/","title":{"rendered":"1:12 AFRIKANSK DRONNING - PLASTSKROG"},"content":{"rendered":"<p>Dette er en detaljert skalamodell av det ikoniske skipet African Queen, kjent fra den klassiske filmen med samme navn. Modellen er utformet i skala 1\/12 og er det perfekte byggesettet for voksne som er interessert i modellbygging.<\/p>\n<p><strong>Specifikationer:<\/strong><\/p>\n<ul>\n<li>Skala: 1\/12<\/li>\n<li>Sv\u00e6rhedsgrad: Erfaren nybegynder<\/li>\n<li>Lengde: 74 cm<\/li>\n<li>Bredde: 21 cm<\/li>\n<li>H\u00f8yde: 43 cm<\/li>\n<li>Skrog i ABS-plast<\/li>\n<li>Modellen kan ogs\u00e5 bygges til \u00e5 bli radiostyrt (medf\u00f8lger ikke utstyr for dette)<\/li>\n<li>N\u00f8dvendig utenom lim, verkt\u00f8y og lakk\/maling (medf\u00f8lger ikke)<\/li>\n<\/ul>\n<p><strong>Historisk baggrund:<\/strong><\/p>\n<p>African Queen er kanskje et lite og beskjedent skip, men det har likevel gravert seg inn i hjertene til mange filmelskere over hele verden. I filmen spiller Katharine Hepburn og Humphrey Bogart hovedrollene som et par som opplever en rekke emosjonelle hendelser under en ferd p\u00e5 en jungelflod i Tanzania under f\u00f8rste verdenskrig. Skipet som ble brukt under filmingen i Uganda ble bygget rundt 1910, og etter en begivenhetsrik historie ble det til slutt brakt til Florida der det n\u00e5 brukes som et fritidsfart\u00f8y.<\/p>\n<p>Byggeinstruksjoner er tilgjengelig p\u00e5 engelsk, fransk, tysk, dansk, nederlandsk og spansk.<\/p>\n<p><strong>Farger anbefalt av produsenten:<\/strong><\/p>\n<ul>\n<li>White<\/li>\n<li>Orange<\/li>\n<li>Tan<\/li>\n<li>Black<\/li>\n<li>Gold<\/li>\n<li>Clear Poly<\/li>\n<li>Aircraft Blue<\/li>\n<li>Copper<\/li>\n<li>Dark Ad Grey<\/li>\n<li>Mahogany<\/li>\n<\/ul>\n<p>Imponer med detaljer og presisjon, og skap din egen versjon av African Queen. Gj\u00f8r deg klar for timer med konsentrert bygging og gleden av \u00e5 se verket ditt ta form. Kj\u00f8p ditt byggesett her i dag.<\/p>","protected":false},"excerpt":{"rendered":"<p>Gjenopplev klassisk filmhistorie med 1:12 African Queen byggesett. Skalamodell i plast og tre for entusiastiske modellbyggere.<\/p>","protected":false},"featured_media":7614,"comment_status":"open","ping_status":"closed","template":"","meta":[],"product_brand":[96],"product_cat":[53],"product_tag":[],"class_list":{"0":"post-7615","1":"product","2":"type-product","3":"status-publish","4":"has-post-thumbnail","6":"product_brand-billing-boats","7":"product_cat-bater-billing-boats","9":"first","10":"instock","11":"taxable","12":"shipping-taxable","13":"purchasable","14":"product-type-simple"},"_links":{"self":[{"href":"https:\/\/bigfunhobby.com\/da\/wp-json\/wp\/v2\/product\/7615","targetHints":{"allow":["GET"]}}],"collection":[{"href":"https:\/\/bigfunhobby.com\/da\/wp-json\/wp\/v2\/product"}],"about":[{"href":"https:\/\/bigfunhobby.com\/da\/wp-json\/wp\/v2\/types\/product"}],"replies":[{"embeddable":true,"href":"https:\/\/bigfunhobby.com\/da\/wp-json\/wp\/v2\/comments?post=7615"}],"wp:featuredmedia":[{"embeddable":true,"href":"https:\/\/bigfunhobby.com\/da\/wp-json\/wp\/v2\/media\/7614"}],"wp:attachment":[{"href":"https:\/\/bigfunhobby.com\/da\/wp-json\/wp\/v2\/media?parent=7615"}],"wp:term":[{"taxonomy":"product_brand","embeddable":true,"href":"https:\/\/bigfunhobby.com\/da\/wp-json\/wp\/v2\/product_brand?post=7615"},{"taxonomy":"product_cat","embeddable":true,"href":"https:\/\/bigfunhobby.com\/da\/wp-json\/wp\/v2\/product_cat?post=7615"},{"taxonomy":"product_tag","embeddable":true,"href":"https:\/\/bigfunhobby.com\/da\/wp-json\/wp\/v2\/product_tag?post=7615"}],"curies":[{"name":"wp","href":"https:\/\/api.w.org\/{rel}","templated":true}]}}