{"id":7619,"date":"2025-03-08T17:12:14","date_gmt":"2025-03-08T17:12:14","guid":{"rendered":"https:\/\/bigfunhobby.com\/butikk\/zl003-santa-maria-1492\/"},"modified":"2025-12-04T10:59:09","modified_gmt":"2025-12-04T08:59:09","slug":"zl003-santa-maria-1492","status":"publish","type":"product","link":"https:\/\/bigfunhobby.com\/da\/butikk\/zl003-santa-maria-1492\/","title":{"rendered":"ZL:003 Santa Maria 1492"},"content":{"rendered":"<p>Udforsk modelverdenen med vores detaljerede Santa Maria 1492-s\u00e6t. Dette er en autentisk tr\u00e6skibsmodel i skala 1:72, som vil tilfredsstille b\u00e5de begyndere og erfarne modelbyggere.<\/p>\n<p><strong>Specifikationer:<\/strong><br \/>\n- Navn: Santa Maria<br \/>\n- Produktnummer: ZL:003<br \/>\n- M\u00e5lestok: 1:72<br \/>\n- L\u00e6ngde: 480 mm<br \/>\n- Bredde: 248 mm<br \/>\n- H\u00f8jde: 390 mm<br \/>\n- Antal i pakken: 1 stk.<br \/>\n- Type af emballage: Kasse (500x350x50 mm)<\/p>\n<p>Dette s\u00e6t indeholder alle lasersk\u00e5rne dele, arrangement af planker p\u00e5 d\u00e6k og borde indgraveret med laser, lasersk\u00e5rne og profilerede planked\u00e6k, kanoner og drejekanoner, tr\u00e6stammer til master og v\u00e6rfter, blokke og d\u00f8de \u00f8jne, wire, flag trykt p\u00e5 l\u00e6rredspapir, lasersk\u00e5rne sejl, tovv\u00e6rk i forskellige tykkelser, akrylmaling, pensler og en farverig instruktion illustreret med mange fotos og beskrivelser, der ikke kun viser trin for trin i byggeriet, men ogs\u00e5 inkluderer teknikker til limning og maling i henhold til regler for detaljeret vejledning.<\/p>\n<p>Santa Maria var Christoffer Columbus' flagskib p\u00e5 hans f\u00f8rste rejse over Atlanterhavet i 1492. Med dette s\u00e6t kan du genopleve historien og skabe en n\u00f8jagtig model af dette ber\u00f8mte skib.<\/p>\n<p>Uanset om du er en veteran inden for modelbygning eller lige er begyndt, vil dette skibsmodels\u00e6t af tr\u00e6 give dig timevis af sp\u00e6ndende og givende arbejde. Start dit eventyr i dag, og se, hvor langt dine modelf\u00e6rdigheder kan bringe dig. K\u00f8b her, og start din rejse!<\/p>","protected":false},"excerpt":{"rendered":"<p>Imponerende skibsmodel i tr\u00e6 af Santa Maria 1492. Et komplet tr\u00e6s\u00e6t med lasersk\u00e5rne dele og detaljerede instruktioner, perfekt til b\u00e5de begyndere og erfarne modelbyggere.<\/p>","protected":false},"featured_media":7618,"comment_status":"open","ping_status":"closed","template":"","meta":[],"product_brand":[],"product_cat":[71],"product_tag":[],"class_list":{"0":"post-7619","1":"product","2":"type-product","3":"status-publish","4":"has-post-thumbnail","6":"product_cat-shipyard-marine-miniatures","8":"first","9":"outofstock","10":"taxable","11":"shipping-taxable","12":"purchasable","13":"product-type-simple"},"_links":{"self":[{"href":"https:\/\/bigfunhobby.com\/da\/wp-json\/wp\/v2\/product\/7619","targetHints":{"allow":["GET"]}}],"collection":[{"href":"https:\/\/bigfunhobby.com\/da\/wp-json\/wp\/v2\/product"}],"about":[{"href":"https:\/\/bigfunhobby.com\/da\/wp-json\/wp\/v2\/types\/product"}],"replies":[{"embeddable":true,"href":"https:\/\/bigfunhobby.com\/da\/wp-json\/wp\/v2\/comments?post=7619"}],"wp:featuredmedia":[{"embeddable":true,"href":"https:\/\/bigfunhobby.com\/da\/wp-json\/wp\/v2\/media\/7618"}],"wp:attachment":[{"href":"https:\/\/bigfunhobby.com\/da\/wp-json\/wp\/v2\/media?parent=7619"}],"wp:term":[{"taxonomy":"product_brand","embeddable":true,"href":"https:\/\/bigfunhobby.com\/da\/wp-json\/wp\/v2\/product_brand?post=7619"},{"taxonomy":"product_cat","embeddable":true,"href":"https:\/\/bigfunhobby.com\/da\/wp-json\/wp\/v2\/product_cat?post=7619"},{"taxonomy":"product_tag","embeddable":true,"href":"https:\/\/bigfunhobby.com\/da\/wp-json\/wp\/v2\/product_tag?post=7619"}],"curies":[{"name":"wp","href":"https:\/\/api.w.org\/{rel}","templated":true}]}}