{"id":7629,"date":"2025-03-08T17:12:17","date_gmt":"2025-03-08T17:12:17","guid":{"rendered":"https:\/\/bigfunhobby.com\/butikk\/zl011-ulkokalla-lighthouse\/"},"modified":"2025-12-04T10:59:10","modified_gmt":"2025-12-04T08:59:10","slug":"zl011-ulkokalla-lighthouse","status":"publish","type":"product","link":"https:\/\/bigfunhobby.com\/da\/butikk\/zl011-ulkokalla-lighthouse\/","title":{"rendered":"ZL:011 Ulkokalla Fyrt\u00e5rn"},"content":{"rendered":"<p>ZL:011 Ulkokalla Lighthouse er et imponerende byggesett som lar deg gjenopplive den arkitektoniske skj\u00f8nnheten til et ekte fyrt\u00e5rn. Med en skala p\u00e5 1:72, vil denne skalamodellen v\u00e6re et utmerket tillegg til enhver modellsamling, uansett om du er en erfaren entusiast eller en nybegynner.<\/p>\n<p><strong>Specifikationer:<\/strong><\/p>","protected":false},"excerpt":{"rendered":"<p>ZL:011 Ulkokalla Lighthouse er et detaljert byggesett av et fyrt\u00e5rn, perfekt for modellbyggingsentusiaster som \u00f8nsker en autentisk skalamodell i 1:72. Settet inkluderer alt du trenger for \u00e5 sette sammen en realistisk modell.<\/p>","protected":false},"featured_media":7628,"comment_status":"open","ping_status":"closed","template":"","meta":[],"product_brand":[],"product_cat":[71],"product_tag":[],"class_list":{"0":"post-7629","1":"product","2":"type-product","3":"status-publish","4":"has-post-thumbnail","6":"product_cat-shipyard-marine-miniatures","8":"first","9":"instock","10":"taxable","11":"shipping-taxable","12":"purchasable","13":"product-type-simple"},"_links":{"self":[{"href":"https:\/\/bigfunhobby.com\/da\/wp-json\/wp\/v2\/product\/7629","targetHints":{"allow":["GET"]}}],"collection":[{"href":"https:\/\/bigfunhobby.com\/da\/wp-json\/wp\/v2\/product"}],"about":[{"href":"https:\/\/bigfunhobby.com\/da\/wp-json\/wp\/v2\/types\/product"}],"replies":[{"embeddable":true,"href":"https:\/\/bigfunhobby.com\/da\/wp-json\/wp\/v2\/comments?post=7629"}],"wp:featuredmedia":[{"embeddable":true,"href":"https:\/\/bigfunhobby.com\/da\/wp-json\/wp\/v2\/media\/7628"}],"wp:attachment":[{"href":"https:\/\/bigfunhobby.com\/da\/wp-json\/wp\/v2\/media?parent=7629"}],"wp:term":[{"taxonomy":"product_brand","embeddable":true,"href":"https:\/\/bigfunhobby.com\/da\/wp-json\/wp\/v2\/product_brand?post=7629"},{"taxonomy":"product_cat","embeddable":true,"href":"https:\/\/bigfunhobby.com\/da\/wp-json\/wp\/v2\/product_cat?post=7629"},{"taxonomy":"product_tag","embeddable":true,"href":"https:\/\/bigfunhobby.com\/da\/wp-json\/wp\/v2\/product_tag?post=7629"}],"curies":[{"name":"wp","href":"https:\/\/api.w.org\/{rel}","templated":true}]}}