{"id":7641,"date":"2025-03-08T17:12:21","date_gmt":"2025-03-08T17:12:21","guid":{"rendered":"https:\/\/bigfunhobby.com\/butikk\/asb002-single-blocks-3-mm\/"},"modified":"2025-12-04T10:59:10","modified_gmt":"2025-12-04T08:59:10","slug":"asb002-single-blocks-3-mm","status":"publish","type":"product","link":"https:\/\/bigfunhobby.com\/da\/butikk\/asb002-single-blocks-3-mm\/","title":{"rendered":"ASB:002 Enkeltblokke 3 mm"},"content":{"rendered":"<p>ASB:002 Single Blocks 3 mm er et kvalitetsbyggesett som tilbyr en engasjerende og givende opplevelse for alle som er interessert i modellbygging. Enten du er en erfaren modellbygger, eller bare begynner, vil dette settet tilby deg timer med kreativ moro.<\/p>\n<p><strong>Specifikationer:<\/strong><br \/>\n&#8211; Navn: Single Block 3 mm<br \/>\n&#8211; Katalognummer: ASB:002<br \/>\n&#8211; Antall i pakken: 40 stk<br \/>\n&#8211; Pakketype: Blisterpakning (165x73x9 mm)<\/p>\n<p>Settet inkluderer alle deler kuttet med laser, samt en byggeinstruksjon. Instruksjonene er tilgjengelige p\u00e5 engelsk, tysk og polsk.<\/p>\n<p><strong>Materialer:<\/strong><br \/>\nDette byggesettet er laget med presisjon og omsorg for detaljer. Alle deler er n\u00f8ye kuttet med laser for \u00e5 sikre den h\u00f8yeste kvaliteten og enkel montering.<\/p>\n<p>Dette byggesettet er perfekt for de som er interessert i skalamodellering, og det gir en autentisk opplevelse av modellbygging. Kombinasjonen av presisjonskuttede deler og klare instruksjoner gj\u00f8r dette settet til et ideelt valg for b\u00e5de nybegynnere og erfarne modellbyggere.<\/p>\n<p>Ikke vent, begynn din modellbyggingsreise n\u00e5. Bestill ASB:002 Single Blocks 3 mm byggesett i dag!<\/p>","protected":false},"excerpt":{"rendered":"<p>ASB:002 Single Blocks 3 mm er et byggesett med 40 laser-kuttede deler for selvmontering, perfekt for entusiaster innen modellbygging.<\/p>","protected":false},"featured_media":7640,"comment_status":"open","ping_status":"closed","template":"","meta":[],"product_brand":[],"product_cat":[66],"product_tag":[],"class_list":{"0":"post-7641","1":"product","2":"type-product","3":"status-publish","4":"has-post-thumbnail","6":"product_cat-blokker-sjakkler-tauverk","8":"first","9":"instock","10":"taxable","11":"shipping-taxable","12":"purchasable","13":"product-type-simple"},"_links":{"self":[{"href":"https:\/\/bigfunhobby.com\/da\/wp-json\/wp\/v2\/product\/7641","targetHints":{"allow":["GET"]}}],"collection":[{"href":"https:\/\/bigfunhobby.com\/da\/wp-json\/wp\/v2\/product"}],"about":[{"href":"https:\/\/bigfunhobby.com\/da\/wp-json\/wp\/v2\/types\/product"}],"replies":[{"embeddable":true,"href":"https:\/\/bigfunhobby.com\/da\/wp-json\/wp\/v2\/comments?post=7641"}],"wp:featuredmedia":[{"embeddable":true,"href":"https:\/\/bigfunhobby.com\/da\/wp-json\/wp\/v2\/media\/7640"}],"wp:attachment":[{"href":"https:\/\/bigfunhobby.com\/da\/wp-json\/wp\/v2\/media?parent=7641"}],"wp:term":[{"taxonomy":"product_brand","embeddable":true,"href":"https:\/\/bigfunhobby.com\/da\/wp-json\/wp\/v2\/product_brand?post=7641"},{"taxonomy":"product_cat","embeddable":true,"href":"https:\/\/bigfunhobby.com\/da\/wp-json\/wp\/v2\/product_cat?post=7641"},{"taxonomy":"product_tag","embeddable":true,"href":"https:\/\/bigfunhobby.com\/da\/wp-json\/wp\/v2\/product_tag?post=7641"}],"curies":[{"name":"wp","href":"https:\/\/api.w.org\/{rel}","templated":true}]}}