{"id":7643,"date":"2025-03-08T17:12:22","date_gmt":"2025-03-08T17:12:22","guid":{"rendered":"https:\/\/bigfunhobby.com\/butikk\/asb003-single-blocks-4-mm\/"},"modified":"2025-12-04T10:59:10","modified_gmt":"2025-12-04T08:59:10","slug":"asb003-enkelte-blokke-4-mm","status":"publish","type":"product","link":"https:\/\/bigfunhobby.com\/da\/butikk\/asb003-single-blocks-4-mm\/","title":{"rendered":"ASB:003 Enkeltblokke 4 mm"},"content":{"rendered":"<p>ASB:003 Single Blocks 4 mm-s\u00e6ttet giver dig mulighed for at udforske modellering p\u00e5 et helt nyt niveau. S\u00e6ttet er perfekt til entusiaster, der \u00f8nsker pr\u00e6cision og detaljer i deres projekter.<\/p>\n<p><strong>Detaljer om produktet:<\/strong><\/p>","protected":false},"excerpt":{"rendered":"<p>ASB:003 Single Blocks 4 mm er et bygges\u00e6t i h\u00f8j kvalitet, perfekt til detaljeret modelbygning. Indeholder lasersk\u00e5rne dele og instruktioner p\u00e5 flere sprog.<\/p>","protected":false},"featured_media":7642,"comment_status":"open","ping_status":"closed","template":"","meta":[],"product_brand":[],"product_cat":[66],"product_tag":[],"class_list":{"0":"post-7643","1":"product","2":"type-product","3":"status-publish","4":"has-post-thumbnail","6":"product_cat-blokker-sjakkler-tauverk","8":"first","9":"instock","10":"taxable","11":"shipping-taxable","12":"purchasable","13":"product-type-simple"},"_links":{"self":[{"href":"https:\/\/bigfunhobby.com\/da\/wp-json\/wp\/v2\/product\/7643","targetHints":{"allow":["GET"]}}],"collection":[{"href":"https:\/\/bigfunhobby.com\/da\/wp-json\/wp\/v2\/product"}],"about":[{"href":"https:\/\/bigfunhobby.com\/da\/wp-json\/wp\/v2\/types\/product"}],"replies":[{"embeddable":true,"href":"https:\/\/bigfunhobby.com\/da\/wp-json\/wp\/v2\/comments?post=7643"}],"wp:featuredmedia":[{"embeddable":true,"href":"https:\/\/bigfunhobby.com\/da\/wp-json\/wp\/v2\/media\/7642"}],"wp:attachment":[{"href":"https:\/\/bigfunhobby.com\/da\/wp-json\/wp\/v2\/media?parent=7643"}],"wp:term":[{"taxonomy":"product_brand","embeddable":true,"href":"https:\/\/bigfunhobby.com\/da\/wp-json\/wp\/v2\/product_brand?post=7643"},{"taxonomy":"product_cat","embeddable":true,"href":"https:\/\/bigfunhobby.com\/da\/wp-json\/wp\/v2\/product_cat?post=7643"},{"taxonomy":"product_tag","embeddable":true,"href":"https:\/\/bigfunhobby.com\/da\/wp-json\/wp\/v2\/product_tag?post=7643"}],"curies":[{"name":"wp","href":"https:\/\/api.w.org\/{rel}","templated":true}]}}