{"id":7651,"date":"2025-03-08T17:12:24","date_gmt":"2025-03-08T17:12:24","guid":{"rendered":"https:\/\/bigfunhobby.com\/butikk\/asb008-double-blocks-5-mm\/"},"modified":"2025-12-04T10:59:10","modified_gmt":"2025-12-04T08:59:10","slug":"asb008-double-blocks-5-mm","status":"publish","type":"product","link":"https:\/\/bigfunhobby.com\/da\/butikk\/asb008-double-blocks-5-mm\/","title":{"rendered":"ASB:008 Dobbeltblokke 5 mm"},"content":{"rendered":"<p>ASB:008 Double Blocks 5 mm er det ideelle verkt\u00f8yet for \u00e5 ta modellbyggingen til et nytt niv\u00e5. Disse blokkene i perfekt skala gir enest\u00e5ende detalj og presisjon, noe som er avgj\u00f8rende for \u00e5 skape realistiske og troverdige modeller.<\/p>\n<p><strong>Produktspecifikationer:<\/strong><br \/>&#8211; Navn: Double Block 5 mm<br \/>&#8211; Katalognummer: ASB:008<br \/>&#8211; Antall i pakken: 10 stykker<br \/>&#8211; Pakningstype: Blisterpakke (165x73x9 mm)<\/p>\n<p>Dette byggesettet inkluderer alle deler kuttet med laser for \u00e5 sikre presisjon. Dette gj\u00f8r det lettere \u00e5 montere modellen og gir et mer profesjonelt resultat. Byggeinstruksjoner er inkludert p\u00e5 engelsk, tysk og polsk.<\/p>\n<p>Disse blokkene er utformet for selvsamling, noe som gir deg full kontroll over byggeprosessen. Det gir ogs\u00e5 en ekstra f\u00f8lelse av tilfredshet n\u00e5r du ser det ferdige produktet, og vet at du har satt sammen hver eneste del selv.<\/p>\n<p>Enten du er en erfaren modellbygger eller bare begynner, er disse blokkene et utmerket tillegg til samlingen din. De kan brukes i en rekke prosjekter, fra treskipsmodeller til plastmodeller og modelljernbane. <\/p>\n<p>Ikke g\u00e5 glipp av muligheten til \u00e5 forbedre modellbyggingen din. Kj\u00f8p ASB:008 Double Blocks 5 mm i dag og oppdag forskjellen de kan gj\u00f8re i dine byggeprosjekter.<\/p>","protected":false},"excerpt":{"rendered":"<p>ASB:008 Double Blocks 5 mm er et byggesett med ti laserkuttede blokker, perfekt for presisjon og detaljer i modellbyggingen din.<\/p>","protected":false},"featured_media":7650,"comment_status":"open","ping_status":"closed","template":"","meta":[],"product_brand":[],"product_cat":[66],"product_tag":[],"class_list":{"0":"post-7651","1":"product","2":"type-product","3":"status-publish","4":"has-post-thumbnail","6":"product_cat-blokker-sjakkler-tauverk","8":"first","9":"instock","10":"taxable","11":"shipping-taxable","12":"purchasable","13":"product-type-simple"},"_links":{"self":[{"href":"https:\/\/bigfunhobby.com\/da\/wp-json\/wp\/v2\/product\/7651","targetHints":{"allow":["GET"]}}],"collection":[{"href":"https:\/\/bigfunhobby.com\/da\/wp-json\/wp\/v2\/product"}],"about":[{"href":"https:\/\/bigfunhobby.com\/da\/wp-json\/wp\/v2\/types\/product"}],"replies":[{"embeddable":true,"href":"https:\/\/bigfunhobby.com\/da\/wp-json\/wp\/v2\/comments?post=7651"}],"wp:featuredmedia":[{"embeddable":true,"href":"https:\/\/bigfunhobby.com\/da\/wp-json\/wp\/v2\/media\/7650"}],"wp:attachment":[{"href":"https:\/\/bigfunhobby.com\/da\/wp-json\/wp\/v2\/media?parent=7651"}],"wp:term":[{"taxonomy":"product_brand","embeddable":true,"href":"https:\/\/bigfunhobby.com\/da\/wp-json\/wp\/v2\/product_brand?post=7651"},{"taxonomy":"product_cat","embeddable":true,"href":"https:\/\/bigfunhobby.com\/da\/wp-json\/wp\/v2\/product_cat?post=7651"},{"taxonomy":"product_tag","embeddable":true,"href":"https:\/\/bigfunhobby.com\/da\/wp-json\/wp\/v2\/product_tag?post=7651"}],"curies":[{"name":"wp","href":"https:\/\/api.w.org\/{rel}","templated":true}]}}