{"id":7653,"date":"2025-03-08T17:12:25","date_gmt":"2025-03-08T17:12:25","guid":{"rendered":"https:\/\/bigfunhobby.com\/butikk\/triple-blocks-4mm-10-pieces\/"},"modified":"2025-12-04T10:59:10","modified_gmt":"2025-12-04T08:59:10","slug":"tredobbelte-blokke-4mm-10-stk","status":"publish","type":"product","link":"https:\/\/bigfunhobby.com\/da\/butikk\/triple-blocks-4mm-10-pieces\/","title":{"rendered":"Tredobbelte blokke 4 mm (10 stk.)"},"content":{"rendered":"<p>Triple Blocks 4 mm-s\u00e6ttet er et fremragende valg for alle, der er interesserede i modelbyggeri. Uanset om du er en erfaren entusiast eller en nybegynder, vil dette s\u00e6t give dig en givende og engagerende byggeoplevelse.<\/p>\n<p>Specifikationer:<br \/>\n- Produktnavn: Tredobbelte blokke 4mm<br \/>\n- Varenummer: ASB:010<br \/>\n- Antal i pakken: 10 stykker<br \/>\n- Emballagetype: Blisterpakning (165x73x9 mm)<\/p>\n<p>S\u00e6ttet indeholder:<br \/>\n- Alle dele er lasersk\u00e5ret for pr\u00e6cision og detaljer<br \/>\n- Byggevejledning p\u00e5 engelsk, tysk og polsk<\/p>\n<p>Triple Blocks 4 mm-s\u00e6ttet er designet til selvmontering og giver dig fuld kontrol over byggeprocessen. S\u00e6ttet er ideelt til at udvikle modelleringsf\u00e6rdigheder og giver dig ogs\u00e5 en f\u00f8lelse af tilfredshed, n\u00e5r du er f\u00e6rdig med dit projekt.<\/p>\n<p>Uanset om du er interesseret i tr\u00e6skibsmodeller, plastikmodeller, modeljernbaner eller fjernstyrede k\u00f8ret\u00f8jer, vil du finde Triple Blocks 4 mm-s\u00e6ttet som en v\u00e6rdifuld tilf\u00f8jelse til din samling.<\/p>\n<p>Vent ikke, start din modelrejse i dag med Triple Blocks 4 mm-s\u00e6ttet. K\u00f8b her, og tag del i denne fascinerende hobby!<\/p>","protected":false},"excerpt":{"rendered":"<p>Triple Blocks 4mm er et lasersk\u00e5ret modelbygges\u00e6t, der er ideelt til b\u00e5de begyndere og erfarne entusiaster. Indeholder 10 dele til selvmontering.<\/p>","protected":false},"featured_media":7652,"comment_status":"open","ping_status":"closed","template":"","meta":[],"product_brand":[],"product_cat":[66],"product_tag":[],"class_list":{"0":"post-7653","1":"product","2":"type-product","3":"status-publish","4":"has-post-thumbnail","6":"product_cat-blokker-sjakkler-tauverk","8":"first","9":"instock","10":"taxable","11":"shipping-taxable","12":"purchasable","13":"product-type-simple"},"_links":{"self":[{"href":"https:\/\/bigfunhobby.com\/da\/wp-json\/wp\/v2\/product\/7653","targetHints":{"allow":["GET"]}}],"collection":[{"href":"https:\/\/bigfunhobby.com\/da\/wp-json\/wp\/v2\/product"}],"about":[{"href":"https:\/\/bigfunhobby.com\/da\/wp-json\/wp\/v2\/types\/product"}],"replies":[{"embeddable":true,"href":"https:\/\/bigfunhobby.com\/da\/wp-json\/wp\/v2\/comments?post=7653"}],"wp:featuredmedia":[{"embeddable":true,"href":"https:\/\/bigfunhobby.com\/da\/wp-json\/wp\/v2\/media\/7652"}],"wp:attachment":[{"href":"https:\/\/bigfunhobby.com\/da\/wp-json\/wp\/v2\/media?parent=7653"}],"wp:term":[{"taxonomy":"product_brand","embeddable":true,"href":"https:\/\/bigfunhobby.com\/da\/wp-json\/wp\/v2\/product_brand?post=7653"},{"taxonomy":"product_cat","embeddable":true,"href":"https:\/\/bigfunhobby.com\/da\/wp-json\/wp\/v2\/product_cat?post=7653"},{"taxonomy":"product_tag","embeddable":true,"href":"https:\/\/bigfunhobby.com\/da\/wp-json\/wp\/v2\/product_tag?post=7653"}],"curies":[{"name":"wp","href":"https:\/\/api.w.org\/{rel}","templated":true}]}}