{"id":7673,"date":"2025-03-08T17:12:31","date_gmt":"2025-03-08T17:12:31","guid":{"rendered":"https:\/\/bigfunhobby.com\/butikk\/gauge-h0-article-no-24188-straight-track\/"},"modified":"2025-12-04T10:59:10","modified_gmt":"2025-12-04T08:59:10","slug":"gauge-h0-article-no-24188-straight-track","status":"publish","type":"product","link":"https:\/\/bigfunhobby.com\/da\/butikk\/gauge-h0-article-no-24188-straight-track\/","title":{"rendered":"Sporvidde H0 - artikel nr. 24188 Lige spor"},"content":{"rendered":"<p>Gauge H0 &#8211; Artikkel Nr. 24188 rett spor er et n\u00f8dvendig tillegg til ethvert modelljernbaneoppsett. Med en lengde p\u00e5 188,3 mm, passer dette sporet s\u00f8ml\u00f8st inn i din modelljernbane, og gir deg muligheten til \u00e5 utvide og tilpasse din egen skalamodellverden.<\/p>\n<p><strong>Specifikationer:<\/strong><\/p>\n<ul>\n<li>Skala: H0<\/li>\n<li>Lengde: 188,3 mm<\/li>\n<\/ul>\n<p>Produsert med presisjon og \u00f8ye for detaljer, er dette rette sporet designet for \u00e5 t\u00e5le tidens tann og mange timers bruk. Det er enkelt \u00e5 installere, noe som gj\u00f8r det til et ideelt valg for b\u00e5de nybegynnere innen modellbygging og for erfarne entusiaster.<\/p>\n<p>Modelljernbaner har en rik historie og har v\u00e6rt en popul\u00e6r hobby for mange generasjoner. Ved \u00e5 legge til dette rette sporet i din modelljernbane, blir du en del av denne tradisjonen, samtidig som du har muligheten til \u00e5 skape din egen unike verden i miniatyr.<\/p>\n<p>Ikke vent, utvid din modelljernbane i dag. Bestill Gauge H0 &#8211; Artikkel Nr. 24188 rett spor n\u00e5 og ta modellbyggingen til et nytt niv\u00e5.<\/p>","protected":false},"excerpt":{"rendered":"<p>Gauge H0 &#8211; Artikkel Nr. 24188 rett spor er et h\u00f8ykvalitets stykke modelljernbaneutstyr, perfekt for b\u00e5de nye og erfarne modellbyggere.<\/p>","protected":false},"featured_media":7672,"comment_status":"open","ping_status":"closed","template":"","meta":[],"product_brand":[107],"product_cat":[72],"product_tag":[],"class_list":{"0":"post-7673","1":"product","2":"type-product","3":"status-publish","4":"has-post-thumbnail","6":"product_brand-marklin","7":"product_cat-marklin-h0-originalen","9":"first","10":"instock","11":"taxable","12":"shipping-taxable","13":"purchasable","14":"product-type-simple"},"_links":{"self":[{"href":"https:\/\/bigfunhobby.com\/da\/wp-json\/wp\/v2\/product\/7673","targetHints":{"allow":["GET"]}}],"collection":[{"href":"https:\/\/bigfunhobby.com\/da\/wp-json\/wp\/v2\/product"}],"about":[{"href":"https:\/\/bigfunhobby.com\/da\/wp-json\/wp\/v2\/types\/product"}],"replies":[{"embeddable":true,"href":"https:\/\/bigfunhobby.com\/da\/wp-json\/wp\/v2\/comments?post=7673"}],"wp:featuredmedia":[{"embeddable":true,"href":"https:\/\/bigfunhobby.com\/da\/wp-json\/wp\/v2\/media\/7672"}],"wp:attachment":[{"href":"https:\/\/bigfunhobby.com\/da\/wp-json\/wp\/v2\/media?parent=7673"}],"wp:term":[{"taxonomy":"product_brand","embeddable":true,"href":"https:\/\/bigfunhobby.com\/da\/wp-json\/wp\/v2\/product_brand?post=7673"},{"taxonomy":"product_cat","embeddable":true,"href":"https:\/\/bigfunhobby.com\/da\/wp-json\/wp\/v2\/product_cat?post=7673"},{"taxonomy":"product_tag","embeddable":true,"href":"https:\/\/bigfunhobby.com\/da\/wp-json\/wp\/v2\/product_tag?post=7673"}],"curies":[{"name":"wp","href":"https:\/\/api.w.org\/{rel}","templated":true}]}}