{"id":7689,"date":"2025-03-08T17:12:35","date_gmt":"2025-03-08T17:12:35","guid":{"rendered":"https:\/\/bigfunhobby.com\/butikk\/gauge-h0-article-no-24236-straight-track\/"},"modified":"2025-12-04T10:59:12","modified_gmt":"2025-12-04T08:59:12","slug":"gauge-h0-article-no-24236-straight-track","status":"publish","type":"product","link":"https:\/\/bigfunhobby.com\/da\/butikk\/gauge-h0-article-no-24236-straight-track\/","title":{"rendered":"Sporvidde H0 - artikel nr. 24236 Lige spor"},"content":{"rendered":"<p>Gauge H0 &#8211; Artikkel No. 24236 Rett spor er en n\u00f8dvendig del av ethvert seri\u00f8st modelljernbaneoppsett. Dette rette sporet er designet for \u00e5 passe perfekt i st\u00f8rrelse med brede radiusveksler og vinkelkryss, noe som gir en jevn og helhetlig opplevelse i modelljernbanens landskap.<\/p>\n<ul>\n<li>Lengde: 236.1 mm \/ 9-5\/16&#8242;<\/li>\n<li>Samme lengde som brede radiusveksler og vinkelkryss<\/li>\n<li>Perfekt for \u00e5 skape en helhetlig og jevn modelljernbane<\/li>\n<\/ul>\n<p>Modelljernbaner har en rik og fascinerende historie, og det \u00e5 bygge din egen er en flott m\u00e5te \u00e5 bli en del av denne tradisjonen p\u00e5. Enten du er en erfaren modelljernbaneentusiast eller en nybegynner i hobbyen, vil v\u00e5rt rette spor hjelpe deg med \u00e5 skape et imponerende og detaljert jernbanemilj\u00f8.<\/p>\n<p>Hvis du elsker detaljer og n\u00f8yaktighet i modellbygging, er dette rette sporet ideelt for \u00e5 bringe din modelljernbane til liv. Kj\u00f8p Gauge H0 &#8211; Artikkel No. 24236 Rett spor n\u00e5 og start byggingen av din modelljernbane i dag!<\/p>","protected":false},"excerpt":{"rendered":"<p>Gauge H0 &#8211; Artikkel No. 24236 Rett spor er en standardlengde modelljernbane som matcher lengden til brede radiusveksler og vinkelkryss.<\/p>","protected":false},"featured_media":7688,"comment_status":"open","ping_status":"closed","template":"","meta":[],"product_brand":[107],"product_cat":[72],"product_tag":[],"class_list":{"0":"post-7689","1":"product","2":"type-product","3":"status-publish","4":"has-post-thumbnail","6":"product_brand-marklin","7":"product_cat-marklin-h0-originalen","9":"first","10":"instock","11":"taxable","12":"shipping-taxable","13":"purchasable","14":"product-type-simple"},"_links":{"self":[{"href":"https:\/\/bigfunhobby.com\/da\/wp-json\/wp\/v2\/product\/7689","targetHints":{"allow":["GET"]}}],"collection":[{"href":"https:\/\/bigfunhobby.com\/da\/wp-json\/wp\/v2\/product"}],"about":[{"href":"https:\/\/bigfunhobby.com\/da\/wp-json\/wp\/v2\/types\/product"}],"replies":[{"embeddable":true,"href":"https:\/\/bigfunhobby.com\/da\/wp-json\/wp\/v2\/comments?post=7689"}],"wp:featuredmedia":[{"embeddable":true,"href":"https:\/\/bigfunhobby.com\/da\/wp-json\/wp\/v2\/media\/7688"}],"wp:attachment":[{"href":"https:\/\/bigfunhobby.com\/da\/wp-json\/wp\/v2\/media?parent=7689"}],"wp:term":[{"taxonomy":"product_brand","embeddable":true,"href":"https:\/\/bigfunhobby.com\/da\/wp-json\/wp\/v2\/product_brand?post=7689"},{"taxonomy":"product_cat","embeddable":true,"href":"https:\/\/bigfunhobby.com\/da\/wp-json\/wp\/v2\/product_cat?post=7689"},{"taxonomy":"product_tag","embeddable":true,"href":"https:\/\/bigfunhobby.com\/da\/wp-json\/wp\/v2\/product_tag?post=7689"}],"curies":[{"name":"wp","href":"https:\/\/api.w.org\/{rel}","templated":true}]}}