{"id":7733,"date":"2025-03-08T17:12:49","date_gmt":"2025-03-08T17:12:49","guid":{"rendered":"https:\/\/bigfunhobby.com\/butikk\/gauge-h0-article-no-24902-c-track-c2-extension-set\/"},"modified":"2025-12-04T10:59:12","modified_gmt":"2025-12-04T08:59:12","slug":"gauge-h0-article-no-24902-c-track-c2-extension-set","status":"publish","type":"product","link":"https:\/\/bigfunhobby.com\/da\/butikk\/gauge-h0-article-no-24902-c-track-c2-extension-set\/","title":{"rendered":"Gauge H0 &#8211; Article No. 24902 C Track C2 Extension Set"},"content":{"rendered":"<p>Opplev mer moro og realisme i modelljernbanehobbyen din med Gauge H0 &#8211; Article No. 24902 C Track C2 Extension Set. Dette utvidelsessettet er perfekt for \u00e5 gi modelljernbanen din mer dybde og variasjon.<\/p>\n<ul>\n<li>Inneholder 3 nr. 24188 rett spor, 5 nr. 24172 rett spor, 2 nr. 24224 kurvet spor, 1 nr. 24611 sporveksel og 1 nr. 24612 sporveksel.<\/li>\n<li>Medf\u00f8lgende instruksjoner gj\u00f8r det enkelt \u00e5 utvide oppsettet ditt.<\/li>\n<li>Utformet for \u00e5 utvide den lille C Track startpakken med en forbikj\u00f8ringsdel.<\/li>\n<\/ul>\n<p>Spor i Gauge H0-skala gir en detaljert og realistisk modelljernbane. Ved \u00e5 legge til flere spor og sporveksler, kan du skape mer komplekse og interessante oppsett. Enten du er en erfaren modelljernbaneentusiast eller en nybegynner, vil dette utvidelsessettet gi deg mange muligheter for \u00e5 uttrykke din kreativitet og byggeferdigheter.<\/p>\n<p>Ikke n\u00f8l med \u00e5 utvide horisonten og bringe modelljernbanen til et nytt niv\u00e5. Klikk p\u00e5 &#8216;Kj\u00f8p her&#8217; for \u00e5 legge dette utvidelsessettet til i samlingen din, og la byggeeventyret begynne. <\/p>","protected":false},"excerpt":{"rendered":"<p>Utvid din modelljernbane med Gauge H0 &#8211; Article No. 24902 C Track C2 Extension Set. F\u00e5 mer dynamikk og realisme med ekstra spor og veikryss.<\/p>","protected":false},"featured_media":7732,"comment_status":"open","ping_status":"closed","template":"","meta":[],"product_brand":[107],"product_cat":[72,113],"product_tag":[],"class_list":{"0":"post-7733","1":"product","2":"type-product","3":"status-publish","4":"has-post-thumbnail","6":"product_brand-marklin","7":"product_cat-marklin-h0-originalen","8":"product_cat-startersets","10":"first","11":"instock","12":"taxable","13":"shipping-taxable","14":"purchasable","15":"product-type-simple"},"_links":{"self":[{"href":"https:\/\/bigfunhobby.com\/da\/wp-json\/wp\/v2\/product\/7733","targetHints":{"allow":["GET"]}}],"collection":[{"href":"https:\/\/bigfunhobby.com\/da\/wp-json\/wp\/v2\/product"}],"about":[{"href":"https:\/\/bigfunhobby.com\/da\/wp-json\/wp\/v2\/types\/product"}],"replies":[{"embeddable":true,"href":"https:\/\/bigfunhobby.com\/da\/wp-json\/wp\/v2\/comments?post=7733"}],"wp:featuredmedia":[{"embeddable":true,"href":"https:\/\/bigfunhobby.com\/da\/wp-json\/wp\/v2\/media\/7732"}],"wp:attachment":[{"href":"https:\/\/bigfunhobby.com\/da\/wp-json\/wp\/v2\/media?parent=7733"}],"wp:term":[{"taxonomy":"product_brand","embeddable":true,"href":"https:\/\/bigfunhobby.com\/da\/wp-json\/wp\/v2\/product_brand?post=7733"},{"taxonomy":"product_cat","embeddable":true,"href":"https:\/\/bigfunhobby.com\/da\/wp-json\/wp\/v2\/product_cat?post=7733"},{"taxonomy":"product_tag","embeddable":true,"href":"https:\/\/bigfunhobby.com\/da\/wp-json\/wp\/v2\/product_tag?post=7733"}],"curies":[{"name":"wp","href":"https:\/\/api.w.org\/{rel}","templated":true}]}}