{"id":7739,"date":"2025-03-08T17:12:51","date_gmt":"2025-03-08T17:12:51","guid":{"rendered":"https:\/\/bigfunhobby.com\/butikk\/gauge-h0-article-no-24905-c-track-c5-track-extension-set\/"},"modified":"2026-04-11T19:22:00","modified_gmt":"2026-04-11T17:22:00","slug":"gauge-h0-article-no-24905-c-track-c5-track-extension-set","status":"publish","type":"product","link":"https:\/\/bigfunhobby.com\/da\/butikk\/gauge-h0-article-no-24905-c-track-c5-track-extension-set\/","title":{"rendered":"Gauge H0 &#8211; Article No. 24905 C Track C5 Track Extension Set"},"content":{"rendered":"<p>Dra nytte av Gauge H0 &#8211; Article No. 24905 C Track C5 Track Extension Set for \u00e5 utvide og forbedre modelljernbanen din. Dette settet er perfekt for b\u00e5de nybegynnere og erfarne modelljernbane-entusiaster.<\/p>\n<ul>\n<li>7 stk. 24188 rette skinner<\/li>\n<li>7 stk. 24172 rette skinner<\/li>\n<li>2 stk. 24094 rette skinner<\/li>\n<li>1 stk. 24224 b\u00f8yde skinner<\/li>\n<li>1 stk. 24611 sporveksel<\/li>\n<li>1 stk. 24612 sporveksel<\/li>\n<li>1 stk. 24620 dobbel sporveksel<\/li>\n<li>4 stk. 24977 spor ender med sporbumpere<\/li>\n<\/ul>\n<p>Dette settet er ideelt for \u00e5 utvide C Track-startsettene for \u00e5 inkludere lagringsspor og en verftsledning.<\/p>\n<p>Modelljernbane er en fascinerende hobby som har v\u00e6rt popul\u00e6r blant b\u00e5de voksne og barn i mange \u00e5r. Med dette settet kan du ta hobbyen din til neste niv\u00e5, enten du bygger en realistisk modell av et eksisterende tognettverk, eller skaper ditt eget unike jernbanesystem.<\/p>\n<p>\u00c5 bygge og utvide en modelljernbane kan v\u00e6re en berikende og l\u00e6rerik opplevelse. Det gir mulighet for \u00e5 utvikle ferdigheter innen planlegging, bygging og teknisk kunnskap. Med dette C5 Track Extension Set kan du utvide modelljernbanen din p\u00e5 en enkel og strukturert m\u00e5te.<\/p>\n<p>Ikke vent, ta modelljernbanen din til neste niv\u00e5. Kj\u00f8p Gauge H0 &#8211; Article No. 24905 C Track C5 Track Extension Set i dag!<\/p>","protected":false},"excerpt":{"rendered":"<p>Utvid modelljernbanen din med Gauge H0 &#8211; Article No. 24905 C Track C5 Track Extension Set. Settet inkluderer flere typer skinner og instruksjoner for \u00e5 utvide din eksisterende modelljernbane.<\/p>","protected":false},"featured_media":7738,"comment_status":"open","ping_status":"closed","template":"","meta":[],"product_brand":[107],"product_cat":[72,113],"product_tag":[],"class_list":{"0":"post-7739","1":"product","2":"type-product","3":"status-publish","4":"has-post-thumbnail","6":"product_brand-marklin","7":"product_cat-marklin-h0-originalen","8":"product_cat-startersets","10":"first","11":"outofstock","12":"taxable","13":"shipping-taxable","14":"purchasable","15":"product-type-simple"},"_links":{"self":[{"href":"https:\/\/bigfunhobby.com\/da\/wp-json\/wp\/v2\/product\/7739","targetHints":{"allow":["GET"]}}],"collection":[{"href":"https:\/\/bigfunhobby.com\/da\/wp-json\/wp\/v2\/product"}],"about":[{"href":"https:\/\/bigfunhobby.com\/da\/wp-json\/wp\/v2\/types\/product"}],"replies":[{"embeddable":true,"href":"https:\/\/bigfunhobby.com\/da\/wp-json\/wp\/v2\/comments?post=7739"}],"wp:featuredmedia":[{"embeddable":true,"href":"https:\/\/bigfunhobby.com\/da\/wp-json\/wp\/v2\/media\/7738"}],"wp:attachment":[{"href":"https:\/\/bigfunhobby.com\/da\/wp-json\/wp\/v2\/media?parent=7739"}],"wp:term":[{"taxonomy":"product_brand","embeddable":true,"href":"https:\/\/bigfunhobby.com\/da\/wp-json\/wp\/v2\/product_brand?post=7739"},{"taxonomy":"product_cat","embeddable":true,"href":"https:\/\/bigfunhobby.com\/da\/wp-json\/wp\/v2\/product_cat?post=7739"},{"taxonomy":"product_tag","embeddable":true,"href":"https:\/\/bigfunhobby.com\/da\/wp-json\/wp\/v2\/product_tag?post=7739"}],"curies":[{"name":"wp","href":"https:\/\/api.w.org\/{rel}","templated":true}]}}