{"id":7757,"date":"2025-03-08T17:12:56","date_gmt":"2025-03-08T17:12:56","guid":{"rendered":"https:\/\/bigfunhobby.com\/butikk\/gauge-h0-article-no-29000-a-digital-start\/"},"modified":"2025-12-04T10:59:14","modified_gmt":"2025-12-04T08:59:14","slug":"maler-h0-varenr-29000-a-digital-start","status":"publish","type":"product","link":"https:\/\/bigfunhobby.com\/da\/butikk\/gauge-h0-article-no-29000-a-digital-start\/","title":{"rendered":"M\u00e5ler H0 - artikel nr. 29000 A Digital start"},"content":{"rendered":"<p>\u00d8nsker du at starte din digitale rejse i modeljernbanens verden? 'Gauge H0 - Article No. 29000 A Digital Start' er det perfekte valg. Dette s\u00e6t giver dig en komplet modeloplevelse og er ideelt til b\u00e5de begyndere og erfarne entusiaster.<\/p>\n<ul>\n<li>Enkel ops\u00e6tning med C Track-layout<\/li>\n<li>Radius R2 oval bane<\/li>\n<li>Digital start med mobilstation inkluderet<\/li>\n<\/ul>\n<p>Dette s\u00e6t indeholder alt, hvad du skal bruge for at komme i gang med modeljernbaner. Indholdet omfatter 12 stk. 24230 buede skinner, 4 stk. 24188 lige skinner og 4 stk. 24172 lige skinner. Derudover f\u00e5r du en sportilslutningsboks, en 36 VA\/230 volt str\u00f8mforsyning og en Mobile Station til digital start. Der medf\u00f8lger ogs\u00e5 en illustreret brugsanvisning med masser af tips og id\u00e9er. Dette s\u00e6t kan udvides med C Track-udvidelsess\u00e6t og med hele C Track-programmet.<\/p>\n<p>Ligesom p\u00e5 en rigtig jernbane kan du bygge og udvide din egen modelbane med forskellige spor og layouts. Oplev gl\u00e6den ved at se dit eget modeljernbaneanl\u00e6g komme til live med 'Gauge H0 - Article No. 29000 A Digital Start'.<\/p>\n<p>Uanset om du er ny inden for modelbygning eller en erfaren entusiast, vil dette s\u00e6t give dig timevis af kreativ sjov. Vent ikke l\u00e6ngere, men tr\u00e6d ind i modeljernbanens digitale verden i dag. Se vores udvalg og bestil nu!<\/p>","protected":false},"excerpt":{"rendered":"<p>Sporvidde H0 - artikelnr. 29000 A Digital Start er et ideelt s\u00e6t til at begynde din digitale rejse ind i modeljernbanens verden. Let at samle med et ovalt spor med R2-radius.<\/p>","protected":false},"featured_media":7756,"comment_status":"open","ping_status":"closed","template":"","meta":[],"product_brand":[107],"product_cat":[72,113],"product_tag":[],"class_list":{"0":"post-7757","1":"product","2":"type-product","3":"status-publish","4":"has-post-thumbnail","6":"product_brand-marklin","7":"product_cat-marklin-h0-originalen","8":"product_cat-startersets","10":"first","11":"instock","12":"taxable","13":"shipping-taxable","14":"purchasable","15":"product-type-simple"},"_links":{"self":[{"href":"https:\/\/bigfunhobby.com\/da\/wp-json\/wp\/v2\/product\/7757","targetHints":{"allow":["GET"]}}],"collection":[{"href":"https:\/\/bigfunhobby.com\/da\/wp-json\/wp\/v2\/product"}],"about":[{"href":"https:\/\/bigfunhobby.com\/da\/wp-json\/wp\/v2\/types\/product"}],"replies":[{"embeddable":true,"href":"https:\/\/bigfunhobby.com\/da\/wp-json\/wp\/v2\/comments?post=7757"}],"wp:featuredmedia":[{"embeddable":true,"href":"https:\/\/bigfunhobby.com\/da\/wp-json\/wp\/v2\/media\/7756"}],"wp:attachment":[{"href":"https:\/\/bigfunhobby.com\/da\/wp-json\/wp\/v2\/media?parent=7757"}],"wp:term":[{"taxonomy":"product_brand","embeddable":true,"href":"https:\/\/bigfunhobby.com\/da\/wp-json\/wp\/v2\/product_brand?post=7757"},{"taxonomy":"product_cat","embeddable":true,"href":"https:\/\/bigfunhobby.com\/da\/wp-json\/wp\/v2\/product_cat?post=7757"},{"taxonomy":"product_tag","embeddable":true,"href":"https:\/\/bigfunhobby.com\/da\/wp-json\/wp\/v2\/product_tag?post=7757"}],"curies":[{"name":"wp","href":"https:\/\/api.w.org\/{rel}","templated":true}]}}