{"id":7759,"date":"2025-03-08T17:12:56","date_gmt":"2025-03-08T17:12:56","guid":{"rendered":"https:\/\/bigfunhobby.com\/butikk\/gauge-h0-article-no-29074-era-iii-freight-train-digital-starter-set\/"},"modified":"2025-12-04T10:59:14","modified_gmt":"2025-12-04T08:59:14","slug":"sporvidde-h0-varenr-29074-era-iii-godstog-digitalt-startsaet","status":"publish","type":"product","link":"https:\/\/bigfunhobby.com\/da\/butikk\/gauge-h0-article-no-29074-era-iii-freight-train-digital-starter-set\/","title":{"rendered":"Sporvidde H0 - artikel nr. 29074 \"Era III Freight Train\" digitalt starts\u00e6t."},"content":{"rendered":"<p>Dette digitale H0-modeljernbanestarts\u00e6t er en fantastisk introduktion til alle, der \u00f8nsker at udforske modeljernbanebyggeri. S\u00e6ttet indeholder en model af et tysk tanklokomotiv af klasse 74 samt en tipvogn af typen Om 12, en lukket vogn af typen Gr 20 og en stakevogn af typen Rlmms 56. Med dette s\u00e6t kan du begynde at bygge din egen modeljernbane.<\/p>\n<h2 class='hdl-2 bottom-10'>H\u00f8jdepunkterne<\/h2>\n<ul class='list-style-disc'>\n<li>Perfekt introduktion til den digitale verden af M\u00e4rklin H0.<\/li>\n<li>Automatisk registrering p\u00e5 Mobile Station med den indbyggede mfx-dekoder.<\/li>\n<li>C-track-konceptet er nemt at s\u00e6tte op.<\/li>\n<li>Lokomotivet har Relex-koblinger for ekstra sjov.<\/li>\n<\/ul>\n<p><strong>Modellerne:<\/strong> Lokomotivet har en mfx-digitaldekoder og en specialmotor med svinghjul. Tre af akslerne er drevne, og der er monteret friktionshjul. De tre hovedlygter skifter med k\u00f8rselsretningen, fungerer i konventionel drift og kan styres digitalt. Vognene har Relex-koblinger med styringsmekanismer. Togets l\u00e6ngde er 51,0 cm.<\/p>\n<p>Indhold: 12 stk. 24130 buet skinne, 4 stk. 24188 lige skinne, 4 stk. 24172 lige skinner. Skinneforbindelsesboks, 36 VA\/230 volt str\u00f8mforsyning og en mobilstation medf\u00f8lger. En illustreret brugermanual med mange tips og ideer er ogs\u00e5 inkluderet. Dette s\u00e6t kan udvides med C-track-udvidelsess\u00e6ttene og hele C-track-konceptet.<\/p>\n<p>Dette er et godt starts\u00e6t til b\u00e5de begyndere inden for modeljernbanebyggeri og til de mere erfarne, der \u00f8nsker at udvide deres samling. S\u00e6ttet giver dig alt, hvad du beh\u00f8ver for at starte din rejse ind i modeljernbanebyggeriets verden. Vent ikke, tag springet ud i denne fascinerende hobby. <strong> Klik her for at k\u00f8be dit digitale modeljernbanestarts\u00e6t i skala H0 nu!<\/strong><\/p>","protected":false},"excerpt":{"rendered":"<p>Dette er det ideelle starts\u00e6t til at udforske den digitale verden af modeljernbaner i skala H0. S\u00e6ttet indeholder et tysk klasse 74-tanklokomotiv, flere vogne og et enkelt C-sporkoncept.<\/p>","protected":false},"featured_media":7758,"comment_status":"open","ping_status":"closed","template":"","meta":[],"product_brand":[107],"product_cat":[72,113],"product_tag":[],"class_list":{"0":"post-7759","1":"product","2":"type-product","3":"status-publish","4":"has-post-thumbnail","6":"product_brand-marklin","7":"product_cat-marklin-h0-originalen","8":"product_cat-startersets","10":"first","11":"instock","12":"taxable","13":"shipping-taxable","14":"purchasable","15":"product-type-simple"},"_links":{"self":[{"href":"https:\/\/bigfunhobby.com\/da\/wp-json\/wp\/v2\/product\/7759","targetHints":{"allow":["GET"]}}],"collection":[{"href":"https:\/\/bigfunhobby.com\/da\/wp-json\/wp\/v2\/product"}],"about":[{"href":"https:\/\/bigfunhobby.com\/da\/wp-json\/wp\/v2\/types\/product"}],"replies":[{"embeddable":true,"href":"https:\/\/bigfunhobby.com\/da\/wp-json\/wp\/v2\/comments?post=7759"}],"wp:featuredmedia":[{"embeddable":true,"href":"https:\/\/bigfunhobby.com\/da\/wp-json\/wp\/v2\/media\/7758"}],"wp:attachment":[{"href":"https:\/\/bigfunhobby.com\/da\/wp-json\/wp\/v2\/media?parent=7759"}],"wp:term":[{"taxonomy":"product_brand","embeddable":true,"href":"https:\/\/bigfunhobby.com\/da\/wp-json\/wp\/v2\/product_brand?post=7759"},{"taxonomy":"product_cat","embeddable":true,"href":"https:\/\/bigfunhobby.com\/da\/wp-json\/wp\/v2\/product_cat?post=7759"},{"taxonomy":"product_tag","embeddable":true,"href":"https:\/\/bigfunhobby.com\/da\/wp-json\/wp\/v2\/product_tag?post=7759"}],"curies":[{"name":"wp","href":"https:\/\/api.w.org\/{rel}","templated":true}]}}