{"id":7763,"date":"2025-03-08T17:12:57","date_gmt":"2025-03-08T17:12:57","guid":{"rendered":"https:\/\/bigfunhobby.com\/butikk\/gauge-h0-article-no-29792-ice-2-digital-starter-set\/"},"modified":"2025-12-04T10:59:14","modified_gmt":"2025-12-04T08:59:14","slug":"maler-h0-varenr-29792-ice-2-digitalt-startsaet","status":"publish","type":"product","link":"https:\/\/bigfunhobby.com\/da\/butikk\/gauge-h0-article-no-29792-ice-2-digital-starter-set\/","title":{"rendered":"Sporvidde H0 - artikel nr. 29792 \"ICE 2\" digitalt starts\u00e6t."},"content":{"rendered":"<p>Sporvidde H0 - varenr. 29792 'ICE 2' Digital Starter Set er det perfekte udgangspunkt for at dykke ned i modeljernbanens digitale verden. S\u00e6ttet er en n\u00f8jagtig kopi af den tyske jernbaneklasse 402 InterCity Express og best\u00e5r af en motoriseret endevogn, en 1. klasses \u00e5ben siddevogn og en 2. klasses styrevogn.<\/p>\n<h2>Funktioner og specifikationer<\/h2>\n<ul>\n<li>Perfekt starts\u00e6t til M\u00e6rklin H0 digital modeljernbane.<\/li>\n<li>Automatisk registrering p\u00e5 Mobile Station med den indbyggede mfx-dekoder.<\/li>\n<li>C-slot-layout, der er nemt at s\u00e6tte op.<\/li>\n<li>Motoriseret endevogn med digital mfx-dekoder og kontrollerbare lydfunktioner.<\/li>\n<li>Speciel motor. 2-hjulstr\u00e6k. D\u00e6k med tr\u00e6kkraft.<\/li>\n<li>Forlygterne p\u00e5 endevognen kan styres digitalt (forlygterne p\u00e5 styrevognen er altid t\u00e6ndt).<\/li>\n<li>Togs\u00e6ttets l\u00e6ngde: 76,2 cm \/ 30\u2032.<\/li>\n<\/ul>\n<p>Dette s\u00e6t giver en autentisk modeljernbaneoplevelse med digitalt styrbare lyd- og lysfunktioner og en s\u00e6rlig motor, der driver to aksler. Det giver realistiske bev\u00e6gelser og pr\u00e6stationer. B\u00e5de den motoriserede endevogn og styrevognen har forlygter, mens endevognen har str\u00f8maftagere, der fungerer mekanisk, men ikke er tilsluttet elektricitet.<\/p>\n<p>S\u00e6ttet indeholder ogs\u00e5 14 buede skinner nr. 24130, 9 lige skinner nr. 24188, 9 lige skinner nr. 24172, et par afvigelser nr. 24671 og nr. 24672, sporforbindelsesboks, 36 VA\/230 volt str\u00f8mforsyning og en mobilstation. Der medf\u00f8lger ogs\u00e5 en illustreret instruktionsbog med mange tips og id\u00e9er. S\u00e6ttet kan udvides med C-track-udvidelsess\u00e6t og med hele C-track-programmet.<\/p>\n<p>Uanset om du er en erfaren modeljernbaneentusiast eller en nybegynder, er Gauge H0 - varenr. 29792 'ICE 2' Digital Starter Set en god investering, der vil give dig utallige timers byggesjov og fascination af togenes verden. <\/p>\n<p>Vent ikke, start din modeljernbanedr\u00f8m i dag. K\u00f8b den her!<\/p>","protected":false},"excerpt":{"rendered":"<p>Start din digitale modeljernbanehobby med Gauge H0 - varenr. 29792 'ICE 2' Digital Starter Set - et komplet togs\u00e6t med realistiske detaljer og nem ops\u00e6tning.<\/p>","protected":false},"featured_media":7762,"comment_status":"open","ping_status":"closed","template":"","meta":[],"product_brand":[107],"product_cat":[72,113],"product_tag":[],"class_list":{"0":"post-7763","1":"product","2":"type-product","3":"status-publish","4":"has-post-thumbnail","6":"product_brand-marklin","7":"product_cat-marklin-h0-originalen","8":"product_cat-startersets","10":"first","11":"outofstock","12":"taxable","13":"shipping-taxable","14":"purchasable","15":"product-type-simple"},"_links":{"self":[{"href":"https:\/\/bigfunhobby.com\/da\/wp-json\/wp\/v2\/product\/7763","targetHints":{"allow":["GET"]}}],"collection":[{"href":"https:\/\/bigfunhobby.com\/da\/wp-json\/wp\/v2\/product"}],"about":[{"href":"https:\/\/bigfunhobby.com\/da\/wp-json\/wp\/v2\/types\/product"}],"replies":[{"embeddable":true,"href":"https:\/\/bigfunhobby.com\/da\/wp-json\/wp\/v2\/comments?post=7763"}],"wp:featuredmedia":[{"embeddable":true,"href":"https:\/\/bigfunhobby.com\/da\/wp-json\/wp\/v2\/media\/7762"}],"wp:attachment":[{"href":"https:\/\/bigfunhobby.com\/da\/wp-json\/wp\/v2\/media?parent=7763"}],"wp:term":[{"taxonomy":"product_brand","embeddable":true,"href":"https:\/\/bigfunhobby.com\/da\/wp-json\/wp\/v2\/product_brand?post=7763"},{"taxonomy":"product_cat","embeddable":true,"href":"https:\/\/bigfunhobby.com\/da\/wp-json\/wp\/v2\/product_cat?post=7763"},{"taxonomy":"product_tag","embeddable":true,"href":"https:\/\/bigfunhobby.com\/da\/wp-json\/wp\/v2\/product_tag?post=7763"}],"curies":[{"name":"wp","href":"https:\/\/api.w.org\/{rel}","templated":true}]}}