{"id":7765,"date":"2025-03-08T17:12:58","date_gmt":"2025-03-08T17:12:58","guid":{"rendered":"https:\/\/bigfunhobby.com\/butikk\/gauge-h0-article-no-29828-marklin-start-up-batman-starter-set-dhg-500\/"},"modified":"2025-12-04T10:59:14","modified_gmt":"2025-12-04T08:59:14","slug":"gauge-h0-article-no-29828-marklin-start-up-batman-starter-set-dhg-500","status":"publish","type":"product","link":"https:\/\/bigfunhobby.com\/da\/butikk\/gauge-h0-article-no-29828-marklin-start-up-batman-starter-set-dhg-500\/","title":{"rendered":"Gauge H0 &#8211; Article No. 29828 M\u00e4rklin Start up &#8211; &laquo;Batman&raquo; Starter Set DHG 500 |"},"content":{"rendered":"<p>\u00c5pne d\u00f8ren til en fascinerende verden av modelljernbane med Gauge H0 &#8211; Art.nr. 29828 M\u00e4rklin Start up &#8211; &#8216;Batman&#8217; Starter Set DHG 500. Dette settet byr p\u00e5 en unik kombinasjon av kreativitet, detaljer og entusiasme for b\u00e5de barn og voksne.<\/p>\n<h2 class='hdl-2 bottom-10'>H\u00f8jdepunkterne<\/h2>\n<ul class='list-style-disc'>\n<li>Tog med et unikt og spennende Batman-design<\/li>\n<li>Robust tog \u2013 ideelt designet for barn over 6 \u00e5r og voksne entusiaster<\/li>\n<li>Inkluderer Batman og Joker figurer for aktiv lek<\/li>\n<li>Fengselscontaineren kan fjernes og \u00e5pnes<\/li>\n<li>Ergonomisk Power Control Stick for \u00e5 styre opptil 4 lokomotiver og 5 funksjoner<\/li>\n<li>Fri bevegelse rundt layouten takket v\u00e6re den tr\u00e5dl\u00f8se infrar\u00f8de kontrolleren<\/li>\n<li>Enkel \u00e5 sette opp C Track layout<\/li>\n<\/ul>\n<p><strong>Model:<\/strong> Lokomotivet har en mfx digital dekoder og en spesiell motor. 1 aksel drevet. Togsettet inneholder ogs\u00e5 en lavsidig vogn, en kj\u00f8levogn og en containerbil i spennende Batman-design. L\u00f8ftecontaineren kan fjernes fra bilen og \u00e5pnes for lasting. Settet inkluderer ogs\u00e5 2 lekefigurer laget av metall. Alle vognene har RELEX koblinger. Toglengde er omtrent 50 cm.<\/p>\n<p>Settet kan utvides med C Track-utvidelsessettene og hele C Track-programmet. Turnout-mekanismen 74492 kan installeres i turnoutene.<\/p>\n<p>I tillegg er diesel-lokomotivet 36656 og godsvognene 44825, 44826, 44827, 44828, 44829 og 44830 ideelle som tillegg til DC Super Heroes-temaverdenen.<\/p>\n<p>V\u00e6r din egen jernbaneingeni\u00f8r med dette spennende og engasjerende modelljernbanesettet. Perfekt for b\u00e5de nybegynnere og erfarne entusiaster. Ikke vent, dykk inn i modelljernbaneverdenen i dag. <strong>Kj\u00f8p her!<\/strong><\/p>","protected":false},"excerpt":{"rendered":"<p>Utforsk modelljernbaneverdenen med dette unike &#8216;Batman&#8217; startsettet fra M\u00e4rklin. Settet inkluderer et spennende Batman-designet lokomotiv og tre forskjellige vogner, ideelt designet for barn over 6 \u00e5r og voksne entusiaster.<\/p>","protected":false},"featured_media":7764,"comment_status":"open","ping_status":"closed","template":"","meta":[],"product_brand":[107],"product_cat":[72,113],"product_tag":[],"class_list":{"0":"post-7765","1":"product","2":"type-product","3":"status-publish","4":"has-post-thumbnail","6":"product_brand-marklin","7":"product_cat-marklin-h0-originalen","8":"product_cat-startersets","10":"first","11":"instock","12":"taxable","13":"shipping-taxable","14":"purchasable","15":"product-type-simple"},"_links":{"self":[{"href":"https:\/\/bigfunhobby.com\/da\/wp-json\/wp\/v2\/product\/7765","targetHints":{"allow":["GET"]}}],"collection":[{"href":"https:\/\/bigfunhobby.com\/da\/wp-json\/wp\/v2\/product"}],"about":[{"href":"https:\/\/bigfunhobby.com\/da\/wp-json\/wp\/v2\/types\/product"}],"replies":[{"embeddable":true,"href":"https:\/\/bigfunhobby.com\/da\/wp-json\/wp\/v2\/comments?post=7765"}],"wp:featuredmedia":[{"embeddable":true,"href":"https:\/\/bigfunhobby.com\/da\/wp-json\/wp\/v2\/media\/7764"}],"wp:attachment":[{"href":"https:\/\/bigfunhobby.com\/da\/wp-json\/wp\/v2\/media?parent=7765"}],"wp:term":[{"taxonomy":"product_brand","embeddable":true,"href":"https:\/\/bigfunhobby.com\/da\/wp-json\/wp\/v2\/product_brand?post=7765"},{"taxonomy":"product_cat","embeddable":true,"href":"https:\/\/bigfunhobby.com\/da\/wp-json\/wp\/v2\/product_cat?post=7765"},{"taxonomy":"product_tag","embeddable":true,"href":"https:\/\/bigfunhobby.com\/da\/wp-json\/wp\/v2\/product_tag?post=7765"}],"curies":[{"name":"wp","href":"https:\/\/api.w.org\/{rel}","templated":true}]}}