{"id":7771,"date":"2025-03-08T17:13:00","date_gmt":"2025-03-08T17:13:00","guid":{"rendered":"https:\/\/bigfunhobby.com\/butikk\/gauge-h0-article-no-36244-class-24-steam-locomotive-with-a-tender\/"},"modified":"2025-12-04T10:59:14","modified_gmt":"2025-12-04T08:59:14","slug":"gauge-h0-article-no-36244-class-24-steam-locomotive-with-a-tender","status":"publish","type":"product","link":"https:\/\/bigfunhobby.com\/da\/butikk\/gauge-h0-article-no-36244-class-24-steam-locomotive-with-a-tender\/","title":{"rendered":"Gauge H0 &#8211; Article No. 36244 Class 24 Steam Locomotive with a Tender"},"content":{"rendered":"<p>Utforsk verden av modelljernbane med denne detaljerte skalamodellen av klasse 24 damplokomotivet. Denne skalamodellen er ideell for b\u00e5de nybegynnere og erfarne entusiaster innen modellbygging, og gir en autentisk opplevelse av modelljernbane.<\/p>\n<p><strong>Specifikationer:<\/strong> Modellen kommer med en mfx digital dekoder og en rekke lydfunksjoner. Den har ogs\u00e5 en spesialmotor i kjelen, og tre av akslene er drevne. Lengden over buffere er 19,4 cm.<\/p>\n<p><strong>Materialer:<\/strong> Kjelen er laget av metall, noe som gir modellen et autentisk utseende. Modellen kommer ogs\u00e5 med en fabrikkinstallert r\u00f8ykenhet, noe som bidrar til en enda mer realistisk modellbyggingsopplevelse.<\/p>\n<p><strong>Historie:<\/strong> Dette er en modell av det tyske Bundesbahn (DB) klasse 24 damplokomotivet med tender, slik det s\u00e5 ut rundt 1957. Det er en standarddesignlokomotiv med Wagner r\u00f8ykavb\u00f8yere.<\/p>\n<p>Denne modellen er en perfekt tillegg til enhver modelljernbane, eller en flott start for de som er nye innen modellbygging. Det gir en detaljert og realistisk opplevelse, med omfattende funksjoner som bidrar til gleden ved modellbygging.<\/p>\n<p>Gjenskap historien og tilf\u00f8r en autentisk touch til din modelljernbane samling med dette klasse 24 damplokomotivet. Ikke n\u00f8l, bestill din modell i dag og start byggingen!<\/p>","protected":false},"excerpt":{"rendered":"<p>Denne modelljernbanen av klasse 24 damplokomotivet med tender er en detaljert skalamodell perfekt for b\u00e5de nybegynnere og erfarne entusiaster. Den kommer med en rekke lydfunksjoner og en fabrikkinstallert r\u00f8ykenhet for en autentisk modellbyggingsopplevelse.<\/p>","protected":false},"featured_media":7770,"comment_status":"open","ping_status":"closed","template":"","meta":[],"product_brand":[107],"product_cat":[114,72],"product_tag":[],"class_list":{"0":"post-7771","1":"product","2":"type-product","3":"status-publish","4":"has-post-thumbnail","6":"product_brand-marklin","7":"product_cat-locomotives","8":"product_cat-marklin-h0-originalen","10":"first","11":"outofstock","12":"taxable","13":"shipping-taxable","14":"purchasable","15":"product-type-simple"},"_links":{"self":[{"href":"https:\/\/bigfunhobby.com\/da\/wp-json\/wp\/v2\/product\/7771","targetHints":{"allow":["GET"]}}],"collection":[{"href":"https:\/\/bigfunhobby.com\/da\/wp-json\/wp\/v2\/product"}],"about":[{"href":"https:\/\/bigfunhobby.com\/da\/wp-json\/wp\/v2\/types\/product"}],"replies":[{"embeddable":true,"href":"https:\/\/bigfunhobby.com\/da\/wp-json\/wp\/v2\/comments?post=7771"}],"wp:featuredmedia":[{"embeddable":true,"href":"https:\/\/bigfunhobby.com\/da\/wp-json\/wp\/v2\/media\/7770"}],"wp:attachment":[{"href":"https:\/\/bigfunhobby.com\/da\/wp-json\/wp\/v2\/media?parent=7771"}],"wp:term":[{"taxonomy":"product_brand","embeddable":true,"href":"https:\/\/bigfunhobby.com\/da\/wp-json\/wp\/v2\/product_brand?post=7771"},{"taxonomy":"product_cat","embeddable":true,"href":"https:\/\/bigfunhobby.com\/da\/wp-json\/wp\/v2\/product_cat?post=7771"},{"taxonomy":"product_tag","embeddable":true,"href":"https:\/\/bigfunhobby.com\/da\/wp-json\/wp\/v2\/product_tag?post=7771"}],"curies":[{"name":"wp","href":"https:\/\/api.w.org\/{rel}","templated":true}]}}