{"id":7775,"date":"2025-03-08T17:13:01","date_gmt":"2025-03-08T17:13:01","guid":{"rendered":"https:\/\/bigfunhobby.com\/butikk\/gauge-h0-article-no-36501-dhg-500-diesel-locomotive\/"},"modified":"2025-12-04T10:59:14","modified_gmt":"2025-12-04T08:59:14","slug":"sporvidde-h0-varenr-36501-dhg-500-diesellokomotiv","status":"publish","type":"product","link":"https:\/\/bigfunhobby.com\/da\/butikk\/gauge-h0-article-no-36501-dhg-500-diesel-locomotive\/","title":{"rendered":"Sporvidde H0 - Artikel nr. 36501 DHG 500 Diesellokomotiv"},"content":{"rendered":"<p>Tag dit modeljernbanebyggeri til n\u00e6ste niveau med vores Gauge H0 - 36501 DHG 500 Diesellokomotiv. Det er en perfekt tilf\u00f8jelse til enhver modeljernbaneentusiasts samling, uanset om du er nybegynder eller erfaren.<\/p>\n<p><strong>Produktspecifikationer:<\/strong><\/p>\n<ul>\n<li>Prototype: Henschel type DHG 500 dieselskiftemotor.<\/li>\n<li>Model: Lokomotivet har en digital dekoder og en speciel motor. 1 drevet aksel. Tr\u00e6kd\u00e6k. De tredobbelte forlygter skifter med k\u00f8rselsretningen, fungerer i konventionel drift og kan styres digitalt. Lokomotivet har koblingskroge.<\/li>\n<li>L\u00e6ngde p\u00e5 tv\u00e6rs af bufferne: 11,2 cm.<\/li>\n<\/ul>\n<p>Dette lokomotiv er en skalamodel af typen DHG 500 diesel rangerlokomotiv, fremstillet af Henschel. Modellen er udstyret med en digital dekoder og en s\u00e6rlig motor, der giver en autentisk oplevelse af at bygge modeljernbane. Med drivaksel og tr\u00e6kd\u00e6k vil du kunne opleve realistisk drift af lokomotivet.<\/p>\n<p>Forlygterne p\u00e5 lokomotivet \u00e6ndrer sig i takt med k\u00f8rselsretningen, hvilket bidrager til en endnu mere realistisk oplevelse. De kan ogs\u00e5 styres digitalt, s\u00e5 du f\u00e5r fuld kontrol over lokomotivet. Desuden leveres lokomotivet med koblingskroge, som g\u00f8r det nemt at koble det sammen med andre modeltog.<\/p>\n<p>Skab dit modeljernbanedr\u00f8mmelandskab med Gauge H0 - 36501 DHG 500 Diesellokomotiv. Uanset om du er en erfaren modeljernbanebygger eller lige er begyndt, vil dette lokomotiv give timevis af byggesjov. S\u00e5 hvorfor vente? Bestil nu, og tag din modeljernbanebygning til nye h\u00f8jder.<\/p>","protected":false},"excerpt":{"rendered":"<p>Oplev realistisk modeljernbanebyggeri med Gauge H0 DHG 500-diesellokomotivet. Perfekt til b\u00e5de begyndere og eksperter med indbygget digital dekoder og specialmotor.<\/p>","protected":false},"featured_media":7774,"comment_status":"open","ping_status":"closed","template":"","meta":[],"product_brand":[107],"product_cat":[114,72],"product_tag":[],"class_list":{"0":"post-7775","1":"product","2":"type-product","3":"status-publish","4":"has-post-thumbnail","6":"product_brand-marklin","7":"product_cat-locomotives","8":"product_cat-marklin-h0-originalen","10":"first","11":"instock","12":"taxable","13":"shipping-taxable","14":"purchasable","15":"product-type-simple"},"_links":{"self":[{"href":"https:\/\/bigfunhobby.com\/da\/wp-json\/wp\/v2\/product\/7775","targetHints":{"allow":["GET"]}}],"collection":[{"href":"https:\/\/bigfunhobby.com\/da\/wp-json\/wp\/v2\/product"}],"about":[{"href":"https:\/\/bigfunhobby.com\/da\/wp-json\/wp\/v2\/types\/product"}],"replies":[{"embeddable":true,"href":"https:\/\/bigfunhobby.com\/da\/wp-json\/wp\/v2\/comments?post=7775"}],"wp:featuredmedia":[{"embeddable":true,"href":"https:\/\/bigfunhobby.com\/da\/wp-json\/wp\/v2\/media\/7774"}],"wp:attachment":[{"href":"https:\/\/bigfunhobby.com\/da\/wp-json\/wp\/v2\/media?parent=7775"}],"wp:term":[{"taxonomy":"product_brand","embeddable":true,"href":"https:\/\/bigfunhobby.com\/da\/wp-json\/wp\/v2\/product_brand?post=7775"},{"taxonomy":"product_cat","embeddable":true,"href":"https:\/\/bigfunhobby.com\/da\/wp-json\/wp\/v2\/product_cat?post=7775"},{"taxonomy":"product_tag","embeddable":true,"href":"https:\/\/bigfunhobby.com\/da\/wp-json\/wp\/v2\/product_tag?post=7775"}],"curies":[{"name":"wp","href":"https:\/\/api.w.org\/{rel}","templated":true}]}}