{"id":7785,"date":"2025-03-08T17:13:04","date_gmt":"2025-03-08T17:13:04","guid":{"rendered":"https:\/\/bigfunhobby.com\/butikk\/gauge-h0-article-no-37518-class-56-steam-locomotive\/"},"modified":"2025-12-04T10:59:15","modified_gmt":"2025-12-04T08:59:15","slug":"gauge-h0-article-no-37518-class-56-steam-locomotive","status":"publish","type":"product","link":"https:\/\/bigfunhobby.com\/da\/butikk\/gauge-h0-article-no-37518-class-56-steam-locomotive\/","title":{"rendered":"Gauge H0 &#8211; Article No. 37518 Class 56 Steam Locomotive"},"content":{"rendered":"<p>Utforsk en bit av jernbanehistorien med denne h\u00f8ykvalitets skalamodellen av et klasse 56 damplokomotiv. Modellen, som er basert p\u00e5 lokomotiver som ble brukt av det tyske f\u00f8derale jernbaneselskapet (DB), er en ombygd versjon av den pr\u00f8yssiske G 8.1, komplett med en f\u00f8rertralle. Dette tillot en \u00f8kning i den tillatte maksimale hastigheten til 70 km\/t, noe som gjorde disse lokomotivene egnet for passasjertogtjenester.<\/p>\n<p>Modellen er utstyrt med en mfx+ digital dekoder og omfattende lydfunksjoner, og har ogs\u00e5 kontrollert h\u00f8yeffektiv fremdrift med et svinghjul montert i kjelen. Fire aksler drives, og det er montert friksjonshjul for ekstra trekkraft. Modellen har mange separat p\u00e5f\u00f8rte detaljer, som r\u00f8r og sandr\u00f8r, og kommer med beskyttende stempelstanghylser, bremser\u00f8r og prototypkoblinger.<\/p>\n<p>Denne skalamodellen av et klasse 56 damplokomotiv er en fantastisk tillegg til enhver modelljernbane. Den tilbyr realistiske detaljer og funksjoner, og gir et autentisk innblikk i jernbanehistorien. Enten du er en erfaren modellbygger eller akkurat har begynt med hobbyen, vil dette lokomotivet gi timevis med bygge- og lekeglede.<\/p>\n<p>Ikke g\u00e5 glipp av denne muligheten til \u00e5 utvide din modelljernbane-samling. Bestill din Gauge H0 klasse 56 damplokomotivmodell i dag!<\/p>\n<p>&#8216;<\/p>","protected":false},"excerpt":{"rendered":"<p>Dette er en f\u00f8rsteklasses Gauge H0 skalamodell av klasse 56 damplokomotiv, komplett med mfx+ digital dekoder og omfattende lydfunksjoner. Perfekt for b\u00e5de nybegynnere og erfarne modelljernbane-entusiaster.&#8217;<\/p>","protected":false},"featured_media":7784,"comment_status":"open","ping_status":"closed","template":"","meta":[],"product_brand":[107],"product_cat":[114,72],"product_tag":[],"class_list":{"0":"post-7785","1":"product","2":"type-product","3":"status-publish","4":"has-post-thumbnail","6":"product_brand-marklin","7":"product_cat-locomotives","8":"product_cat-marklin-h0-originalen","10":"first","11":"outofstock","12":"taxable","13":"shipping-taxable","14":"purchasable","15":"product-type-simple"},"_links":{"self":[{"href":"https:\/\/bigfunhobby.com\/da\/wp-json\/wp\/v2\/product\/7785","targetHints":{"allow":["GET"]}}],"collection":[{"href":"https:\/\/bigfunhobby.com\/da\/wp-json\/wp\/v2\/product"}],"about":[{"href":"https:\/\/bigfunhobby.com\/da\/wp-json\/wp\/v2\/types\/product"}],"replies":[{"embeddable":true,"href":"https:\/\/bigfunhobby.com\/da\/wp-json\/wp\/v2\/comments?post=7785"}],"wp:featuredmedia":[{"embeddable":true,"href":"https:\/\/bigfunhobby.com\/da\/wp-json\/wp\/v2\/media\/7784"}],"wp:attachment":[{"href":"https:\/\/bigfunhobby.com\/da\/wp-json\/wp\/v2\/media?parent=7785"}],"wp:term":[{"taxonomy":"product_brand","embeddable":true,"href":"https:\/\/bigfunhobby.com\/da\/wp-json\/wp\/v2\/product_brand?post=7785"},{"taxonomy":"product_cat","embeddable":true,"href":"https:\/\/bigfunhobby.com\/da\/wp-json\/wp\/v2\/product_cat?post=7785"},{"taxonomy":"product_tag","embeddable":true,"href":"https:\/\/bigfunhobby.com\/da\/wp-json\/wp\/v2\/product_tag?post=7785"}],"curies":[{"name":"wp","href":"https:\/\/api.w.org\/{rel}","templated":true}]}}