{"id":7789,"date":"2025-03-08T17:13:05","date_gmt":"2025-03-08T17:13:05","guid":{"rendered":"https:\/\/bigfunhobby.com\/butikk\/gauge-h0-article-no-37793-tgv-euroduplex-high-speed-train\/"},"modified":"2025-12-04T10:59:15","modified_gmt":"2025-12-04T08:59:15","slug":"gauge-h0-article-no-37793-tgv-euroduplex-high-speed-train","status":"publish","type":"product","link":"https:\/\/bigfunhobby.com\/da\/butikk\/gauge-h0-article-no-37793-tgv-euroduplex-high-speed-train\/","title":{"rendered":"Gauge H0 &#8211; Article No. 37793 TGV Euroduplex High-Speed Train"},"content":{"rendered":"<p>Dykk dypt inn i verden av modelljernbaner med Gauge H0 &#8211; Artikkel nr. 37793 TGV Euroduplex h\u00f8yhastighetstog. Denne detaljerte skalamodellen er en perfekt gjengivelse av det franske statsjernbanen (SNCF) TGV Euroduplex h\u00f8yhastighetstog, som ble brukt p\u00e5 ruten mellom Paris og M\u00fcnchen. Den omfatter to motoriserte endevogner, en to-etasjes overgangsvogn i 1. klasse og en to-etasjes overgangsvogn i 2. klasse.<\/p>\n<ul>\n<li>N\u00f8yaktig skala 1:1 reproduksjon.<\/li>\n<li>Forh\u00e5ndsinstallert LED-innend\u00f8rsbelysning.<\/li>\n<li>Inkluderer omfattende lydfunksjoner.<\/li>\n<li>Motorisering i begge endevognene.<\/li>\n<\/ul>\n<p>Modellen er utstyrt med en mfx+ digital dekoder, kontrollert med h\u00f8yeffektiv drift i begge motorvognene, som er sentralt montert. Fire aksler drives med kardangaksler i hver endevogn. Togsettet har forh\u00e5ndsinstallert innvendig belysning, og de tredoble hovedlysene og de doble r\u00f8de markeringslysene skifter med kj\u00f8reretningen. Disse, samt innvendig belysning, kan styres digitalt. Modellen har ogs\u00e5 vedlikeholdsfrie, varmhvite og r\u00f8de LED-lys.<\/p>\n<p>Denne skalamodellen kan utvides til en prototypisk 10-delt enhet med 43423, 43433, og 43443 tilleggssett. Den komplette togsettets lengde er omtrent 102 cm.<\/p>\n<p>Er du klar til \u00e5 ta din modelljernbanehobby til neste niv\u00e5? Oppdag detaljrikdommen og realismen i Gauge H0 &#8211; Artikkel nr. 37793 TGV Euroduplex h\u00f8yhastighetstog. Perfekt for b\u00e5de nybegynnere og erfarne modelljernbaneentusiaster. <strong>Kj\u00f8p her og begynn din modellbyggingsreise i dag!<\/strong><\/p>","protected":false},"excerpt":{"rendered":"<p>Opplev den ultimate modelljernbaneopplevelsen med Gauge H0 &#8211; Artikkel nr. 37793 TGV Euroduplex h\u00f8yhastighetstog. Dette sv\u00e6rt detaljerte byggesettet kommer med LED-innend\u00f8rsbelysning og omfattende lydfunksjoner.<\/p>","protected":false},"featured_media":7788,"comment_status":"open","ping_status":"closed","template":"","meta":[],"product_brand":[107],"product_cat":[114,72],"product_tag":[],"class_list":{"0":"post-7789","1":"product","2":"type-product","3":"status-publish","4":"has-post-thumbnail","6":"product_brand-marklin","7":"product_cat-locomotives","8":"product_cat-marklin-h0-originalen","10":"first","11":"outofstock","12":"taxable","13":"shipping-taxable","14":"purchasable","15":"product-type-simple"},"_links":{"self":[{"href":"https:\/\/bigfunhobby.com\/da\/wp-json\/wp\/v2\/product\/7789","targetHints":{"allow":["GET"]}}],"collection":[{"href":"https:\/\/bigfunhobby.com\/da\/wp-json\/wp\/v2\/product"}],"about":[{"href":"https:\/\/bigfunhobby.com\/da\/wp-json\/wp\/v2\/types\/product"}],"replies":[{"embeddable":true,"href":"https:\/\/bigfunhobby.com\/da\/wp-json\/wp\/v2\/comments?post=7789"}],"wp:featuredmedia":[{"embeddable":true,"href":"https:\/\/bigfunhobby.com\/da\/wp-json\/wp\/v2\/media\/7788"}],"wp:attachment":[{"href":"https:\/\/bigfunhobby.com\/da\/wp-json\/wp\/v2\/media?parent=7789"}],"wp:term":[{"taxonomy":"product_brand","embeddable":true,"href":"https:\/\/bigfunhobby.com\/da\/wp-json\/wp\/v2\/product_brand?post=7789"},{"taxonomy":"product_cat","embeddable":true,"href":"https:\/\/bigfunhobby.com\/da\/wp-json\/wp\/v2\/product_cat?post=7789"},{"taxonomy":"product_tag","embeddable":true,"href":"https:\/\/bigfunhobby.com\/da\/wp-json\/wp\/v2\/product_tag?post=7789"}],"curies":[{"name":"wp","href":"https:\/\/api.w.org\/{rel}","templated":true}]}}