{"id":7791,"date":"2025-03-08T17:13:06","date_gmt":"2025-03-08T17:13:06","guid":{"rendered":"https:\/\/bigfunhobby.com\/butikk\/gauge-h0-article-no-37806-class-v-200-0-diesel-locomotive\/"},"modified":"2025-12-04T10:59:15","modified_gmt":"2025-12-04T08:59:15","slug":"sporvidde-h0-varenr-37806-klasse-v-200-0-diesellokomotiv","status":"publish","type":"product","link":"https:\/\/bigfunhobby.com\/da\/butikk\/gauge-h0-article-no-37806-class-v-200-0-diesel-locomotive\/","title":{"rendered":"Sporvidde H0 - Artikel nr. 37806 Klasse V 200.0 Diesellokomotiv"},"content":{"rendered":"<p>G\u00e5 p\u00e5 opdagelse i modeljernbanernes verden med vores Gauge H0 - Class V 200.0 Diesel Locomotive. Dette s\u00e6t repr\u00e6senterer de tyske statsbaners (DB) tunge dieselhydrauliske lokomotiv klasse V 200.0, malet i det klassiske karmoisinr\u00f8de farveskema, som det s\u00e5 ud omkring 1958. Med vejnummer V 200 052 er denne model et must for enhver modeltogsentusiast.<\/p>\n<h2 class='hdl-2 bottom-10'>H\u00f8jdepunkterne<\/h2>\n<p>Denne model er ikke kun visuelt tiltalende, men den kommer ogs\u00e5 med en r\u00e6kke funktioner, der forbedrer modeloplevelsen:<\/p>\n<ul class='list-style-disc'>\n<li>En central motor er nu inkluderet, og alle fire aksler er drevet.<\/li>\n<li>Der er belysning i f\u00f8rerhuset og motorrummet.<\/li>\n<li>Motorrumsdeleren er et nyt v\u00e6rkt\u00f8j.<\/li>\n<li>Den leveres med en mfx+ digital dekoder.<\/li>\n<\/ul>\n<h2 class='hdl-2 bottom-10'>Specifikationer<\/h2>\n<p>Modellen har en mfx+ digital dekoder og omfattende lydfunktioner. Den har ogs\u00e5 kontrolleret h\u00f8jeffektiv fremdrift, centralt monteret. Fire aksler drives af d\u00e6k. De tredobbelte forlygter og dobbelte r\u00f8de markeringslys skifter med k\u00f8rselsretningen, fungerer i konventionel drift og kan styres digitalt. Lysene i begge ender af lokomotivet kan slukkes separat i digital drift. N\u00e5r lyset er slukket i begge ender af lokomotivet, er den dobbelte A-lysfunktion t\u00e6ndt i begge ender. Kabinebelysningen skifter med k\u00f8rselsretningen og kan styres digitalt. Der bruges vedligeholdelsesfri varmhvide og r\u00f8de LED-lys til belysningen.<\/p>\n<p>Denne model findes ogs\u00e5 i en DC-version i Trix H0-serien under varenummer 22754.<\/p>\n<p>G\u00e5 ikke glip af denne autentiske model af diesellokomotivet klasse V 200.0. Perfekt til b\u00e5de begyndere og erfarne modeljernbaneentusiaster. K\u00f8b her, og start din rejse med modeljernbanen i dag.<\/p>","protected":false},"excerpt":{"rendered":"<p>Oplev gl\u00e6den ved modeljernbaner med denne detaljerede skalamodel af diesellokomotivet Class V 200.0, der er udstyret med belysning, motor og digital dekoder.<\/p>","protected":false},"featured_media":7790,"comment_status":"open","ping_status":"closed","template":"","meta":[],"product_brand":[107],"product_cat":[114,72],"product_tag":[],"class_list":{"0":"post-7791","1":"product","2":"type-product","3":"status-publish","4":"has-post-thumbnail","6":"product_brand-marklin","7":"product_cat-locomotives","8":"product_cat-marklin-h0-originalen","10":"first","11":"outofstock","12":"taxable","13":"shipping-taxable","14":"purchasable","15":"product-type-simple"},"_links":{"self":[{"href":"https:\/\/bigfunhobby.com\/da\/wp-json\/wp\/v2\/product\/7791","targetHints":{"allow":["GET"]}}],"collection":[{"href":"https:\/\/bigfunhobby.com\/da\/wp-json\/wp\/v2\/product"}],"about":[{"href":"https:\/\/bigfunhobby.com\/da\/wp-json\/wp\/v2\/types\/product"}],"replies":[{"embeddable":true,"href":"https:\/\/bigfunhobby.com\/da\/wp-json\/wp\/v2\/comments?post=7791"}],"wp:featuredmedia":[{"embeddable":true,"href":"https:\/\/bigfunhobby.com\/da\/wp-json\/wp\/v2\/media\/7790"}],"wp:attachment":[{"href":"https:\/\/bigfunhobby.com\/da\/wp-json\/wp\/v2\/media?parent=7791"}],"wp:term":[{"taxonomy":"product_brand","embeddable":true,"href":"https:\/\/bigfunhobby.com\/da\/wp-json\/wp\/v2\/product_brand?post=7791"},{"taxonomy":"product_cat","embeddable":true,"href":"https:\/\/bigfunhobby.com\/da\/wp-json\/wp\/v2\/product_cat?post=7791"},{"taxonomy":"product_tag","embeddable":true,"href":"https:\/\/bigfunhobby.com\/da\/wp-json\/wp\/v2\/product_tag?post=7791"}],"curies":[{"name":"wp","href":"https:\/\/api.w.org\/{rel}","templated":true}]}}