{"id":7793,"date":"2025-03-08T17:13:07","date_gmt":"2025-03-08T17:13:07","guid":{"rendered":"https:\/\/bigfunhobby.com\/butikk\/gauge-h0-article-no-37837-class-50-steam-locomotive-birthday-locomotive-a-real-fifty-year-old\/"},"modified":"2025-12-04T10:59:15","modified_gmt":"2025-12-04T08:59:15","slug":"gauge-h0-article-no-37837-class-50-steam-locomotive-birthday-locomotive-a-real-fifty-year-old","status":"publish","type":"product","link":"https:\/\/bigfunhobby.com\/da\/butikk\/gauge-h0-article-no-37837-class-50-steam-locomotive-birthday-locomotive-a-real-fifty-year-old\/","title":{"rendered":"Gauge H0 &#8211; Article No. 37837 Class 50 Steam Locomotive &#8211; Birthday Locomotive &laquo;A Real Fifty Year Old&raquo;"},"content":{"rendered":"<p>Stig ombord p\u00e5 en reise tilbake i tid med dette Gauge H0 &#8211; Article No. 37837 Class 50 Steam Locomotive. Dette er en n\u00f8ye detaljert modell av det tyske forbundsbanens (DB) klasse 50 damplokomotiv, slik det s\u00e5 ut i 1969. Med en kullvogn i originalform, Witte r\u00f8ykavvisere, standard ingeni\u00f8rvogn, lange fotplater som faller skr\u00e5tt ved r\u00f8ykboksen, DB Reflex glasslanterner, klokke og induktiv magnet, vil denne modellen v\u00e6re en stjerne i enhver modelljernbane samling.<\/p>\n<h2 class='hdl-2 bottom-10'>H\u00f8jdepunkterne<\/h2>\n<ul class='list-style-disc'>\n<li>Perfekt gave til 50-\u00e5rsdagen &#8211; din personlige klasse 50 modell!<\/li>\n<li>Leveres i en eksklusiv gavepakke med en personlig navneplate.<\/li>\n<li>Inkluderer et ekthetsbevis.<\/li>\n<li>S\u00e6rskilt p\u00e5f\u00f8rte metallplater med f\u00f8dsels\u00e5rets ordinaltall s\u00e5 vel som klasse nummer 50.<\/li>\n<\/ul>\n<p class='long-text'>Modellen har en mfx digital dekoder og omfattende lydfunksjoner. Den har ogs\u00e5 kontrollert h\u00f8yeffektiv fremdrift med et svinghjul, montert i kjelen. Fem aksler er drevet. Togsettet er hovedsakelig konstruert i metall. En 7226 r\u00f8ykgenerator kan installeres i lokomotivet. De triple frontlyktene endrer seg etter kj\u00f8reretningen. De og r\u00f8ykgeneratoren som kan installeres i lokomotivet, vil fungere i konvensjonell drift og kan styres digitalt. Vedlikeholdsfrie, varmhvite LED-lys brukes for belysningen. Lengden over buffere er 26,4 cm.<\/p>\n<p>Modellen er n\u00f8ye v\u00e6rslitt for h\u00e5nd og kommer med en utstillingsboks laget av klar akryl. Basen har din personlige metallnavneplate med datoen for din 50. bursdag.<\/p>\n<p>Enten du er en erfaren modelljernbane-entusiast eller en nybegynner, vil denne damplokomotivmodellen v\u00e6re en verdifull tillegg til din samling. Ikke g\u00e5 glipp av muligheten til \u00e5 eie et stykke historie. Kj\u00f8p dette byggesettet n\u00e5 og begynn din modellbyggingsreise.<\/p>","protected":false},"excerpt":{"rendered":"<p>Dette er et h\u00f8ykvalitets byggesett av Gauge H0 &#8211; Class 50 Steam Locomotive, perfekt for entusiaster innen modelljernbane og skalamodeller. En unik gave til 50-\u00e5rsdagen med personlig navneplate og autentisitetssertifikat.<\/p>","protected":false},"featured_media":7792,"comment_status":"open","ping_status":"closed","template":"","meta":[],"product_brand":[107],"product_cat":[114,72],"product_tag":[],"class_list":{"0":"post-7793","1":"product","2":"type-product","3":"status-publish","4":"has-post-thumbnail","6":"product_brand-marklin","7":"product_cat-locomotives","8":"product_cat-marklin-h0-originalen","10":"first","11":"outofstock","12":"taxable","13":"shipping-taxable","14":"purchasable","15":"product-type-simple"},"_links":{"self":[{"href":"https:\/\/bigfunhobby.com\/da\/wp-json\/wp\/v2\/product\/7793","targetHints":{"allow":["GET"]}}],"collection":[{"href":"https:\/\/bigfunhobby.com\/da\/wp-json\/wp\/v2\/product"}],"about":[{"href":"https:\/\/bigfunhobby.com\/da\/wp-json\/wp\/v2\/types\/product"}],"replies":[{"embeddable":true,"href":"https:\/\/bigfunhobby.com\/da\/wp-json\/wp\/v2\/comments?post=7793"}],"wp:featuredmedia":[{"embeddable":true,"href":"https:\/\/bigfunhobby.com\/da\/wp-json\/wp\/v2\/media\/7792"}],"wp:attachment":[{"href":"https:\/\/bigfunhobby.com\/da\/wp-json\/wp\/v2\/media?parent=7793"}],"wp:term":[{"taxonomy":"product_brand","embeddable":true,"href":"https:\/\/bigfunhobby.com\/da\/wp-json\/wp\/v2\/product_brand?post=7793"},{"taxonomy":"product_cat","embeddable":true,"href":"https:\/\/bigfunhobby.com\/da\/wp-json\/wp\/v2\/product_cat?post=7793"},{"taxonomy":"product_tag","embeddable":true,"href":"https:\/\/bigfunhobby.com\/da\/wp-json\/wp\/v2\/product_tag?post=7793"}],"curies":[{"name":"wp","href":"https:\/\/api.w.org\/{rel}","templated":true}]}}