{"id":7807,"date":"2025-03-08T17:13:11","date_gmt":"2025-03-08T17:13:11","guid":{"rendered":"https:\/\/bigfunhobby.com\/butikk\/gauge-h0-article-no-39382-class-038-steam-locomotive\/"},"modified":"2025-12-04T10:59:16","modified_gmt":"2025-12-04T08:59:16","slug":"gauge-h0-article-no-39382-class-038-steam-locomotive","status":"publish","type":"product","link":"https:\/\/bigfunhobby.com\/da\/butikk\/gauge-h0-article-no-39382-class-038-steam-locomotive\/","title":{"rendered":"Gauge H0 &#8211; Article No. 39382 Class 038 Steam Locomotive"},"content":{"rendered":"<p>F\u00e5 en autentisk opplevelse av modelljernbanens gullalder med Gauge H0 &#8211; Artikkel nr. 39382 klasse 038 damplokomotiv. Denne modellen gjenoppliver den tyske forbundsbanens (DB) klasse 038 damplokomotiv, en tidligere pr\u00f8yssisk P8. Modellen er trofast til sin opprinnelige versjon fra rundt 1970\/71, komplett med triple frontlys, to kjeledomer, klokke, standard pr\u00f8yssisk f\u00f8rerkabin, Witte r\u00f8ykavb\u00f8yere, kullvognstillegg og induktiv magnet. Lokomotivets nummer er 038 382-8.<\/p>\n<ul class='list-style-disc'>\n<li>Modellen har mange prototypiske verkt\u00f8yendringer for Era IV-versjonen<\/li>\n<li>Spesielt detaljert metallkonstruksjon<\/li>\n<li>F\u00f8rerkabinbelysningen kan kontrolleres<\/li>\n<li>Flimringen av ilden kan kontrolleres<\/li>\n<li>Inkluderer mfx+ digital dekoder og mange operasjons- og lydfunksjoner<\/li>\n<\/ul>\n<p class='long-text'>Dette damplokomotivet har en mfx+ digital dekoder og omfattende lydfunksjoner. Den har ogs\u00e5 styrt h\u00f8yeffektiv fremdrift med et svinghjul, montert i kjelen. Tre aksler er drevet. Trekkdekk. Lokomotivet og tenderen er hovedsakelig konstruert i metall. De tre frontlysene skifter med kj\u00f8reretningen, vil fungere i konvensjonell drift, og kan styres digitalt. R\u00f8ykenheten vil fungere i konvensjonell drift og kan styres digitalt. R\u00f8ykenheten 72270 kan installeres i lokomotivet. Flimringen av ilden kan styres digitalt. I tillegg kan f\u00f8rerkabinbelysningen styres digitalt. Vedlikeholdsfrie varmhvite LED-lys brukes for belysningen. Minimumsradius for drift er 360 mm \/ 14-3\/16&#8242;. Beskyttende stempelstangshylser, bremser\u00f8r og prototypkoblinger er inkludert. Lengde over buffere er 21,3 cm \/ 8-3\/8&#8242;.<\/p>\n<p class='text-addition top-15m'>Denne modellen kan finnes i en DC-versjon i Trix H0-sortimentet under varenummer 22895.<\/p>\n<p>Ikke g\u00e5 glipp av denne fantastiske skalamodellen, perfekt for enhver entusiast av modelljernbane. Kj\u00f8p Gauge H0 &#8211; Artikkel nr. 39382 klasse 038 damplokomotiv i dag og start byggingen!<\/p>","protected":false},"excerpt":{"rendered":"<p>Opplev nostalgien med Gauge H0 &#8211; Artikkel nr. 39382 klasse 038 damplokomotiv. En detaljrik modell av det tyske forbundsbanens damplokomotiv, komplett med mange funksjoner og lydeffekter.<\/p>","protected":false},"featured_media":7806,"comment_status":"open","ping_status":"closed","template":"","meta":[],"product_brand":[107],"product_cat":[114,72],"product_tag":[],"class_list":{"0":"post-7807","1":"product","2":"type-product","3":"status-publish","4":"has-post-thumbnail","6":"product_brand-marklin","7":"product_cat-locomotives","8":"product_cat-marklin-h0-originalen","10":"first","11":"instock","12":"taxable","13":"shipping-taxable","14":"purchasable","15":"product-type-simple"},"_links":{"self":[{"href":"https:\/\/bigfunhobby.com\/da\/wp-json\/wp\/v2\/product\/7807","targetHints":{"allow":["GET"]}}],"collection":[{"href":"https:\/\/bigfunhobby.com\/da\/wp-json\/wp\/v2\/product"}],"about":[{"href":"https:\/\/bigfunhobby.com\/da\/wp-json\/wp\/v2\/types\/product"}],"replies":[{"embeddable":true,"href":"https:\/\/bigfunhobby.com\/da\/wp-json\/wp\/v2\/comments?post=7807"}],"wp:featuredmedia":[{"embeddable":true,"href":"https:\/\/bigfunhobby.com\/da\/wp-json\/wp\/v2\/media\/7806"}],"wp:attachment":[{"href":"https:\/\/bigfunhobby.com\/da\/wp-json\/wp\/v2\/media?parent=7807"}],"wp:term":[{"taxonomy":"product_brand","embeddable":true,"href":"https:\/\/bigfunhobby.com\/da\/wp-json\/wp\/v2\/product_brand?post=7807"},{"taxonomy":"product_cat","embeddable":true,"href":"https:\/\/bigfunhobby.com\/da\/wp-json\/wp\/v2\/product_cat?post=7807"},{"taxonomy":"product_tag","embeddable":true,"href":"https:\/\/bigfunhobby.com\/da\/wp-json\/wp\/v2\/product_tag?post=7807"}],"curies":[{"name":"wp","href":"https:\/\/api.w.org\/{rel}","templated":true}]}}