{"id":7811,"date":"2025-03-08T17:13:12","date_gmt":"2025-03-08T17:13:12","guid":{"rendered":"https:\/\/bigfunhobby.com\/butikk\/gauge-h0-article-no-39520-class-fc-2x3-4-electric-locomotive\/"},"modified":"2025-12-04T10:59:16","modified_gmt":"2025-12-04T08:59:16","slug":"gauge-h0-article-no-39520-class-fc-2x3-4-electric-locomotive","status":"publish","type":"product","link":"https:\/\/bigfunhobby.com\/da\/butikk\/gauge-h0-article-no-39520-class-fc-2x3-4-electric-locomotive\/","title":{"rendered":"Gauge H0 &#8211; Article No. 39520 Class Fc 2&#215;3\/4 Electric Locomotive"},"content":{"rendered":"<p>Utforsk historien til jernbane med v\u00e5rt Gauge H0 &#8211; Class Fc 2&#215;3\/4 Electric Locomotive modelljernbanesett. Dette er en detaljert reproduksjon av det sveitsiske Federal Railways (SBB) klasse Fc 2&#215;3\/4 &#8216;K\u00f6fferli&#8217; \/ &#8216;Little Suitcases&#8217; elektriske godstoglokomotivet. Modellen representerer toget slik det s\u00e5 ut da det f\u00f8rst ble levert, i perioden mellom 1919.<\/p>\n<h2>H\u00f8jdepunkterne<\/h2>\n<ul>\n<li>Ny utf\u00f8relse for jubileet &#8216;100 \u00e5r med Crocodile 1919-2019&#8217;.<\/li>\n<li>H\u00f8yt detaljert metallkonstruksjon.<\/li>\n<li>&#8216;World of Operation&#8217; mfx+ digital dekoder og et bredt utvalg av drifts- og lydfunksjoner inkludert.<\/li>\n<li>Kabinbelysning og motorrombelysning kan styres digitalt.<\/li>\n<\/ul>\n<p>Modelljernbanesettet har en mfx+ digital dekoder og omfattende lyd- og lysfunksjoner. Det har ogs\u00e5 en styrt h\u00f8yeffektiv fremdrift med et svinghjul, sentralt plassert. Tre aksler og en mellomaksel drives i hver lastebil av kardangaksler. Lysene endres med kj\u00f8reretningen, fungerer i konvensjonell drift, og kan styres digitalt. Lokomotivets ramme er leddet for \u00e5 kunne kj\u00f8re i skarpe svinger. Hodelyktene p\u00e5 lokomotiv ender 2 og 1 kan sl\u00e5s av separat i digital drift. Lokomotivet har den doble &#8216;A&#8217; lysfunksjonen. Kabinbelysningen og motorrombelysningen kan sl\u00e5s av separat i digital drift. Vedlikeholdsfrie varmhvite og r\u00f8de LED-lys er brukt for belysningen.<\/p>\n<p>Denne modellen er en h\u00f8yt detaljert metallkonstruksjon med mange separat p\u00e5f\u00f8rte detaljer, som kj\u00f8ler\u00f8r for transformatorolje. F\u00f8rerhusene og motorrommet er modellert. Sandutstyr er inkludert p\u00e5 drivhjulgruppene. Takutstyret er detaljert med varmeelementer, takledninger, isolatorer og takganger, samt dobbeltarmet str\u00f8mavtakere med enkel kontaktstripe. Minste radius for drift er 360 mm \/ 14-3\/16&#8242;. Bremsetromler, etterligninger av prototypkoblinger og tilgangsstiger er inkludert. Lengde over buffere 22.1 cm \/ 8-11\/16&#8242;.<\/p>\n<p>Et godsvognsett som passer til dette lokomotivet kan finnes under varenummer 46520 i M\u00e6rklin H0-sortimentet. Denne modellen finnes ogs\u00e5 i en DC-versjon i Trix H0-sortimentet under varenummer 22968.<\/p>\n<p>Utforsk verdenen av modelljernbane med v\u00e5rt Gauge H0 &#8211; Class Fc 2&#215;3\/4 Electric Locomotive. Perfekt for b\u00e5de erfarne entusiaster og nybegynnere. Kj\u00f8p her for \u00e5 starte din modelljernbane-eventyr i dag!<\/p>","protected":false},"excerpt":{"rendered":"<p>Opplev historien med dette unike modelljernbanesettet, Gauge H0 &#8211; Class Fc 2&#215;3\/4 Electric Locomotive. Med detaljert metallkonstruksjon og avanserte digitale funksjoner, er dette et must for enhver modelljernbaneentusiast.<\/p>","protected":false},"featured_media":7810,"comment_status":"open","ping_status":"closed","template":"","meta":[],"product_brand":[107],"product_cat":[114,72],"product_tag":[],"class_list":{"0":"post-7811","1":"product","2":"type-product","3":"status-publish","4":"has-post-thumbnail","6":"product_brand-marklin","7":"product_cat-locomotives","8":"product_cat-marklin-h0-originalen","10":"first","11":"outofstock","12":"taxable","13":"shipping-taxable","14":"purchasable","15":"product-type-simple"},"_links":{"self":[{"href":"https:\/\/bigfunhobby.com\/da\/wp-json\/wp\/v2\/product\/7811","targetHints":{"allow":["GET"]}}],"collection":[{"href":"https:\/\/bigfunhobby.com\/da\/wp-json\/wp\/v2\/product"}],"about":[{"href":"https:\/\/bigfunhobby.com\/da\/wp-json\/wp\/v2\/types\/product"}],"replies":[{"embeddable":true,"href":"https:\/\/bigfunhobby.com\/da\/wp-json\/wp\/v2\/comments?post=7811"}],"wp:featuredmedia":[{"embeddable":true,"href":"https:\/\/bigfunhobby.com\/da\/wp-json\/wp\/v2\/media\/7810"}],"wp:attachment":[{"href":"https:\/\/bigfunhobby.com\/da\/wp-json\/wp\/v2\/media?parent=7811"}],"wp:term":[{"taxonomy":"product_brand","embeddable":true,"href":"https:\/\/bigfunhobby.com\/da\/wp-json\/wp\/v2\/product_brand?post=7811"},{"taxonomy":"product_cat","embeddable":true,"href":"https:\/\/bigfunhobby.com\/da\/wp-json\/wp\/v2\/product_cat?post=7811"},{"taxonomy":"product_tag","embeddable":true,"href":"https:\/\/bigfunhobby.com\/da\/wp-json\/wp\/v2\/product_tag?post=7811"}],"curies":[{"name":"wp","href":"https:\/\/api.w.org\/{rel}","templated":true}]}}