{"id":7813,"date":"2025-03-08T17:13:12","date_gmt":"2025-03-08T17:13:12","guid":{"rendered":"https:\/\/bigfunhobby.com\/butikk\/gauge-h0-article-no-39539-class-81-steam-locomotive\/"},"modified":"2025-12-04T10:59:16","modified_gmt":"2025-12-04T08:59:16","slug":"gauge-h0-article-no-39539-class-81-steam-locomotive","status":"publish","type":"product","link":"https:\/\/bigfunhobby.com\/da\/butikk\/gauge-h0-article-no-39539-class-81-steam-locomotive\/","title":{"rendered":"Gauge H0 &#8211; Article No. 39539 Class 81 Steam Locomotive"},"content":{"rendered":"<p>Dykke ned i verden av modelljernbane med dette Gauge H0 &#8211; Article No. 39539 Class 81 Steam Locomotive. Dette er en n\u00f8ye utformet modell av klasse 81 damplokomotiv som tidligere ble brukt av belgiske statsbaner (NMBS\/SNCB). Modellen er designet for \u00e5 se ut som den gjorde p\u00e5 begynnelsen\/midten av 50-tallet, med sin karakteristiske mosegr\u00f8nne\/svarte grunnfarge.<\/p>\n<p>Dette skalamodellen kommer med en mfx+ digital dekoder og et bredt spekter av lyd- og driftsfunksjoner. Lokomotivet har kontrollert h\u00f8yeffektiv fremdrift med et svinghjul, plassert i kjelen, og fire drivaksler. Modellen er hovedsakelig laget av metall, noe som gir den en autentisk vekt og f\u00f8lelse.<\/p>\n<ul>\n<li>4 aksler drevet. Friksjonshjul.<\/li>\n<li>Bygget hovedsakelig av metall for en autentisk f\u00f8lelse<\/li>\n<li>En 72270 r\u00f8ykenhet kan installeres i lokomotivet<\/li>\n<li>Dobbel frontlys skifter med kj\u00f8reretningen og kan styres digitalt<\/li>\n<li>Vedlikeholdsfrie varmhvite LED-p\u00e6rer brukes til belysning<\/li>\n<li>Permanent stram kobling mellom lokomotiv og tender<\/li>\n<li>Mange separat p\u00e5f\u00f8rte detaljer som linjer og sandr\u00f8r<\/li>\n<li>Bremseslanger og etterligning prototypekoblinger er inkludert<\/li>\n<\/ul>\n<p>Denne modellen er den perfekte tillegg til enhver modelljernbaneoppstilling og vil sikkert v\u00e6re et h\u00f8ydepunkt i samlingen din. En passende passasjervognsett for dette lokomotivet kan finnes i M&auml;rklin H0-sortimentet under artikkelnummer 43054. I tillegg kan ulike belgiske godsvogner fra de siste \u00e5rene ogs\u00e5 g\u00e5 sammen med dette lokomotivet, og de kan finnes under artikkelnumrene 48832, 46029 eller 46984.<\/p>\n<p>Ikke g\u00e5 glipp av muligheten til \u00e5 berike din modelljernbane med dette unike og i\u00f8ynefallende stykket. Kj\u00f8p n\u00e5 og ta din modelljernbane til det neste niv\u00e5et.<\/p>","protected":false},"excerpt":{"rendered":"<p>Dette er en detaljert modell av klasse 81 damplokomotiv fra belgiske statsbaner, utstyrt med en mfx+ digital dekoder og mange lyd- og driftsfunksjoner. Perfekt for enhver modelljernbaneentusiast.<\/p>","protected":false},"featured_media":7812,"comment_status":"open","ping_status":"closed","template":"","meta":[],"product_brand":[107],"product_cat":[114,72],"product_tag":[],"class_list":{"0":"post-7813","1":"product","2":"type-product","3":"status-publish","4":"has-post-thumbnail","6":"product_brand-marklin","7":"product_cat-locomotives","8":"product_cat-marklin-h0-originalen","10":"first","11":"outofstock","12":"taxable","13":"shipping-taxable","14":"purchasable","15":"product-type-simple"},"_links":{"self":[{"href":"https:\/\/bigfunhobby.com\/da\/wp-json\/wp\/v2\/product\/7813","targetHints":{"allow":["GET"]}}],"collection":[{"href":"https:\/\/bigfunhobby.com\/da\/wp-json\/wp\/v2\/product"}],"about":[{"href":"https:\/\/bigfunhobby.com\/da\/wp-json\/wp\/v2\/types\/product"}],"replies":[{"embeddable":true,"href":"https:\/\/bigfunhobby.com\/da\/wp-json\/wp\/v2\/comments?post=7813"}],"wp:featuredmedia":[{"embeddable":true,"href":"https:\/\/bigfunhobby.com\/da\/wp-json\/wp\/v2\/media\/7812"}],"wp:attachment":[{"href":"https:\/\/bigfunhobby.com\/da\/wp-json\/wp\/v2\/media?parent=7813"}],"wp:term":[{"taxonomy":"product_brand","embeddable":true,"href":"https:\/\/bigfunhobby.com\/da\/wp-json\/wp\/v2\/product_brand?post=7813"},{"taxonomy":"product_cat","embeddable":true,"href":"https:\/\/bigfunhobby.com\/da\/wp-json\/wp\/v2\/product_cat?post=7813"},{"taxonomy":"product_tag","embeddable":true,"href":"https:\/\/bigfunhobby.com\/da\/wp-json\/wp\/v2\/product_tag?post=7813"}],"curies":[{"name":"wp","href":"https:\/\/api.w.org\/{rel}","templated":true}]}}