{"id":7815,"date":"2025-03-08T17:13:13","date_gmt":"2025-03-08T17:13:13","guid":{"rendered":"https:\/\/bigfunhobby.com\/butikk\/gauge-h0-article-no-39544-robel-powered-track-car\/"},"modified":"2025-12-04T10:59:16","modified_gmt":"2025-12-04T08:59:16","slug":"gauge-h0-article-no-39544-robel-powered-track-car","status":"publish","type":"product","link":"https:\/\/bigfunhobby.com\/da\/butikk\/gauge-h0-article-no-39544-robel-powered-track-car\/","title":{"rendered":"Gauge H0 &#8211; Article No. 39544 ROBEL Powered Track Car"},"content":{"rendered":"<p>Gauge H0 &#8211; ROBEL Powered Track Car er et unikt modelljernbanesett som tar deg med tilbake til Luxembourgs statsjernbaner i 2020. Med en digitalt kontrollerbar lastekran, gir denne modellen deg en realistisk og autentisk modelljernbaneopplevelse.<\/p>\n<h2 class='hdl-2 bottom-10'>H\u00f8jdepunkterne<\/h2>\n<div class='grid-x grid-margin-x'>\n<div class='cell medium-6'>\n<ul class='list-style-disc'>\n<li>Lastekran som kan kontrolleres digitalt.<\/li>\n<li>mfx+ digital dekoder og full lydfunksjoner inkludert.<\/li>\n<\/ul>\n<p class='long-text'>\n<strong>Model:<\/strong> Modellen inneholder en mfx+ digital dekoder og omfattende lydfunksjoner. Den har en kontrollert h\u00f8yeffektiv fremdrift og en kompakt, vedlikeholdsfri motor. Modellen har ogs\u00e5 to drivaksler og separat p\u00e5f\u00f8rte grabbejern p\u00e5 f\u00f8rerhuset. De tredoble hovedlysene og doble r\u00f8de markeringslysene skifter med kj\u00f8reretningen og kan kontrolleres digitalt. Hovedlysene kan sl\u00e5s av separat i digital drift. Modellen har funksjonen for dobbelt &#8216;A&#8217; lys. Vedlikeholdsfrie varmhvite og r\u00f8de LED-lys er brukt for belysningen. F\u00f8rerhuset har interi\u00f8rdetaljer og kontrollerbar innvendig belysning. Lastekranen kan svinges ved hjelp av en motor og kan kontrolleres digitalt. Lengde over buffere er 13,4 cm.<\/p>\n<p>Et passende godstogsett til denne modellen kan finnes under varenummer 46307. Dette produktet er utviklet i samarbeid med Viessmann Modelltechnik GmbH.<\/p>\n<p>Enten du er en erfaren entusiast eller en nybegynner innen modelljernbanebygging, gir Gauge H0 &#8211; ROBEL Powered Track Car deg en unik og spennende byggeopplevelse. Ikke vent, start ditt modelljernbaneeventyr i dag. <strong>Book nu!<\/strong><\/p>\n<\/div>\n<\/div>","protected":false},"excerpt":{"rendered":"<p>Oppdag Gauge H0 &#8211; ROBEL Powered Track Car, et autentisk modelljernbanebyggesett med digitalt kontrollert lastekran og full lydfunksjon. Perfekt for b\u00e5de nybegynnere og erfarne entusiaster.<\/p>","protected":false},"featured_media":7814,"comment_status":"open","ping_status":"closed","template":"","meta":[],"product_brand":[107],"product_cat":[114,72],"product_tag":[],"class_list":{"0":"post-7815","1":"product","2":"type-product","3":"status-publish","4":"has-post-thumbnail","6":"product_brand-marklin","7":"product_cat-locomotives","8":"product_cat-marklin-h0-originalen","10":"first","11":"outofstock","12":"taxable","13":"shipping-taxable","14":"purchasable","15":"product-type-simple"},"_links":{"self":[{"href":"https:\/\/bigfunhobby.com\/da\/wp-json\/wp\/v2\/product\/7815","targetHints":{"allow":["GET"]}}],"collection":[{"href":"https:\/\/bigfunhobby.com\/da\/wp-json\/wp\/v2\/product"}],"about":[{"href":"https:\/\/bigfunhobby.com\/da\/wp-json\/wp\/v2\/types\/product"}],"replies":[{"embeddable":true,"href":"https:\/\/bigfunhobby.com\/da\/wp-json\/wp\/v2\/comments?post=7815"}],"wp:featuredmedia":[{"embeddable":true,"href":"https:\/\/bigfunhobby.com\/da\/wp-json\/wp\/v2\/media\/7814"}],"wp:attachment":[{"href":"https:\/\/bigfunhobby.com\/da\/wp-json\/wp\/v2\/media?parent=7815"}],"wp:term":[{"taxonomy":"product_brand","embeddable":true,"href":"https:\/\/bigfunhobby.com\/da\/wp-json\/wp\/v2\/product_brand?post=7815"},{"taxonomy":"product_cat","embeddable":true,"href":"https:\/\/bigfunhobby.com\/da\/wp-json\/wp\/v2\/product_cat?post=7815"},{"taxonomy":"product_tag","embeddable":true,"href":"https:\/\/bigfunhobby.com\/da\/wp-json\/wp\/v2\/product_tag?post=7815"}],"curies":[{"name":"wp","href":"https:\/\/api.w.org\/{rel}","templated":true}]}}