{"id":7817,"date":"2025-03-08T17:13:14","date_gmt":"2025-03-08T17:13:14","guid":{"rendered":"https:\/\/bigfunhobby.com\/butikk\/gauge-h0-article-no-39714-ice-4-class-412-812-powered-railcar-train\/"},"modified":"2025-12-04T10:59:16","modified_gmt":"2025-12-04T08:59:16","slug":"sporvidde-h0-varenr-39714-ice-4-klasse-412-812-motorvognstog","status":"publish","type":"product","link":"https:\/\/bigfunhobby.com\/da\/butikk\/gauge-h0-article-no-39714-ice-4-class-412-812-powered-railcar-train\/","title":{"rendered":"Sporvidde H0 - Artikel nr. 39714 ICE 4 klasse 412\/812 motorvognstog"},"content":{"rendered":"<p>Oplev gl\u00e6den ved modeljernbaner med det helt nye s\u00e6t Gauge H0 - ICE 4 Klass 412\/812 Driving Train. Dette skalamodeltog er en n\u00f8jagtig gengivelse af det tyske h\u00f8jhastighedstog ICE 4, som det s\u00e5 ud i 2019 p\u00e5 ruten M\u00fcnchen Hovedbaneg\u00e5rd - W\u00fcrzburg Hovedbaneg\u00e5rd - Fulda - Hamborg-Altona.<\/p>\n<h2 class='hdl-2 bottom-10'>H\u00f8jdepunkterne<\/h2>\n<ul class='list-style-disc'>\n<li>Helt nyt v\u00e6rkt\u00f8j.<\/li>\n<li>Fabriksmonteret indvendig LED-belysning.<\/li>\n<li>Forskellige lysscenarier for indend\u00f8rs belysning kan styres digitalt.<\/li>\n<li>Str\u00f8maftagerne p\u00e5 servicevognen kan h\u00e6ves og s\u00e6nkes separat som en digital funktion.<\/li>\n<li>'World of Operation' mfx+-dekoder med omfattende lys- og lydfunktioner.<\/li>\n<li>Det grundl\u00e6ggende femdelte tog kan udvides med et tredelt add-on-s\u00e6t og en ekstra mellemvogn.<\/li>\n<\/ul>\n<p>Modellen er i skala 1:87 og har omfattende lyd- og lysfunktioner, der giver en autentisk modeljernbaneoplevelse. Den har ogs\u00e5 kontrolleret h\u00f8jeffektiv fremdrift med svinghjul, centralt monteret i spisevognen, og alle fire aksler i begge bogier drives ved hj\u00e6lp af kardanaksler. Modellen har ogs\u00e5 fabriksmonteret indvendig belysning, forskellige farvescenarier for den indvendige belysning, som kan styres digitalt, og vedligeholdelsesfri varmhvid og forskelligfarvet LED-belysning.<\/p>\n<p>Den femdelte grundmodel kan udvides med et tredelt add-on-s\u00e6t og en ekstra mellemvogn for at f\u00e5 endnu mere sjov med modeljernbanen. Du kan ogs\u00e5 finde grundversionen til ICE 4-h\u00f8jhastighedstog i en j\u00e6vnstr\u00f8msversion i Trix H0-serien under varenummer 22971.<\/p>\n<p>Sporvidde H0 - ICE 4 Klass 412\/812 Traction Train er en fantastisk tilf\u00f8jelse til enhver modeljernbanesamling og en god m\u00e5de at udforske modelbygningens verden p\u00e5. Bestil dit s\u00e6t i dag, og tr\u00e6d ind i modeljernbanens fascinerende verden.<\/p>","protected":false},"excerpt":{"rendered":"<p>Oplev sp\u00e6ndingen ved modeljernbaner med Gauge H0 - ICE 4 Class 412\/812 Driving Train. Med helt nyt v\u00e6rkt\u00f8j, indvendig LED-belysning og omfattende lys- og lydfunktioner er dette s\u00e6t perfekt til b\u00e5de begyndere og erfarne entusiaster.<\/p>","protected":false},"featured_media":7816,"comment_status":"open","ping_status":"closed","template":"","meta":[],"product_brand":[107],"product_cat":[114,72],"product_tag":[],"class_list":{"0":"post-7817","1":"product","2":"type-product","3":"status-publish","4":"has-post-thumbnail","6":"product_brand-marklin","7":"product_cat-locomotives","8":"product_cat-marklin-h0-originalen","10":"first","11":"outofstock","12":"taxable","13":"shipping-taxable","14":"purchasable","15":"product-type-simple"},"_links":{"self":[{"href":"https:\/\/bigfunhobby.com\/da\/wp-json\/wp\/v2\/product\/7817","targetHints":{"allow":["GET"]}}],"collection":[{"href":"https:\/\/bigfunhobby.com\/da\/wp-json\/wp\/v2\/product"}],"about":[{"href":"https:\/\/bigfunhobby.com\/da\/wp-json\/wp\/v2\/types\/product"}],"replies":[{"embeddable":true,"href":"https:\/\/bigfunhobby.com\/da\/wp-json\/wp\/v2\/comments?post=7817"}],"wp:featuredmedia":[{"embeddable":true,"href":"https:\/\/bigfunhobby.com\/da\/wp-json\/wp\/v2\/media\/7816"}],"wp:attachment":[{"href":"https:\/\/bigfunhobby.com\/da\/wp-json\/wp\/v2\/media?parent=7817"}],"wp:term":[{"taxonomy":"product_brand","embeddable":true,"href":"https:\/\/bigfunhobby.com\/da\/wp-json\/wp\/v2\/product_brand?post=7817"},{"taxonomy":"product_cat","embeddable":true,"href":"https:\/\/bigfunhobby.com\/da\/wp-json\/wp\/v2\/product_cat?post=7817"},{"taxonomy":"product_tag","embeddable":true,"href":"https:\/\/bigfunhobby.com\/da\/wp-json\/wp\/v2\/product_tag?post=7817"}],"curies":[{"name":"wp","href":"https:\/\/api.w.org\/{rel}","templated":true}]}}