{"id":7819,"date":"2025-03-08T17:13:14","date_gmt":"2025-03-08T17:13:14","guid":{"rendered":"https:\/\/bigfunhobby.com\/butikk\/gauge-h0-article-no-39754-class-75-4-steam-locomotive\/"},"modified":"2025-12-04T10:59:16","modified_gmt":"2025-12-04T08:59:16","slug":"sporvidde-h0-varenr-39754-klasse-75-4-damplokomotiv","status":"publish","type":"product","link":"https:\/\/bigfunhobby.com\/da\/butikk\/gauge-h0-article-no-39754-class-75-4-steam-locomotive\/","title":{"rendered":"Sporvidde H0 - Artikel nr. 39754 Damplokomotiv klasse 75.4"},"content":{"rendered":"<p><strong>Introduktion:<\/strong> L\u00e6r vores sporvidde H0 at kende - varenr. 39754 Damplokomotiv klasse 75.4. Dette er en modeljernbane af damplokomotivet klasse 75.4, der er kendt for sin detaljerede metalkonstruktion og rige lydfunktioner. Denne skalamodel er den perfekte tilf\u00f8jelse til enhver modeljernbaneentusiasts samling.<\/p>\n<p><strong>Specifikationer:<\/strong> Modellen har en mfx+ digital dekoder med omfattende lydfunktioner. Den har ogs\u00e5 kontrolleret h\u00f8jeffektiv fremdrift med et svinghjul monteret i kedlen. Tre aksler er drevet, og modellen har ogs\u00e5 vejgrebsd\u00e6k. Modellen af dette damplokomotiv er hovedsageligt lavet af metal.<\/p>\n<p><strong>Materialer:<\/strong> Modellen er hovedsageligt lavet af metal og har mange separat p\u00e5satte metalh\u00e5ndtag og -linjer. De dobbelte forlygter skifter med k\u00f8rselsretningen, fungerer i konventionel drift og kan styres digitalt. Modellen har vedligeholdelsesfri varmhvide LED'er til belysning.<\/p>\n<p><strong>Historie:<\/strong> Dette er en tro kopi af de tyske statsbaners (DB) damplokomotiv klasse 75.4 (tidligere Baden VI c). Versionen er med dobbelte forlygter, r\u00f8gsluse med centrall\u00e5s og nittede vandtanke. Modellen ser ud, som den gjorde omkring 1953. <\/p>\n<p><strong>Konklusion:<\/strong> Modeljernbanebyggeri er en givende og kreativ hobby, som b\u00e5de voksne og b\u00f8rn kan have gl\u00e6de af. Uanset om du er en erfaren modelbygger eller en nybegynder, vil du finde gl\u00e6de ved at bygge og vise denne imponerende model. Hvis du er klar til at tage din modeljernbane til det n\u00e6ste niveau, s\u00e5 bestil dit Gauge H0 - varenr. 39754 klasse 75.4 damplokomotiv i dag.<\/p>","protected":false},"excerpt":{"rendered":"<p>Dette er en modeljernbane i skala H0 af damplokomotivet klasse 75.4, der er kendt for sin detaljerede metalkonstruktion og fyldige lyd. Ideel til b\u00e5de begyndere og erfarne modelbyggere.<\/p>","protected":false},"featured_media":7818,"comment_status":"open","ping_status":"closed","template":"","meta":[],"product_brand":[107],"product_cat":[114,72],"product_tag":[],"class_list":{"0":"post-7819","1":"product","2":"type-product","3":"status-publish","4":"has-post-thumbnail","6":"product_brand-marklin","7":"product_cat-locomotives","8":"product_cat-marklin-h0-originalen","10":"first","11":"outofstock","12":"taxable","13":"shipping-taxable","14":"purchasable","15":"product-type-simple"},"_links":{"self":[{"href":"https:\/\/bigfunhobby.com\/da\/wp-json\/wp\/v2\/product\/7819","targetHints":{"allow":["GET"]}}],"collection":[{"href":"https:\/\/bigfunhobby.com\/da\/wp-json\/wp\/v2\/product"}],"about":[{"href":"https:\/\/bigfunhobby.com\/da\/wp-json\/wp\/v2\/types\/product"}],"replies":[{"embeddable":true,"href":"https:\/\/bigfunhobby.com\/da\/wp-json\/wp\/v2\/comments?post=7819"}],"wp:featuredmedia":[{"embeddable":true,"href":"https:\/\/bigfunhobby.com\/da\/wp-json\/wp\/v2\/media\/7818"}],"wp:attachment":[{"href":"https:\/\/bigfunhobby.com\/da\/wp-json\/wp\/v2\/media?parent=7819"}],"wp:term":[{"taxonomy":"product_brand","embeddable":true,"href":"https:\/\/bigfunhobby.com\/da\/wp-json\/wp\/v2\/product_brand?post=7819"},{"taxonomy":"product_cat","embeddable":true,"href":"https:\/\/bigfunhobby.com\/da\/wp-json\/wp\/v2\/product_cat?post=7819"},{"taxonomy":"product_tag","embeddable":true,"href":"https:\/\/bigfunhobby.com\/da\/wp-json\/wp\/v2\/product_tag?post=7819"}],"curies":[{"name":"wp","href":"https:\/\/api.w.org\/{rel}","templated":true}]}}