{"id":7825,"date":"2025-03-08T17:13:16","date_gmt":"2025-03-08T17:13:16","guid":{"rendered":"https:\/\/bigfunhobby.com\/butikk\/marklin-cl-44-steam-loco-marklineum\/"},"modified":"2025-12-04T10:59:16","modified_gmt":"2025-12-04T08:59:16","slug":"marklin-cl-44-damplokomotiv-marklineum","status":"publish","type":"product","link":"https:\/\/bigfunhobby.com\/da\/butikk\/marklin-cl-44-steam-loco-marklineum\/","title":{"rendered":"M\u00e4rklin - Cl 44 damplokomotiv, M\u00e4rklineum"},"content":{"rendered":"<p>Udforsk damplokomotivernes historie og mekanik med M\u00e4rklin Cl 44-damplokomotivmodellen. Denne detaljerede model giver dig en autentisk oplevelse af at bygge og k\u00f8re et klassisk tysk godslokomotiv.<\/p>\n<p><strong>Produktbeskrivelse:<\/strong><\/p>\n<ul>\n<li>Denne skalamodel er en tro gengivelse af den tyske forbundsjernbanes (DB) tunge damplokomotiv, klasse 44, med en standard 2'2'T34 olietender. <\/li>\n<li>Modellen er hovedsageligt konstrueret i metal, hvilket giver den et autentisk udseende og en robust fornemmelse. <\/li>\n<li>Den har en mfx+ digital dekoder og omfattende lydfunktioner, der giver en realistisk k\u00f8reoplevelse. <\/li>\n<li>Modellen har drev p\u00e5 5 aksler samt et h\u00f8jeffektivt drev med svinghjul monteret i kedlen. <\/li>\n<li>Den har ogs\u00e5 tre forlygter, der kan skifte med k\u00f8rselsretningen, kabinebelysning, der kan styres separat digitalt, og vedligeholdelsesfri varmhvide LED-lys.<\/li>\n<li>Der kan installeres en r\u00f8genhed i modellen for ekstra realisme. <\/li>\n<\/ul>\n<p><strong>Historisk baggrund:<\/strong><\/p>\n<p>Dette damplokomotiv med vejnummer 44 1315 var i drift helt til slutningen af DB's damplokomotivdrift og trak hovedsageligt tunge malmtog i Emsland-omr\u00e5det. Selv p\u00e5 den sidste dag i DB's damplokomotivdrift, den 26. oktober 1977, beviste det sin styrke ved at tr\u00e6kke et af de ber\u00f8mte malmtog p\u00e5 4000 ton. I dag er det restaurerede lokomotiv en af hovedattraktionerne p\u00e5 M\u00e4rklineum i G\u00f6ppingen, Tyskland.<\/p>\n<p><strong>Ekstra godbidder:<\/strong><\/p>\n<p>For at give dig en endnu dybere forst\u00e5else og p\u00e5sk\u00f8nnelse af denne model indeholder den en dvd, der viser historien om dette damplokomotiv samt dets transport til M\u00e4rklineum og efterf\u00f8lgende restaurering.<\/p>\n<p>Uanset om du er en erfaren modelbygger eller en nybegynder, vil denne model give dig timevis af byggesjov og en autentisk modeljernbaneoplevelse. Start din modeljernbanerejse i dag med M\u00e4rklin Cl 44-damplokomotivmodellen. <strong>Book nu!<\/strong><\/p>","protected":false},"excerpt":{"rendered":"<p>Denne model af M\u00e4rklin Cl 44-damplokomotivet er en autentisk og detaljeret skalamodel af det historiske tyske godslokomotiv, perfekt til b\u00e5de begyndere og erfarne modeljernbaneentusiaster.<\/p>","protected":false},"featured_media":7824,"comment_status":"open","ping_status":"closed","template":"","meta":[],"product_brand":[107],"product_cat":[114,72],"product_tag":[],"class_list":{"0":"post-7825","1":"product","2":"type-product","3":"status-publish","4":"has-post-thumbnail","6":"product_brand-marklin","7":"product_cat-locomotives","8":"product_cat-marklin-h0-originalen","10":"first","11":"outofstock","12":"taxable","13":"shipping-taxable","14":"purchasable","15":"product-type-simple"},"_links":{"self":[{"href":"https:\/\/bigfunhobby.com\/da\/wp-json\/wp\/v2\/product\/7825","targetHints":{"allow":["GET"]}}],"collection":[{"href":"https:\/\/bigfunhobby.com\/da\/wp-json\/wp\/v2\/product"}],"about":[{"href":"https:\/\/bigfunhobby.com\/da\/wp-json\/wp\/v2\/types\/product"}],"replies":[{"embeddable":true,"href":"https:\/\/bigfunhobby.com\/da\/wp-json\/wp\/v2\/comments?post=7825"}],"wp:featuredmedia":[{"embeddable":true,"href":"https:\/\/bigfunhobby.com\/da\/wp-json\/wp\/v2\/media\/7824"}],"wp:attachment":[{"href":"https:\/\/bigfunhobby.com\/da\/wp-json\/wp\/v2\/media?parent=7825"}],"wp:term":[{"taxonomy":"product_brand","embeddable":true,"href":"https:\/\/bigfunhobby.com\/da\/wp-json\/wp\/v2\/product_brand?post=7825"},{"taxonomy":"product_cat","embeddable":true,"href":"https:\/\/bigfunhobby.com\/da\/wp-json\/wp\/v2\/product_cat?post=7825"},{"taxonomy":"product_tag","embeddable":true,"href":"https:\/\/bigfunhobby.com\/da\/wp-json\/wp\/v2\/product_tag?post=7825"}],"curies":[{"name":"wp","href":"https:\/\/api.w.org\/{rel}","templated":true}]}}