{"id":7833,"date":"2025-03-08T17:13:19","date_gmt":"2025-03-08T17:13:19","guid":{"rendered":"https:\/\/bigfunhobby.com\/butikk\/marklin-class-254-electric-locomotive\/"},"modified":"2025-12-04T10:59:16","modified_gmt":"2025-12-04T08:59:16","slug":"marklin-klasse-254-elektrisk-lokomotiv","status":"publish","type":"product","link":"https:\/\/bigfunhobby.com\/da\/butikk\/marklin-class-254-electric-locomotive\/","title":{"rendered":"M\u00e4rklin - Elektrisk lokomotiv klasse 254"},"content":{"rendered":"<p>Oplev nostalgi og detaljer med vores M\u00e4rklin - Klasse 254 elektrisk lokomotiv. Dette er en autentisk model af de tyske statsbaners (DR\/DDR) klassiske tunge elektriske godstog. Med sin flaskegr\u00f8nne farve og sorte ramme er det et must for alle modeljernbaneentusiaster.<\/p>\n<p><strong>Specifikationer:<\/strong><\/p>\n<ul>\n<li>Lokomotivet har en mfx+ digital dekoder og omfattende lydfunktioner.<\/li>\n<li>Den har kontrolleret h\u00f8jeffektiv drift med et centralt monteret svinghjul.<\/li>\n<li>Lokomotivet har en kompositramme for bedre at kunne k\u00f8re i kurver.<\/li>\n<li>Tredobbelte forlygter og dobbelte r\u00f8de markeringslygter skifter med k\u00f8rselsretningen.<\/li>\n<li>L\u00e6ngden over bufferne er 21,4 cm.<\/li>\n<\/ul>\n<p>Modellen er designet med stor opm\u00e6rksomhed p\u00e5 detaljer, herunder separat p\u00e5satte h\u00e5ndtag, indvendige reliefdetaljer i f\u00f8rerhus og motorrum samt bremser\u00f8r og imiterede koblinger, der kan monteres p\u00e5 lokomotivet.<\/p>\n<p>For dem, der \u00f8nsker at udvide deres samling, tilbyder vi et moderne godstogss\u00e6t, som passer perfekt til dette lokomotiv, under varenummer 24123. Desuden findes der en j\u00e6vnstr\u00f8msversion af denne model i Trix H0-serien under varenummer 25991.<\/p>\n<p>Uanset om du er en erfaren modelbygger eller en nybegynder, vil denne model v\u00e6re en fantastisk tilf\u00f8jelse til din samling. Vent ikke, bestil M\u00e4rklin - Class 254 Electric Locomotive nu, og tag din modeljernbane til et nyt niveau af realisme.<\/p>","protected":false},"excerpt":{"rendered":"<p>M\u00e4rklin - Class 254 Electric Locomotive er en autentisk model af de tyske statsbaners (DR\/GDR) klassiske tunge elektriske godstog fra 1989. Perfekt til modeljernbaneentusiaster.<\/p>","protected":false},"featured_media":7832,"comment_status":"open","ping_status":"closed","template":"","meta":[],"product_brand":[107],"product_cat":[114,72],"product_tag":[],"class_list":{"0":"post-7833","1":"product","2":"type-product","3":"status-publish","4":"has-post-thumbnail","6":"product_brand-marklin","7":"product_cat-locomotives","8":"product_cat-marklin-h0-originalen","10":"first","11":"instock","12":"taxable","13":"shipping-taxable","14":"purchasable","15":"product-type-simple"},"_links":{"self":[{"href":"https:\/\/bigfunhobby.com\/da\/wp-json\/wp\/v2\/product\/7833","targetHints":{"allow":["GET"]}}],"collection":[{"href":"https:\/\/bigfunhobby.com\/da\/wp-json\/wp\/v2\/product"}],"about":[{"href":"https:\/\/bigfunhobby.com\/da\/wp-json\/wp\/v2\/types\/product"}],"replies":[{"embeddable":true,"href":"https:\/\/bigfunhobby.com\/da\/wp-json\/wp\/v2\/comments?post=7833"}],"wp:featuredmedia":[{"embeddable":true,"href":"https:\/\/bigfunhobby.com\/da\/wp-json\/wp\/v2\/media\/7832"}],"wp:attachment":[{"href":"https:\/\/bigfunhobby.com\/da\/wp-json\/wp\/v2\/media?parent=7833"}],"wp:term":[{"taxonomy":"product_brand","embeddable":true,"href":"https:\/\/bigfunhobby.com\/da\/wp-json\/wp\/v2\/product_brand?post=7833"},{"taxonomy":"product_cat","embeddable":true,"href":"https:\/\/bigfunhobby.com\/da\/wp-json\/wp\/v2\/product_cat?post=7833"},{"taxonomy":"product_tag","embeddable":true,"href":"https:\/\/bigfunhobby.com\/da\/wp-json\/wp\/v2\/product_tag?post=7833"}],"curies":[{"name":"wp","href":"https:\/\/api.w.org\/{rel}","templated":true}]}}